{"id":7433,"date":"2015-04-23T10:43:54","date_gmt":"2015-04-23T07:43:54","guid":{"rendered":"https:\/\/www.nordicebv.info\/projektiryhmat\/"},"modified":"2025-10-03T12:31:42","modified_gmt":"2025-10-03T09:31:42","slug":"projektiryhmat","status":"publish","type":"page","link":"https:\/\/nordicebv.info\/fi\/nav\/projektiryhmat\/","title":{"rendered":"Projektiryhm\u00e4t"},"content":{"rendered":"<h3>Genomic prediction and blending<\/h3>\n<p><strong>Projektity\u00f6ntekij\u00e4t:<br \/>\n<\/strong>Trine Andersen, Seges Innovation<br \/>\nMinna Koivula, Ismo Stranden, Hongding Gao, LUKE Natural Resources Institute Finland<br \/>\nJukka P\u00f6s\u00f6, Faba osk.<strong><br \/>\n<\/strong><\/p>\n<p><strong>Projektin muut j\u00e4senet:<\/strong><br \/>\nTimo Pitk\u00e4nen, Matti Taskinen, Martin Lidauer, LUKE Natural Resources Institute Finland<br \/>\nOle Christensen, Emre Karaman, Aarhus University, Center for Quantitative Genetics and Genomics<br \/>\nKevin Byskov, Seges Innovation<br \/>\nAndrei Kudinov ja Elisenda Rius-Vilarrasa, V\u00e4xa Sverige<\/p>\n<h3>Pure beef breed project<\/h3>\n<p><strong>Projektity\u00f6ntekij\u00e4t:<\/strong><br \/>\nElisenda Rius-Vilarrasa, V\u00e4xa Sverige<\/p>\n<p><strong>Projektin muut j\u00e4senet:<\/strong><br \/>\nKevin Byskov, Seges Innovation<br \/>\nKaisa Sirkko ja Jukka P\u00f6s\u00f6, Faba osk.<\/p>\n<h3>Mastitis Eurogenomic harmonisation<\/h3>\n<p><strong>Projektity\u00f6ntekij\u00e4t:<br \/>\n<\/strong>Tiina Ikonen, LUKE Natural Resources Institute Finland<br \/>\nJukka P\u00f6s\u00f6, Faba osk.<\/p>\n<p><strong>Projektin muut j\u00e4senet:<\/strong><br \/>\nKevin Byskov, Seges Innovation<br \/>\nAndrei Kudinov, V\u00e4xa Sverige<\/p>\n","protected":false},"excerpt":{"rendered":"<p>Genomic prediction and blending Projektity\u00f6ntekij\u00e4t: Trine Andersen, Seges Innovation Minna Koivula, Ismo Stranden, Hongding Gao, LUKE Natural Resources Institute Finland Jukka P\u00f6s\u00f6, Faba osk. Projektin muut j\u00e4senet: Timo Pitk\u00e4nen, Matti Taskinen, Martin Lidauer, LUKE Natural Resources Institute Finland Ole Christensen, Emre Karaman, Aarhus University, Center for Quantitative Genetics and Genomics Kevin Byskov, Seges Innovation Andrei &#8230; <a title=\"Projektiryhm\u00e4t\" class=\"read-more\" href=\"https:\/\/nordicebv.info\/fi\/nav\/projektiryhmat\/\" aria-label=\"Lue lis\u00e4\u00e4 aiheesta Projektiryhm\u00e4t\">Lue lis\u00e4\u00e4<\/a><\/p>\n","protected":false},"author":6,"featured_media":0,"parent":7213,"menu_order":0,"comment_status":"closed","ping_status":"closed","template":"","meta":{"_exactmetrics_skip_tracking":false,"_exactmetrics_sitenote_active":false,"_exactmetrics_sitenote_note":"","_exactmetrics_sitenote_category":0,"footnotes":""},"class_list":["post-7433","page","type-page","status-publish"],"aioseo_notices":[],"_links":{"self":[{"href":"https:\/\/nordicebv.info\/fi\/wp-json\/wp\/v2\/pages\/7433","targetHints":{"allow":["GET"]}}],"collection":[{"href":"https:\/\/nordicebv.info\/fi\/wp-json\/wp\/v2\/pages"}],"about":[{"href":"https:\/\/nordicebv.info\/fi\/wp-json\/wp\/v2\/types\/page"}],"author":[{"embeddable":true,"href":"https:\/\/nordicebv.info\/fi\/wp-json\/wp\/v2\/users\/6"}],"replies":[{"embeddable":true,"href":"https:\/\/nordicebv.info\/fi\/wp-json\/wp\/v2\/comments?post=7433"}],"version-history":[{"count":5,"href":"https:\/\/nordicebv.info\/fi\/wp-json\/wp\/v2\/pages\/7433\/revisions"}],"predecessor-version":[{"id":22597,"href":"https:\/\/nordicebv.info\/fi\/wp-json\/wp\/v2\/pages\/7433\/revisions\/22597"}],"up":[{"embeddable":true,"href":"https:\/\/nordicebv.info\/fi\/wp-json\/wp\/v2\/pages\/7213"}],"wp:attachment":[{"href":"https:\/\/nordicebv.info\/fi\/wp-json\/wp\/v2\/media?parent=7433"}],"curies":[{"name":"wp","href":"https:\/\/api.w.org\/{rel}","templated":true}]}}