{"id":7429,"date":"2015-04-23T10:43:33","date_gmt":"2015-04-23T07:43:33","guid":{"rendered":"https:\/\/www.nordicebv.info\/tekninen-ryhma\/"},"modified":"2026-03-06T11:25:04","modified_gmt":"2026-03-06T09:25:04","slug":"tekninen-ryhma","status":"publish","type":"page","link":"https:\/\/nordicebv.info\/fi\/nav\/tekninen-ryhma\/","title":{"rendered":"Tekninen ryhm\u00e4"},"content":{"rendered":"<p>Tekninen ryhm\u00e4 kehitt\u00e4\u00e4 ja toteuttaa jalostusarvostelua.<\/p>\n<p><strong>J\u00e4senet:<\/strong><\/p>\n<p>Kevin Byskov<br \/>\nSeges Innovation, Agro Food Park 15, Skejby, DK-8200 \u00c5rhus N<br \/>\nPuh.: +45 2662 1307<br \/>\nS\u00e4hk\u00f6posti: kvb@seges.dk<\/p>\n<p>Elisenda Rius-Vilarrasa<br \/>\nV\u00e4xa Sverige, Box 288, S-75105 Uppsala<br \/>\nS\u00e4hk\u00f6posti: elisenda.rius-vilarrasa@vxa.se<\/p>\n<p>Jukka P\u00f6s\u00f6<br \/>\nFaba, PL 40, 01301 Vantaa<br \/>\nPuh: 0400 614035<br \/>\nS\u00e4hk\u00f6posti: jukka.poso@faba.fi<\/p>\n","protected":false},"excerpt":{"rendered":"<p>Tekninen ryhm\u00e4 kehitt\u00e4\u00e4 ja toteuttaa jalostusarvostelua. J\u00e4senet: Kevin Byskov Seges Innovation, Agro Food Park 15, Skejby, DK-8200 \u00c5rhus N Puh.: +45 2662 1307 S\u00e4hk\u00f6posti: kvb@seges.dk Elisenda Rius-Vilarrasa V\u00e4xa Sverige, Box 288, S-75105 Uppsala S\u00e4hk\u00f6posti: elisenda.rius-vilarrasa@vxa.se Jukka P\u00f6s\u00f6 Faba, PL 40, 01301 Vantaa Puh: 0400 614035 S\u00e4hk\u00f6posti: jukka.poso@faba.fi<\/p>\n","protected":false},"author":6,"featured_media":0,"parent":7213,"menu_order":0,"comment_status":"closed","ping_status":"closed","template":"","meta":{"_exactmetrics_skip_tracking":false,"_exactmetrics_sitenote_active":false,"_exactmetrics_sitenote_note":"","_exactmetrics_sitenote_category":0,"footnotes":""},"class_list":["post-7429","page","type-page","status-publish"],"aioseo_notices":[],"_links":{"self":[{"href":"https:\/\/nordicebv.info\/fi\/wp-json\/wp\/v2\/pages\/7429","targetHints":{"allow":["GET"]}}],"collection":[{"href":"https:\/\/nordicebv.info\/fi\/wp-json\/wp\/v2\/pages"}],"about":[{"href":"https:\/\/nordicebv.info\/fi\/wp-json\/wp\/v2\/types\/page"}],"author":[{"embeddable":true,"href":"https:\/\/nordicebv.info\/fi\/wp-json\/wp\/v2\/users\/6"}],"replies":[{"embeddable":true,"href":"https:\/\/nordicebv.info\/fi\/wp-json\/wp\/v2\/comments?post=7429"}],"version-history":[{"count":7,"href":"https:\/\/nordicebv.info\/fi\/wp-json\/wp\/v2\/pages\/7429\/revisions"}],"predecessor-version":[{"id":24511,"href":"https:\/\/nordicebv.info\/fi\/wp-json\/wp\/v2\/pages\/7429\/revisions\/24511"}],"up":[{"embeddable":true,"href":"https:\/\/nordicebv.info\/fi\/wp-json\/wp\/v2\/pages\/7213"}],"wp:attachment":[{"href":"https:\/\/nordicebv.info\/fi\/wp-json\/wp\/v2\/media?parent=7429"}],"curies":[{"name":"wp","href":"https:\/\/api.w.org\/{rel}","templated":true}]}}