{"id":7425,"date":"2015-04-23T10:42:56","date_gmt":"2015-04-23T07:42:56","guid":{"rendered":"https:\/\/www.nordicebv.info\/hallitus\/"},"modified":"2025-09-10T13:30:39","modified_gmt":"2025-09-10T10:30:39","slug":"hallitus","status":"publish","type":"page","link":"https:\/\/nordicebv.info\/fi\/nav\/hallitus\/","title":{"rendered":"Hallitus"},"content":{"rendered":"<p>NAV:n hallitus koostuu 6 j\u00e4senest\u00e4, jotka edustavat karjanomistajia ja j\u00e4senorganisaatioita kaikista kolmesta maasta.<\/p>\n<p><strong>Puheenjohtaja:<\/strong><\/p>\n<p>Anders Levring<br \/>\n\u00c5sbjergvej 17, DK \u2013 8585 Glesborg<br \/>\nPuhelin: +45 86 31 78 14<br \/>\nMatkapuhelin: +45 40 71 78 14<br \/>\nS\u00e4hk\u00f6posti: <a href=\"mailto:hagenbjerg@gmail.com\">hagenbjerg@gmail.com<\/a><\/p>\n<p><strong>Varapuheenjohtaja:<\/strong><\/p>\n<p>Anna Samuelsson<br \/>\n\u00d6 Kalset V\u00e4sterg\u00e5rd 1, 333 93 Skeppshult<br \/>\nMatkapuhelin: +46 707 45 09 47<br \/>\nS\u00e4hk\u00f6posti: <a href=\"mailto:anna.samuelsson@vxa.se\">anna.samuelsson@vxa.se<\/a><\/p>\n<p><strong>Hallituksen j\u00e4senet:<\/strong><\/p>\n<p>Anna Lappalainen<br \/>\nToivalantie 44 SF-70900 Toivala<br \/>\nPuhelin: +358 17 465 1027<br \/>\nMatkapuhelin: +358 40 522 3140<br \/>\nS\u00e4hk\u00f6posti: anna.lappalainen@dnainternet.net<\/p>\n<p>Fredrik von Unge<br \/>\nV\u00e4xa Sverige, Box 30204 , 104 25 Stockholm<br \/>\nPuhelin: +46 (0)104 71 06 65<br \/>\nMatkapuhelin: +46 (0)702 98 11 95<br \/>\nS\u00e4hk\u00f6posti: <a href=\"mailto:Fredrik.VonUnge@vxa.se\">fredrik.vonunge@vxa.se<\/a><\/p>\n<p>Ilkka Pohjamo<br \/>\nFaba co-op, P.O.Box 40, FIN-01301 Vantaa<br \/>\nMatkapuhelin: +358 50 398 4326<br \/>\nS\u00e4hk\u00f6posti: ilkka.pohjamo@faba.fi<\/p>\n<p>Ida M.L.D. Storm<br \/>\nLandbrug &amp; F\u00f8devarer F.m.b.A. Agro Food Park 15, DK 8200 Aarhus N<br \/>\nMatkapuhelin: +45 5167 1558<br \/>\nS\u00e4hk\u00f6posti: ims@ls.dk<\/p>\n","protected":false},"excerpt":{"rendered":"<p>NAV:n hallitus koostuu 6 j\u00e4senest\u00e4, jotka edustavat karjanomistajia ja j\u00e4senorganisaatioita kaikista kolmesta maasta. Puheenjohtaja: Anders Levring \u00c5sbjergvej 17, DK \u2013 8585 Glesborg Puhelin: +45 86 31 78 14 Matkapuhelin: +45 40 71 78 14 S\u00e4hk\u00f6posti: hagenbjerg@gmail.com Varapuheenjohtaja: Anna Samuelsson \u00d6 Kalset V\u00e4sterg\u00e5rd 1, 333 93 Skeppshult Matkapuhelin: +46 707 45 09 47 S\u00e4hk\u00f6posti: anna.samuelsson@vxa.se Hallituksen &#8230; <a title=\"Hallitus\" class=\"read-more\" href=\"https:\/\/nordicebv.info\/fi\/nav\/hallitus\/\" aria-label=\"Lue lis\u00e4\u00e4 aiheesta Hallitus\">Lue lis\u00e4\u00e4<\/a><\/p>\n","protected":false},"author":6,"featured_media":0,"parent":7213,"menu_order":0,"comment_status":"closed","ping_status":"closed","template":"","meta":{"_exactmetrics_skip_tracking":false,"_exactmetrics_sitenote_active":false,"_exactmetrics_sitenote_note":"","_exactmetrics_sitenote_category":0,"footnotes":""},"class_list":["post-7425","page","type-page","status-publish"],"aioseo_notices":[],"_links":{"self":[{"href":"https:\/\/nordicebv.info\/fi\/wp-json\/wp\/v2\/pages\/7425","targetHints":{"allow":["GET"]}}],"collection":[{"href":"https:\/\/nordicebv.info\/fi\/wp-json\/wp\/v2\/pages"}],"about":[{"href":"https:\/\/nordicebv.info\/fi\/wp-json\/wp\/v2\/types\/page"}],"author":[{"embeddable":true,"href":"https:\/\/nordicebv.info\/fi\/wp-json\/wp\/v2\/users\/6"}],"replies":[{"embeddable":true,"href":"https:\/\/nordicebv.info\/fi\/wp-json\/wp\/v2\/comments?post=7425"}],"version-history":[{"count":13,"href":"https:\/\/nordicebv.info\/fi\/wp-json\/wp\/v2\/pages\/7425\/revisions"}],"predecessor-version":[{"id":22252,"href":"https:\/\/nordicebv.info\/fi\/wp-json\/wp\/v2\/pages\/7425\/revisions\/22252"}],"up":[{"embeddable":true,"href":"https:\/\/nordicebv.info\/fi\/wp-json\/wp\/v2\/pages\/7213"}],"wp:attachment":[{"href":"https:\/\/nordicebv.info\/fi\/wp-json\/wp\/v2\/media?parent=7425"}],"curies":[{"name":"wp","href":"https:\/\/api.w.org\/{rel}","templated":true}]}}