{"id":7421,"date":"2015-04-15T11:05:47","date_gmt":"2015-04-15T08:05:47","guid":{"rendered":"https:\/\/www.nordicebv.info\/pohjoismainen-lypsykarja\/"},"modified":"2024-04-23T13:36:37","modified_gmt":"2024-04-23T10:36:37","slug":"pohjoismainen-lypsykarja","status":"publish","type":"page","link":"https:\/\/nordicebv.info\/fi\/pohjoismainen-lypsykarja\/","title":{"rendered":"Pohjoismainen lypsykarja"},"content":{"rendered":"<p style=\"margin-bottom: 18.0pt;\"><span style=\"font-family: 'Georgia','serif'; color: #444444;\">NAV laskee jalostusarvon ennusteet lypsykarjaroduille Suomessa, Ruotsissa ja Tanskassa. Aineistossa on mukana suomalaisten, ruotsalaisten ja tanskalaisten sonnien sek\u00e4 lehmien tiedot.<\/span><\/p>\n<p style=\"margin-bottom: 18.0pt;\"><strong><span style=\"font-family: 'Georgia','serif'; color: black;\">Pohjoismaiset punaiset rodut<\/span><\/strong><span class=\"apple-converted-space\"><b><span style=\"font-family: 'Georgia','serif'; color: black;\">\u00a0<\/span><\/b><\/span><span style=\"font-family: 'Georgia','serif'; color: #444444;\"><br \/>\nPohjoismaissa on maailman suurin punaisten lypsykarjarotujen populaatio, noin 125 000 el\u00e4int\u00e4 tuotosseurannassa. Se koostuu suomalaisesta ayrsihesta (57 000), Ruotsin punaisesta rodusta (55 000) sek\u00e4 Tanskan punaisesta rodusta (23 000).<\/span><\/p>\n<p style=\"margin-bottom: 18.0pt;\"><strong><span style=\"font-family: 'Georgia','serif'; color: black;\">Holstein<\/span><\/strong><span style=\"font-family: 'Georgia','serif'; color: #444444;\"><br \/>\nHolstein on maailman ja my\u00f6s pohjoismaiden yleisin lypsykarjarotu. Tanskassa on 340 000, Ruotsissa 104 000 ja Suomessa 94 000 holsteinel\u00e4int\u00e4 tuotosseurannassa. Yhteens\u00e4 populaation koko on n. 538 000 el\u00e4int\u00e4.<\/span><\/p>\n<p style=\"margin-bottom: 18.0pt;\"><strong><span style=\"font-family: 'Georgia','serif'; color: black;\">Jersey<\/span><\/strong><span style=\"font-family: 'Georgia','serif'; color: #444444;\"><br \/>\nSuurin jersey-populaatio on Tanskassa, n. 72 000 el\u00e4int\u00e4 tuotosseurannassa. Ruotsissa on n. 2000 ja Suomessa n. tuhat jersey-lehm\u00e4\u00e4 tuotosseurannassa.<\/span><\/p>\n<p style=\"margin-bottom: 18.0pt;\"><span style=\"font-family: 'Georgia','serif'; color: #444444;\">Pohjoismaissa on my\u00f6s muita, populaatiokooltaan pienempi\u00e4 lypsykarjarotuja, esimerkiksi alkuper\u00e4isrotuja.<\/span><\/p>\n","protected":false},"excerpt":{"rendered":"<p>NAV laskee jalostusarvon ennusteet lypsykarjaroduille Suomessa, Ruotsissa ja Tanskassa. Aineistossa on mukana suomalaisten, ruotsalaisten ja tanskalaisten sonnien sek\u00e4 lehmien tiedot. Pohjoismaiset punaiset rodut\u00a0 Pohjoismaissa on maailman suurin punaisten lypsykarjarotujen populaatio, noin 125 000 el\u00e4int\u00e4 tuotosseurannassa. Se koostuu suomalaisesta ayrsihesta (57 000), Ruotsin punaisesta rodusta (55 000) sek\u00e4 Tanskan punaisesta rodusta (23 000). Holstein Holstein on &#8230; <a title=\"Pohjoismainen lypsykarja\" class=\"read-more\" href=\"https:\/\/nordicebv.info\/fi\/pohjoismainen-lypsykarja\/\" aria-label=\"Lue lis\u00e4\u00e4 aiheesta Pohjoismainen lypsykarja\">Lue lis\u00e4\u00e4<\/a><\/p>\n","protected":false},"author":6,"featured_media":0,"parent":0,"menu_order":0,"comment_status":"closed","ping_status":"closed","template":"","meta":{"_exactmetrics_skip_tracking":false,"_exactmetrics_sitenote_active":false,"_exactmetrics_sitenote_note":"","_exactmetrics_sitenote_category":0,"footnotes":""},"class_list":["post-7421","page","type-page","status-publish"],"aioseo_notices":[],"_links":{"self":[{"href":"https:\/\/nordicebv.info\/fi\/wp-json\/wp\/v2\/pages\/7421","targetHints":{"allow":["GET"]}}],"collection":[{"href":"https:\/\/nordicebv.info\/fi\/wp-json\/wp\/v2\/pages"}],"about":[{"href":"https:\/\/nordicebv.info\/fi\/wp-json\/wp\/v2\/types\/page"}],"author":[{"embeddable":true,"href":"https:\/\/nordicebv.info\/fi\/wp-json\/wp\/v2\/users\/6"}],"replies":[{"embeddable":true,"href":"https:\/\/nordicebv.info\/fi\/wp-json\/wp\/v2\/comments?post=7421"}],"version-history":[{"count":3,"href":"https:\/\/nordicebv.info\/fi\/wp-json\/wp\/v2\/pages\/7421\/revisions"}],"predecessor-version":[{"id":16861,"href":"https:\/\/nordicebv.info\/fi\/wp-json\/wp\/v2\/pages\/7421\/revisions\/16861"}],"wp:attachment":[{"href":"https:\/\/nordicebv.info\/fi\/wp-json\/wp\/v2\/media?parent=7421"}],"curies":[{"name":"wp","href":"https:\/\/api.w.org\/{rel}","templated":true}]}}