{"id":7331,"date":"2015-04-15T11:05:09","date_gmt":"2015-04-15T08:05:09","guid":{"rendered":"https:\/\/www.nordicebv.info\/tieteelliset-julkaisut\/"},"modified":"2023-10-05T14:57:34","modified_gmt":"2023-10-05T11:57:34","slug":"tieteelliset-julkaisut","status":"publish","type":"page","link":"https:\/\/nordicebv.info\/fi\/lisatietoa\/tieteelliset-julkaisut\/","title":{"rendered":"Tieteelliset julkaisut"},"content":{"rendered":"<p>Tieteelliset julkaisut l\u00f6ytyv\u00e4t englanninkielisilt\u00e4 sivuilta.<\/p>\n<p>Vaihda kieli sivun oikeasta yl\u00e4kulmasta.<\/p>\n","protected":false},"excerpt":{"rendered":"<p>Tieteelliset julkaisut l\u00f6ytyv\u00e4t englanninkielisilt\u00e4 sivuilta. Vaihda kieli sivun oikeasta yl\u00e4kulmasta.<\/p>\n","protected":false},"author":6,"featured_media":0,"parent":7241,"menu_order":0,"comment_status":"closed","ping_status":"closed","template":"","meta":{"_exactmetrics_skip_tracking":false,"_exactmetrics_sitenote_active":false,"_exactmetrics_sitenote_note":"","_exactmetrics_sitenote_category":0,"footnotes":""},"class_list":["post-7331","page","type-page","status-publish"],"aioseo_notices":[],"_links":{"self":[{"href":"https:\/\/nordicebv.info\/fi\/wp-json\/wp\/v2\/pages\/7331","targetHints":{"allow":["GET"]}}],"collection":[{"href":"https:\/\/nordicebv.info\/fi\/wp-json\/wp\/v2\/pages"}],"about":[{"href":"https:\/\/nordicebv.info\/fi\/wp-json\/wp\/v2\/types\/page"}],"author":[{"embeddable":true,"href":"https:\/\/nordicebv.info\/fi\/wp-json\/wp\/v2\/users\/6"}],"replies":[{"embeddable":true,"href":"https:\/\/nordicebv.info\/fi\/wp-json\/wp\/v2\/comments?post=7331"}],"version-history":[{"count":1,"href":"https:\/\/nordicebv.info\/fi\/wp-json\/wp\/v2\/pages\/7331\/revisions"}],"predecessor-version":[{"id":15942,"href":"https:\/\/nordicebv.info\/fi\/wp-json\/wp\/v2\/pages\/7331\/revisions\/15942"}],"up":[{"embeddable":true,"href":"https:\/\/nordicebv.info\/fi\/wp-json\/wp\/v2\/pages\/7241"}],"wp:attachment":[{"href":"https:\/\/nordicebv.info\/fi\/wp-json\/wp\/v2\/media?parent=7331"}],"curies":[{"name":"wp","href":"https:\/\/api.w.org\/{rel}","templated":true}]}}