{"id":7241,"date":"2015-04-15T11:04:39","date_gmt":"2015-04-15T08:04:39","guid":{"rendered":"https:\/\/www.nordicebv.info\/lisatietoa\/"},"modified":"2015-04-15T11:04:39","modified_gmt":"2015-04-15T08:04:39","slug":"lisatietoa","status":"publish","type":"page","link":"https:\/\/nordicebv.info\/fi\/lisatietoa\/","title":{"rendered":"Lis\u00e4tietoa"},"content":{"rendered":"<p>[row] [span8]<\/p>\n<p>See the menu under &#8221;More info&#8221; for articles published by NAV in different magazines, scientific papers, presentations given in meetings and conferences and reports about R&#038;D projects.<\/p>\n<p>Lis\u00e4\u00e4 lehtijuttuja, julkaisuja ja raportteja\u00a0englannin kielisill\u00e4 sivuilla, joille p\u00e4\u00e4see klikkaamalla lippua sivun oikeassa yl\u00e4kulmassa.<\/p>\n<p>[\/span8] [span4]<\/p>\n<p>[\/span4] [\/row]<\/p>\n","protected":false},"excerpt":{"rendered":"<p>[row] [span8] See the menu under &#8221;More info&#8221; for articles published by NAV in different magazines, scientific papers, presentations given in meetings and conferences and reports about R&#038;D projects. Lis\u00e4\u00e4 lehtijuttuja, julkaisuja ja raportteja\u00a0englannin kielisill\u00e4 sivuilla, joille p\u00e4\u00e4see klikkaamalla lippua sivun oikeassa yl\u00e4kulmassa. [\/span8] [span4] [\/span4] [\/row]<\/p>\n","protected":false},"author":6,"featured_media":0,"parent":0,"menu_order":0,"comment_status":"closed","ping_status":"closed","template":"","meta":{"_exactmetrics_skip_tracking":false,"_exactmetrics_sitenote_active":false,"_exactmetrics_sitenote_note":"","_exactmetrics_sitenote_category":0,"footnotes":""},"class_list":["post-7241","page","type-page","status-publish"],"aioseo_notices":[],"_links":{"self":[{"href":"https:\/\/nordicebv.info\/fi\/wp-json\/wp\/v2\/pages\/7241","targetHints":{"allow":["GET"]}}],"collection":[{"href":"https:\/\/nordicebv.info\/fi\/wp-json\/wp\/v2\/pages"}],"about":[{"href":"https:\/\/nordicebv.info\/fi\/wp-json\/wp\/v2\/types\/page"}],"author":[{"embeddable":true,"href":"https:\/\/nordicebv.info\/fi\/wp-json\/wp\/v2\/users\/6"}],"replies":[{"embeddable":true,"href":"https:\/\/nordicebv.info\/fi\/wp-json\/wp\/v2\/comments?post=7241"}],"version-history":[{"count":0,"href":"https:\/\/nordicebv.info\/fi\/wp-json\/wp\/v2\/pages\/7241\/revisions"}],"wp:attachment":[{"href":"https:\/\/nordicebv.info\/fi\/wp-json\/wp\/v2\/media?parent=7241"}],"curies":[{"name":"wp","href":"https:\/\/api.w.org\/{rel}","templated":true}]}}