{"id":7236,"date":"2015-04-15T11:04:14","date_gmt":"2015-04-15T08:04:14","guid":{"rendered":"https:\/\/www.nordicebv.info\/perinnollinen-edistyminen\/"},"modified":"2020-09-30T08:26:56","modified_gmt":"2020-09-30T05:26:56","slug":"perinnollinen-edistyminen","status":"publish","type":"page","link":"https:\/\/nordicebv.info\/fi\/ntm-ja-jalostusarvot\/perinnollinen-edistyminen\/","title":{"rendered":"Perinn\u00f6llinen edistyminen"},"content":{"rendered":"<p>Perinn\u00f6llisen edistymisen kuvaajat eli trendit kertovat, miten rotu on kehittynyt vuosien varrella ja eteneek\u00f6 jalostus toivottuun suuntaan kyseisess\u00e4 ominaisuudessa. Trendit muodostetaan laskemalla jokaisen ik\u00e4luokan sonnien tai lehmien indeksien keskiarvo.<\/p>\n<p>Rotujen tasoeroja ei indekseihin perustuvista trendeist\u00e4 voi p\u00e4\u00e4tell\u00e4, sill\u00e4 indeksit standardoidaan roduittain niin ett\u00e4 3-5 vuotta aiemmin syntyneiden lehmien keskiarvo on 100. Niiss\u00e4 ominaisuuksissa, joissa jalostusarvon ennusteet lasketaan is\u00e4mallilla, vertailuryhm\u00e4n\u00e4 ovat 7-9 vuotta aiemmin syntyneet saman rodun sonnit.<\/p>\n<p><a title=\"NAV Trendit - lypsyrodut\" href=\"https:\/\/nordic.mloy.fi\/NAVTrends\" target=\"_blank\" rel=\"noopener noreferrer\"><strong>NAV Trendit &#8211; lypsykarja<\/strong><\/a> palvelusta l\u00f6yd\u00e4t pohjoismaiset perinn\u00f6llisen edistymisen trendit.<\/p>\n<p>Siell\u00e4 voi muodostaa kuvaajia perinn\u00f6llisest\u00e4 edistymisest\u00e4 NTM:n sek\u00e4 useiden erillisten ominaisuuksien suhteen. Trendej\u00e4 voi tarkastella my\u00f6s roduittain, sukupuolittain sek\u00e4 maittain (Suomi, Ruotsi, Tanska tai kaikki maat yhdess\u00e4).<\/p>\n<p>Trendisivun kuvaajia saa k\u00e4ytt\u00e4\u00e4 vapaasti, kunhan muistaa mainita l\u00e4hteen\u00e4 sivun osoitteen.<\/p>\n","protected":false},"excerpt":{"rendered":"<p>Perinn\u00f6llisen edistymisen kuvaajat eli trendit kertovat, miten rotu on kehittynyt vuosien varrella ja eteneek\u00f6 jalostus toivottuun suuntaan kyseisess\u00e4 ominaisuudessa. Trendit muodostetaan laskemalla jokaisen ik\u00e4luokan sonnien tai lehmien indeksien keskiarvo. Rotujen tasoeroja ei indekseihin perustuvista trendeist\u00e4 voi p\u00e4\u00e4tell\u00e4, sill\u00e4 indeksit standardoidaan roduittain niin ett\u00e4 3-5 vuotta aiemmin syntyneiden lehmien keskiarvo on 100. Niiss\u00e4 ominaisuuksissa, joissa jalostusarvon &#8230; <a title=\"Perinn\u00f6llinen edistyminen\" class=\"read-more\" href=\"https:\/\/nordicebv.info\/fi\/ntm-ja-jalostusarvot\/perinnollinen-edistyminen\/\" aria-label=\"Lue lis\u00e4\u00e4 aiheesta Perinn\u00f6llinen edistyminen\">Lue lis\u00e4\u00e4<\/a><\/p>\n","protected":false},"author":6,"featured_media":0,"parent":7226,"menu_order":0,"comment_status":"closed","ping_status":"closed","template":"","meta":{"_exactmetrics_skip_tracking":false,"_exactmetrics_sitenote_active":false,"_exactmetrics_sitenote_note":"","_exactmetrics_sitenote_category":0,"footnotes":""},"class_list":["post-7236","page","type-page","status-publish"],"aioseo_notices":[],"_links":{"self":[{"href":"https:\/\/nordicebv.info\/fi\/wp-json\/wp\/v2\/pages\/7236","targetHints":{"allow":["GET"]}}],"collection":[{"href":"https:\/\/nordicebv.info\/fi\/wp-json\/wp\/v2\/pages"}],"about":[{"href":"https:\/\/nordicebv.info\/fi\/wp-json\/wp\/v2\/types\/page"}],"author":[{"embeddable":true,"href":"https:\/\/nordicebv.info\/fi\/wp-json\/wp\/v2\/users\/6"}],"replies":[{"embeddable":true,"href":"https:\/\/nordicebv.info\/fi\/wp-json\/wp\/v2\/comments?post=7236"}],"version-history":[{"count":2,"href":"https:\/\/nordicebv.info\/fi\/wp-json\/wp\/v2\/pages\/7236\/revisions"}],"predecessor-version":[{"id":11638,"href":"https:\/\/nordicebv.info\/fi\/wp-json\/wp\/v2\/pages\/7236\/revisions\/11638"}],"up":[{"embeddable":true,"href":"https:\/\/nordicebv.info\/fi\/wp-json\/wp\/v2\/pages\/7226"}],"wp:attachment":[{"href":"https:\/\/nordicebv.info\/fi\/wp-json\/wp\/v2\/media?parent=7236"}],"curies":[{"name":"wp","href":"https:\/\/api.w.org\/{rel}","templated":true}]}}