{"id":7213,"date":"2015-04-14T11:45:29","date_gmt":"2015-04-14T08:45:29","guid":{"rendered":"https:\/\/www.nordicebv.info\/nav\/"},"modified":"2024-08-05T09:38:26","modified_gmt":"2024-08-05T06:38:26","slug":"nav","status":"publish","type":"page","link":"https:\/\/nordicebv.info\/fi\/nav\/","title":{"rendered":"NAV"},"content":{"rendered":"<p>Pohjoismaisen jalostusarvosteluyhdistyksen (Nordic Cattle Genetic Evaluation, NAV) tarkoitus on toteuttaa lypsy- ja lihakarjan jalostusarvostelua Suomessa, Ruotsissa ja Tanskassa pohjoismaisten karjanomistajien hy\u00f6dyksi.<\/p>\n<p>Organisaatio:<\/p>\n<p><a href=\"https:\/\/nordicebv.info\/wp-content\/uploads\/2015\/04\/NAV-organization-chart-2_FIN.jpg\"><img loading=\"lazy\" decoding=\"async\" class=\"aligncenter wp-image-7215 size-full\" src=\"https:\/\/nordicebv.info\/wp-content\/uploads\/2015\/04\/NAV-organization-chart-2_FIN.jpg\" alt=\"NAV organization chart 2_FIN\" width=\"576\" height=\"337\" srcset=\"https:\/\/nordicebv.info\/wp-content\/uploads\/2015\/04\/NAV-organization-chart-2_FIN.jpg 576w, https:\/\/nordicebv.info\/wp-content\/uploads\/2015\/04\/NAV-organization-chart-2_FIN-300x176.jpg 300w\" sizes=\"auto, (max-width: 576px) 100vw, 576px\" \/><\/a><\/p>\n<p>Yhdistys on perustettu vuonna 2002. Yhteist\u00e4 jalostusarvostelua on kehitetty siit\u00e4 l\u00e4htien. Yhteispohjoismainen lypsykarjan jalostusarvo (<a href=\"https:\/\/www.nordicebv.info\/fi\/ntm\/\">Nordic Total Merit, NTM<\/a>) on julkaistu vuodesta 2008 l\u00e4htien.<\/p>\n<p>NAVin j\u00e4senorganisaatiot ovat suomalainen <a href=\"http:\/\/www.faba.fi\/fi\" target=\"_blank\" rel=\"noopener noreferrer\">Faba<\/a>, tanskalainen <a href=\"https:\/\/lf.dk\/\">Landbrug &amp; F\u00f8devarer<\/a> ja ruotsalainen <a href=\"http:\/\/vxa.se\/\" target=\"_blank\" rel=\"noopener noreferrer\">V\u00e4xa Sverige<\/a>.<\/p>\n","protected":false},"excerpt":{"rendered":"<p>Pohjoismaisen jalostusarvosteluyhdistyksen (Nordic Cattle Genetic Evaluation, NAV) tarkoitus on toteuttaa lypsy- ja lihakarjan jalostusarvostelua Suomessa, Ruotsissa ja Tanskassa pohjoismaisten karjanomistajien hy\u00f6dyksi. Organisaatio: Yhdistys on perustettu vuonna 2002. Yhteist\u00e4 jalostusarvostelua on kehitetty siit\u00e4 l\u00e4htien. Yhteispohjoismainen lypsykarjan jalostusarvo (Nordic Total Merit, NTM) on julkaistu vuodesta 2008 l\u00e4htien. NAVin j\u00e4senorganisaatiot ovat suomalainen Faba, tanskalainen Landbrug &amp; F\u00f8devarer ja &#8230; <a title=\"NAV\" class=\"read-more\" href=\"https:\/\/nordicebv.info\/fi\/nav\/\" aria-label=\"Lue lis\u00e4\u00e4 aiheesta NAV\">Lue lis\u00e4\u00e4<\/a><\/p>\n","protected":false},"author":6,"featured_media":0,"parent":0,"menu_order":1,"comment_status":"closed","ping_status":"closed","template":"","meta":{"_exactmetrics_skip_tracking":false,"_exactmetrics_sitenote_active":false,"_exactmetrics_sitenote_note":"","_exactmetrics_sitenote_category":0,"footnotes":""},"class_list":["post-7213","page","type-page","status-publish"],"aioseo_notices":[],"_links":{"self":[{"href":"https:\/\/nordicebv.info\/fi\/wp-json\/wp\/v2\/pages\/7213","targetHints":{"allow":["GET"]}}],"collection":[{"href":"https:\/\/nordicebv.info\/fi\/wp-json\/wp\/v2\/pages"}],"about":[{"href":"https:\/\/nordicebv.info\/fi\/wp-json\/wp\/v2\/types\/page"}],"author":[{"embeddable":true,"href":"https:\/\/nordicebv.info\/fi\/wp-json\/wp\/v2\/users\/6"}],"replies":[{"embeddable":true,"href":"https:\/\/nordicebv.info\/fi\/wp-json\/wp\/v2\/comments?post=7213"}],"version-history":[{"count":6,"href":"https:\/\/nordicebv.info\/fi\/wp-json\/wp\/v2\/pages\/7213\/revisions"}],"predecessor-version":[{"id":17485,"href":"https:\/\/nordicebv.info\/fi\/wp-json\/wp\/v2\/pages\/7213\/revisions\/17485"}],"wp:attachment":[{"href":"https:\/\/nordicebv.info\/fi\/wp-json\/wp\/v2\/media?parent=7213"}],"curies":[{"name":"wp","href":"https:\/\/api.w.org\/{rel}","templated":true}]}}