{"id":7161,"date":"2020-09-01T17:43:28","date_gmt":"2020-09-01T14:43:28","guid":{"rendered":"https:\/\/www.nordicebv.info\/?page_id=7161"},"modified":"2026-02-03T10:23:52","modified_gmt":"2026-02-03T08:23:52","slug":"uutiskirjeet","status":"publish","type":"page","link":"https:\/\/nordicebv.info\/fi\/ntm-ja-jalostusarvot\/uutiskirjeet\/","title":{"rendered":"Uutiskirjeet"},"content":{"rendered":"<h2>2026<\/h2>\n<p><a href=\"https:\/\/nordicebv.info\/wp-content\/uploads\/2026\/02\/Information-NAV-FEB26-run-FINAL.pdf\">Helmikuu 2026<\/a> (englanniksi)<\/p>\n<h2>2025<\/h2>\n<p><a href=\"https:\/\/nordicebv.info\/wp-content\/uploads\/2025\/11\/Information-NAV-NOV25-run-FINAL.pdf\">Marraskuu 2025<\/a> (englanniksi)<\/p>\n<ul>\n<li>Lue lis\u00e4\u00e4: <a href=\"https:\/\/nordicebv.info\/wp-content\/uploads\/2025\/11\/Improved-breeding-values-for-Temperament-FIN.pdf\">Uudistettu luonteen jalostusarvostelu<\/a><\/li>\n<\/ul>\n<p><a href=\"https:\/\/nordicebv.info\/wp-content\/uploads\/2025\/08\/Information-NAV-AUG25-run_final.pdf\">Elokuu 2025<\/a> (englanniksi)<\/p>\n<ul>\n<li>Lue lis\u00e4\u00e4: <a href=\"https:\/\/nordicebv.info\/wp-content\/uploads\/2025\/08\/Fine-tuning-of-udder-for-RDC-FIN.pdf\">Hienos\u00e4\u00e4t\u00f6\u00e4 RDC:n utareindeksiin<\/a><\/li>\n<\/ul>\n<p><a href=\"https:\/\/nordicebv.info\/wp-content\/uploads\/2025\/05\/Information-NAV-MAY25-run_final.pdf\">Toukokuu 2025<\/a> (englanniksi)<\/p>\n<ul>\n<li>Lue lis\u00e4\u00e4: <a href=\"https:\/\/nordicebv.info\/wp-content\/uploads\/2025\/05\/Improved-breeding-values-for-Yield-FIN.pdf\">Uudistettu tuotosarvostelu<\/a><\/li>\n<li>Lue lis\u00e4\u00e4: <a href=\"https:\/\/nordicebv.info\/wp-content\/uploads\/2025\/05\/First-Nordic-methane-index-FINAL_FIN.pdf\">Pohjoismainen metaani-indeksi<\/a><\/li>\n<\/ul>\n<p><a href=\"https:\/\/nordicebv.info\/wp-content\/uploads\/2025\/02\/Information-NAV-FEB25-run.pdf\">Helmikuu 2025<\/a> (englanniksi)<\/p>\n<ul>\n<li>Lue lis\u00e4\u00e4: <a href=\"https:\/\/nordicebv.info\/wp-content\/uploads\/2025\/02\/High-potential-with-Saved-Feed-version-3.0-FIN.pdf\">Uusi rehuns\u00e4\u00e4st\u00f6indeksi tarjoaa suuria mahdollisuuksia<\/a><\/li>\n<\/ul>\n<h2>2024<\/h2>\n<p><a href=\"https:\/\/nordicebv.info\/wp-content\/uploads\/2024\/11\/2024-11-05-Information-NAV-NOV24-run_final.pdf\">Marraskuu 2024<\/a> (englanniksi)<\/p>\n<ul>\n<li>Lue lis\u00e4\u00e4: <a href=\"https:\/\/nordicebv.info\/wp-content\/uploads\/2024\/11\/Improved-breeding-values-for-Fertility-FIN.pdf\">Uudistettu hedelm\u00e4llisyyden arvostelu<\/a><\/li>\n<li>Lue lis\u00e4\u00e4: <a href=\"https:\/\/nordicebv.info\/wp-content\/uploads\/2024\/11\/Changes-in-the-calculation-of-the-indexes-for-type-traits-FIN.pdf\">Muutoksia rakenneindeksien laskennassa<\/a><\/li>\n<li>Lue lis\u00e4\u00e4: <a href=\"https:\/\/nordicebv.info\/wp-content\/uploads\/2024\/11\/NAV-Purebred-beef-genomic-prediction-FIN.pdf\">Liharotujen genomiarvostelu<\/a><\/li>\n<li>Lue lis\u00e4\u00e4: <a href=\"https:\/\/nordicebv.info\/wp-content\/uploads\/2024\/11\/YSS-in-NBDI-FIN_FINAL.pdf\">Vasikan elinvoima mukaan NBDI:hin<\/a><\/li>\n<\/ul>\n<p><a href=\"https:\/\/nordicebv.info\/wp-content\/uploads\/2024\/08\/2024-08-13-Information-NAV-AUG24-run-Final.pdf\">Elokuu 2024<\/a> (englanniksi)<\/p>\n<p><a href=\"https:\/\/nordicebv.info\/wp-content\/uploads\/2024\/05\/2024-05-07-Information-NAV-MAY24-run-Final.pdf\">Toukokuu 2024<\/a> (englanniksi)<\/p>\n<ul>\n<li>Lue lis\u00e4\u00e4: <a href=\"https:\/\/nordicebv.info\/wp-content\/uploads\/2024\/05\/Improved-breeding-values-for-Milkability-FIN.pdf\">Uudistettu lypsett\u00e4vyyden arvostelu<\/a><\/li>\n<\/ul>\n<p><a href=\"https:\/\/nordicebv.info\/wp-content\/uploads\/2024\/03\/2024-03-05-Information-NAV-run-March-2024.pdf\">Maaliskuu 2024<\/a> (englanniksi)<\/p>\n<ul>\n<li>Lue lis\u00e4\u00e4: <a href=\"https:\/\/nordicebv.info\/wp-content\/uploads\/2024\/03\/New-indexes-for-nine-beef-breeds-FIN.pdf\">Yhdistelm\u00e4indeksit uusille liharoduille<\/a><\/li>\n<\/ul>\n<p><a href=\"https:\/\/nordicebv.info\/wp-content\/uploads\/2024\/02\/2024-02-06-Information-NAV-FEB24-run.pdf\">Helmikuu 2024<\/a> (englanniksi)<\/p>\n<ul>\n<li>Lue lis\u00e4\u00e4: <a href=\"https:\/\/nordicebv.info\/wp-content\/uploads\/2024\/02\/Improved-breeding-values-for-Growth-FIN.pdf\">Kasvuindeksi uudistui<\/a><\/li>\n<li>Lue lis\u00e4\u00e4: <a href=\"https:\/\/nordicebv.info\/wp-content\/uploads\/2024\/02\/Improved-yield-index-for-RDC-final-FIN.pdf\">Punaisten rotujen tuotosarvostelu on uudistettu<\/a><\/li>\n<\/ul>\n<h2>2023<\/h2>\n<p><a href=\"https:\/\/nordicebv.info\/wp-content\/uploads\/2023\/11\/2023-11-07-Information-NAV-NOV2023-run-final.pdf\">Marraskuu 2023<\/a> (englanniksi)<\/p>\n<ul>\n<li>Lue lis\u00e4\u00e4: <a href=\"https:\/\/nordicebv.info\/wp-content\/uploads\/2023\/11\/Improved-breeding-values-for-Claw-health-FIN.pdf\">Uusi menetelm\u00e4 sorkkaterveyden jalostusarvosteluun<\/a><\/li>\n<li>Lue lis\u00e4\u00e4: <a href=\"https:\/\/nordicebv.info\/wp-content\/uploads\/2023\/11\/Improved-breeding-values-for-General-Health-FIN.pdf\">Muut hoidot-indeksi lasketaan nyt uudella menetelm\u00e4ll\u00e4<\/a><\/li>\n<li>Lue lis\u00e4\u00e4: <a href=\"https:\/\/nordicebv.info\/wp-content\/uploads\/2023\/11\/More-breeds-for-NAV-purebred-beef-evaluation-FIN.pdf\">Lis\u00e4\u00e4 rotuja NAV-lihakarjan jalostusarvosteluun<\/a><\/li>\n<\/ul>\n<p><a href=\"https:\/\/nordicebv.info\/wp-content\/uploads\/2023\/08\/2023-08-08-Information-NAV-AUG2023-run.pdf\">Elokuu 2023<\/a> (englanniksi)<\/p>\n<p><a href=\"https:\/\/nordicebv.info\/wp-content\/uploads\/2023\/05\/2023-05-02-Information-NAV-MAY2023-run_final.pdf\">Toukokuu 2023<\/a> (englanniksi)<\/p>\n<ul>\n<li>Lue lis\u00e4\u00e4: <a href=\"https:\/\/nordicebv.info\/wp-content\/uploads\/2023\/05\/GL-text_v2_FIN.pdf\">Uusi ominaisuus liha-lypsyarvosteluun: tiineysaika<\/a><\/li>\n<\/ul>\n<p><a href=\"https:\/\/nordicebv.info\/wp-content\/uploads\/2023\/03\/2023-03-07-Information-NAV-run-March-2023_final.pdf\">Maaliskuu 2023<\/a> (englanniksi)<\/p>\n<ul>\n<li>Lue\u00a0 lis\u00e4\u00e4: <a href=\"https:\/\/nordicebv.info\/wp-content\/uploads\/2023\/03\/2023-03-01-Subindices_pbb_routine_implementation_final.pdf\">NAV subindices for purebred beef: within breed specific subindex weights<\/a> (englanniksi)<\/li>\n<\/ul>\n<p><a href=\"https:\/\/nordicebv.info\/wp-content\/uploads\/2023\/02\/2023-02-07-Information-NAV-FEB2023-run_final.pdf\">Helmikuu 2023<\/a> (englanniksi)<\/p>\n<h2>2022<\/h2>\n<p><a href=\"https:\/\/nordicebv.info\/wp-content\/uploads\/2022\/11\/2022-11-01-Information-NAV-NOV2022-run_final.pdf\">Marraskuu 2022<\/a> (englanniksi)<\/p>\n<ul>\n<li>Lue lis\u00e4\u00e4: <a href=\"https:\/\/nordicebv.info\/wp-content\/uploads\/2022\/11\/Next-generation-of-models-for-genetic-evaluation_FIN.pdf\">Uusi menetelm\u00e4 lypsykarjan jalostusarvojen laskentaan<\/a><\/li>\n<li>Lue lis\u00e4\u00e4: <a href=\"https:\/\/nordicebv.info\/wp-content\/uploads\/2022\/11\/Improved-indices-for-type_FIN.pdf\">Esittelyss\u00e4 uudistetut rakenneindeksit<\/a><\/li>\n<li>Lue lis\u00e4\u00e4: <a href=\"https:\/\/nordicebv.info\/wp-content\/uploads\/2022\/11\/Improved-indices-for-calving_FIN.pdf\">Hienos\u00e4\u00e4t\u00f6\u00e4 poikimaindekseihin<\/a><\/li>\n<li>Lue lis\u00e4\u00e4: <a href=\"https:\/\/nordicebv.info\/wp-content\/uploads\/2022\/11\/YSS-abstract-FIN.pdf\"> Vasikan elinvoima mukaan liha-lypsyarvosteluun<\/a><\/li>\n<\/ul>\n<p><a href=\"https:\/\/nordicebv.info\/wp-content\/uploads\/2022\/08\/2022-08-09-Information-NAV-aug2022-run.pdf\">Elokuu 2022<\/a> (englanniksi)<\/p>\n<p><a href=\"https:\/\/nordicebv.info\/wp-content\/uploads\/2022\/05\/2022-05-03-Information-NAV-May-2022-run-1.pdf\">Toukokuu 2022<\/a> (englanniksi)<\/p>\n<p><a href=\"https:\/\/nordicebv.info\/wp-content\/uploads\/2022\/02\/2022-02-01-Information-NAV-February-2022-run.pdf\">Helmikuu 2022<\/a> (englanniksi)<\/p>\n<h2>2021<\/h2>\n<p><a href=\"https:\/\/nordicebv.info\/wp-content\/uploads\/2021\/11\/2021-11-02-Information-NAV-November-2021-run-final_V3-1.pdf\">Marraskuu 2021<\/a> (englanniksi)<\/p>\n<ul>\n<li>Lue lis\u00e4\u00e4: <a href=\"https:\/\/nordicebv.info\/wp-content\/uploads\/2021\/11\/Nordic-breeding-values-for-beef-breeds_FINAL_FIN.pdf\">Pohjoismaiset jalostusarvot liharoduille<\/a><\/li>\n<\/ul>\n<p><a href=\"https:\/\/nordicebv.info\/wp-content\/uploads\/2021\/08\/2021-08-10-Information-NAV-AUGUST-2021-run-final.pdf\">Elokuu 2021<\/a> (englanniksi)<\/p>\n<p><a href=\"https:\/\/nordicebv.info\/wp-content\/uploads\/2021\/05\/2021-05-04-Information-NAV-MAY-2021-run-final.pdf\">Toukokuu 2021<\/a> (englanniksi)<\/p>\n<p><a href=\"https:\/\/nordicebv.info\/wp-content\/uploads\/2021\/02\/2021-02-02-Information-NAV-FEB-2021-run-final.pdf\">Helmikuu 2021<\/a> (englanniksi)<\/p>\n<h2>2020<\/h2>\n<p><a href=\"https:\/\/nordicebv.info\/wp-content\/uploads\/2020\/11\/2020-11-03-Information-NAV-NOV-2020-run-final.pdf\">Marraskuu 2020<\/a> (englanniksi)<\/p>\n<ul>\n<li>Lue lis\u00e4\u00e4: <a href=\"https:\/\/nordicebv.info\/wp-content\/uploads\/2020\/11\/Metabolic-efficiency-included-in-the-Saved-feed-index_FIN.pdf\">Rehunk\u00e4ytt\u00f6kyky mukaan rehuns\u00e4\u00e4st\u00f6-indeksiin<\/a><\/li>\n<\/ul>\n<p><a href=\"https:\/\/nordicebv.info\/wp-content\/uploads\/2020\/08\/2020-08-11-Information-NAV-routine-AUG-2020.pdf\">Elokuu 2020<\/a> (englanniksi)<\/p>\n<ul>\n<li>Lue lis\u00e4\u00e4: <a href=\"https:\/\/nordicebv.info\/wp-content\/uploads\/2020\/08\/Saved-feed-adds-more-value-to-NTM_FINAL_FIN.pdf\">Rehuns\u00e4\u00e4st\u00f6 nostaa NTM:n arvoa<\/a><\/li>\n<\/ul>\n<p><a href=\"https:\/\/nordicebv.info\/wp-content\/uploads\/2020\/05\/2020-05-05-Information-NAV-routine-May-2020_final.pdf\">Toukokuu 2020<\/a> (englanniksi)<\/p>\n<p><a href=\"https:\/\/nordicebv.info\/wp-content\/uploads\/2020\/02\/2020-02-04-Information-NAV-routine-FEB-2020_final.pdf\">Helmikuu 2020<\/a> (englanniksi)<\/p>\n<h2>2019<\/h2>\n<p><a href=\"https:\/\/nordicebv.info\/wp-content\/uploads\/2019\/11\/2019-11-05-Information-NAV-routine-NOV-2019_final.pdf\">Marraskuu 2019<\/a> (englanniksi)<\/p>\n<p><a href=\"https:\/\/nordicebv.info\/wp-content\/uploads\/2019\/08\/2019-08-13-Information-NAV-routine-AUG-2019_final.pdf\">Elokuu 2019<\/a> (englanniksi)<\/p>\n<ul>\n<li>Lue lis\u00e4\u00e4: <a href=\"https:\/\/nordicebv.info\/wp-content\/uploads\/2019\/08\/SavedFeed-june-2019_FIN.pdf\">Uusi indeksi Rehuns\u00e4\u00e4st\u00f6<\/a><\/li>\n<\/ul>\n<p><a href=\"https:\/\/nordicebv.info\/wp-content\/uploads\/2019\/05\/2019-05-07-Information-NAV-routine-MAY-2019.pdf\">Toukokuu 2019<\/a> (englanniksi)<\/p>\n<ul>\n<li>Lue lis\u00e4\u00e4: <a href=\"https:\/\/nordicebv.info\/wp-content\/uploads\/2019\/05\/Improved_breeding_values_for_genreal_health_May2019_FIN.pdf\">Muut hoidot-arvostelu uudistui<\/a><\/li>\n<\/ul>\n<p><a href=\"https:\/\/nordicebv.info\/wp-content\/uploads\/2019\/02\/2019-02-05-Information-NAV-routine-FEB-2019.pdf\" target=\"_blank\" rel=\"noopener noreferrer\">Helmikuu 2019<\/a> (englanniksi)<\/p>\n<h2>2018<\/h2>\n<p><a href=\"https:\/\/nordicebv.info\/wp-content\/uploads\/2018\/11\/2018-11-06-Information-NAV-routine-NOV-2018.pdf\" target=\"_blank\" rel=\"noopener noreferrer\">Marraskuu 2018<\/a> (englanniksi)<\/p>\n<div id=\"motopress-main\" class=\"main-holder\">\n<div class=\"motopress-wrapper content-holder clearfix\">\n<div class=\"container\">\n<div class=\"row\">\n<div class=\"span12\" data-motopress-wrapper-type=\"content\" data-motopress-wrapper-file=\"single.php\">\n<div class=\"row\">\n<div id=\"content\" class=\"span8 right right\" data-motopress-type=\"loop\" data-motopress-loop-file=\"loop\/loop-single.php\">\n<article id=\"post-5763\" class=\"post__holder post-5763 post type-post status-publish format-standard hentry category-yleinen cat-1-id\">\n<div class=\"post_content\">\n<ul>\n<li>Lue lis\u00e4\u00e4: <a href=\"https:\/\/nordicebv.info\/wp-content\/uploads\/2018\/11\/NTM-is-your-breeding-goal_EC_FINAL_FIN.pdf\" target=\"_blank\" rel=\"noopener noreferrer\">NTM on r\u00e4\u00e4t\u00e4l\u00f6ity pohjoismaisille viljelij\u00f6ille<\/a><\/li>\n<li>Lue lis\u00e4\u00e4: <a href=\"https:\/\/nordicebv.info\/wp-content\/uploads\/2018\/11\/NTM_changes-and-effects_updated-draftEC_ADF_FINAL_FIN.pdf\" target=\"_blank\" rel=\"noopener noreferrer\">NTM:n muutokset ja vaikutukset<\/a><\/li>\n<li>Lue lis\u00e4\u00e4: <a href=\"https:\/\/nordicebv.info\/wp-content\/uploads\/2018\/11\/2018.10.08-New-weights-on-lactation-within-NTM-sub_FINAL_FIN.pdf\" target=\"_blank\" rel=\"noopener noreferrer\">Lypsykausien painotus<\/a><\/li>\n<li>Lue lis\u00e4\u00e4: <a href=\"https:\/\/nordicebv.info\/wp-content\/uploads\/2018\/11\/Updated-yield-index_GA_EC_AF_FINAL_FIN-1.pdf\" target=\"_blank\" rel=\"noopener noreferrer\">Tuotosindeksin uudet painot<\/a><\/li>\n<li>Lue lis\u00e4\u00e4: <a href=\"https:\/\/nordicebv.info\/wp-content\/uploads\/2018\/11\/HOL_udder_conformation_FINAL_FIN.pdf\" target=\"_blank\" rel=\"noopener noreferrer\">Holsteinin utarerakenneindeksi<\/a><\/li>\n<li>Lue lis\u00e4\u00e4: <a href=\"https:\/\/nordicebv.info\/wp-content\/uploads\/2018\/11\/RDC_frame_index_FINAL_FIN.pdf\" target=\"_blank\" rel=\"noopener noreferrer\">Punaisten rotujen kokoindeksi<\/a><\/li>\n<li>Lue lis\u00e4\u00e4: <a href=\"https:\/\/nordicebv.info\/wp-content\/uploads\/2018\/11\/2018.11.06-NTM-2018-report-Full.pdf\" target=\"_blank\" rel=\"noopener noreferrer\">NTM raportti<\/a> (englanniksi)<\/li>\n<\/ul>\n<\/div>\n<\/article>\n<\/div>\n<\/div>\n<\/div>\n<\/div>\n<\/div>\n<\/div>\n<\/div>\n<hr \/>\n<p><a href=\"https:\/\/nordicebv.info\/wp-content\/uploads\/2018\/08\/2018-08-07-Information-NAV-routine-AUG-2018.pdf\" target=\"_blank\" rel=\"noopener noreferrer\">Elokuu 2018<\/a> (englanniksi)<\/p>\n<p><a href=\"https:\/\/nordicebv.info\/wp-content\/uploads\/2018\/04\/2018-05-02-Information-NAV-routine-May-2018.pdf\" target=\"_blank\" rel=\"noopener noreferrer\">Toukokuu 2018<\/a> (englanniksi)<\/p>\n<p><a href=\"https:\/\/nordicebv.info\/wp-content\/uploads\/2018\/02\/2018-02-06-Information-NAV-routine-February-2018.pdf\" target=\"_blank\" rel=\"noopener noreferrer\">Helmikuu 2018<\/a> (englanniksi)<\/p>\n<ul>\n<li>Lue lis\u00e4\u00e4: <a href=\"https:\/\/nordicebv.info\/wp-content\/uploads\/2018\/02\/Improvement-of-genomic-breeding_FIN.pdf\" target=\"_blank\" rel=\"noopener noreferrer\">Genomiarvostelu paranee entisest\u00e4\u00e4n<\/a><\/li>\n<\/ul>\n<hr \/>\n<h2>2017<\/h2>\n<p><a href=\"https:\/\/nordicebv.info\/wp-content\/uploads\/2017\/11\/NAV-newsletter-November-2017_FIN-1.pdf\" target=\"_blank\" rel=\"noopener noreferrer\">Marraskuu 2017<\/a><\/p>\n<ul>\n<li>Lue lis\u00e4\u00e4:\u00a0<a href=\"https:\/\/nordicebv.info\/wp-content\/uploads\/2017\/11\/Improved-genetic-evaluation-for-general-health-traits_final_FIN-1.pdf\" target=\"_blank\" rel=\"noopener noreferrer\">Uudistettu muut hoidot-arvostelu<\/a><\/li>\n<\/ul>\n<hr \/>\n<p><a href=\"https:\/\/nordicebv.info\/wp-content\/uploads\/2017\/08\/NAV-newsletter-August-2017_FIN.pdf\" target=\"_blank\" rel=\"noopener noreferrer\">Elokuu 2017<\/a><\/p>\n<p><a href=\"https:\/\/nordicebv.info\/wp-content\/uploads\/2017\/05\/NAV-newsletter-May-2017_FIN.pdf\" target=\"_blank\" rel=\"noopener noreferrer\">Toukokuu 2017<\/a><\/p>\n<p><a href=\"https:\/\/nordicebv.info\/wp-content\/uploads\/2017\/02\/NAV-newsletter-February-2017_FIN.pdf\" target=\"_blank\" rel=\"noopener noreferrer\">Helmikuu 2017<\/a><\/p>\n<h2>2016<\/h2>\n<p><a href=\"https:\/\/nordicebv.info\/wp-content\/uploads\/2016\/11\/NAV-newsletter-November-2016_FIN.pdf\" target=\"_blank\" rel=\"noopener noreferrer\">Marraskuu 2016<\/a><\/p>\n<ul>\n<li>Lue lis\u00e4\u00e4: <a href=\"https:\/\/nordicebv.info\/wp-content\/uploads\/2016\/11\/Genomic-prediction-is-improved_FIN.pdf\" target=\"_blank\" rel=\"noopener noreferrer\">Genomiarvostelun uudistukset<\/a><\/li>\n<li>Lue lis\u00e4\u00e4:<a href=\"https:\/\/nordicebv.info\/wp-content\/uploads\/2016\/11\/NAV-fertility-paper_FIN.pdf\" target=\"_blank\" rel=\"noopener noreferrer\"> Uusi hedelm\u00e4llisyysarvostelu<\/a><\/li>\n<li>Lue lis\u00e4\u00e4:<a href=\"https:\/\/nordicebv.info\/wp-content\/uploads\/2016\/11\/Improvements-in-calving-and-birth_FIN.pdf\" target=\"_blank\" rel=\"noopener noreferrer\"> El\u00e4inmalli k\u00e4ytt\u00f6\u00f6n poikimaominaisuuksien arvostelussa<\/a><\/li>\n<li>Lue lis\u00e4\u00e4:<a href=\"https:\/\/nordicebv.info\/wp-content\/uploads\/2016\/11\/Udder-coordinates-20161026_FIN.pdf\" target=\"_blank\" rel=\"noopener noreferrer\"> Lypsyroboteilta tietoa utarerakenteesta<\/a><\/li>\n<li>Lue lis\u00e4\u00e4:<a href=\"https:\/\/nordicebv.info\/wp-content\/uploads\/2016\/11\/Yield_evaluation_01112016_FIN.pdf\" target=\"_blank\" rel=\"noopener noreferrer\"> Parannuksia tuotosarvosteluun<\/a><\/li>\n<\/ul>\n<div id=\"motopress-main\" class=\"main-holder\"><\/div>\n<hr \/>\n<p><a href=\"https:\/\/nordicebv.info\/wp-content\/uploads\/2016\/08\/NAV-newsletter-August-2016_FIN.pdf\" target=\"_blank\" rel=\"noopener noreferrer\">Elokuu 2016<\/a><\/p>\n<p><a href=\"https:\/\/nordicebv.info\/wp-content\/uploads\/2016\/05\/NAV-newsletter-May-2016_FIN.pdf\" target=\"_blank\" rel=\"noopener noreferrer\">Toukokuu 2016<\/a><\/p>\n<ul>\n<li>Lue lis\u00e4\u00e4: <a href=\"https:\/\/nordicebv.info\/wp-content\/uploads\/2016\/05\/Youngstock-survival-is-included-in-NTM_FINAL_FIN.pdf\" target=\"_blank\" rel=\"noopener noreferrer\">Vasikan elinvoima mukaan NTM:n<\/a><\/li>\n<\/ul>\n<hr \/>\n<p><a href=\"https:\/\/nordicebv.info\/wp-content\/uploads\/2016\/02\/NAV-newsletter-February-2016_FIN.pdf\" target=\"_blank\" rel=\"noopener noreferrer\">Helmikuu 2016<\/a><\/p>\n<h2>2015<\/h2>\n<p><a href=\"https:\/\/nordicebv.info\/wp-content\/uploads\/2015\/11\/NAV-newsletter-November-2015_FIN.pdf\" target=\"_blank\" rel=\"noopener noreferrer\">Marraskuu 2015<\/a><\/p>\n<ul>\n<li>Lue lis\u00e4\u00e4: <a href=\"https:\/\/nordicebv.info\/wp-content\/uploads\/2015\/10\/Claw-health-evaluation_FIN.pdf\" target=\"_blank\" rel=\"noopener noreferrer\">Uudistettu sorkkaterveysarvostelu<\/a><\/li>\n<\/ul>\n<hr \/>\n<p><a href=\"https:\/\/nordicebv.info\/wp-content\/uploads\/2015\/04\/NAV-newsletter-August-2015_FIN.pdf\" target=\"_blank\" rel=\"noopener noreferrer\">Elokuu 2015<\/a><\/p>\n<p><a href=\"https:\/\/nordicebv.info\/wp-content\/uploads\/2015\/05\/2015-05-05-Information-NAV-routine-may-2015-FIN_short.pdf\" target=\"_blank\" rel=\"noopener noreferrer\">Toukokuu 2015<\/a><\/p>\n<ul>\n<li>Lue lis\u00e4\u00e4:\u00a0<a href=\"https:\/\/nordicebv.info\/wp-content\/uploads\/2015\/05\/New-fertility-evaluation_FIN.pdf\" target=\"_blank\" rel=\"noopener noreferrer\">Uudistuksia hedelm\u00e4llisyysarvosteluun<\/a><br \/>\n<hr \/>\n<\/li>\n<\/ul>\n<p><a href=\"https:\/\/nordicebv.info\/wp-content\/uploads\/2015\/02\/2015-02-03-Information-NAV-routine-february-2014-FIN_short.pdf\" target=\"_blank\" rel=\"noopener noreferrer\">Helmikuu 2015<\/a><\/p>\n<ul>\n<li>Lue lis\u00e4\u00e4:\u00a0<a href=\"https:\/\/nordicebv.info\/wp-content\/uploads\/2015\/02\/Breeding-for-stronger-youngstock_FIN.pdf\" target=\"_blank\" rel=\"noopener noreferrer\">Elinvoimaisempia vasikoita<\/a><br \/>\n<hr \/>\n<\/li>\n<\/ul>\n<h2>2014<\/h2>\n<p><a href=\"https:\/\/nordicebv.info\/wp-content\/uploads\/2015\/04\/2014-11-02-Information-NAV-routine-November-2014-finnish.pdf\" target=\"_blank\" rel=\"noopener noreferrer\">Marraskuu 2014<\/a><\/p>\n<ul>\n<li>Lue lis\u00e4\u00e4:\u00a0<a href=\"https:\/\/nordicebv.info\/wp-content\/uploads\/2015\/04\/Improved-NAV-breeding-values-for-conformation_FIN.pdf\" target=\"_blank\" rel=\"noopener noreferrer\">Uudistuksia rakenteen jalostusarvon ennusteisiin<\/a><br \/>\n<hr \/>\n<\/li>\n<\/ul>\n<p><a href=\"https:\/\/nordicebv.info\/wp-content\/uploads\/2015\/04\/August-2014_FIN.pdf\" target=\"_blank\" rel=\"noopener noreferrer\">Elokuu 2014<\/a><\/p>\n<ul>\n<li>Lue lis\u00e4\u00e4:\u00a0<a href=\"https:\/\/nordicebv.info\/wp-content\/uploads\/2015\/04\/New-index-Frame-_description_1_FIN.pdf\" target=\"_blank\" rel=\"noopener noreferrer\">Uusi kokoindeksi<\/a><\/li>\n<li>Lue lis\u00e4\u00e4:\u00a0<a href=\"https:\/\/nordicebv.info\/wp-content\/uploads\/2015\/04\/More-data-in-breeding-value-for-milking-speed_FIN.pdf\" target=\"_blank\" rel=\"noopener noreferrer\">Enemm\u00e4n tietoa lypsett\u00e4vyydest\u00e4<\/a><br \/>\n<hr \/>\n<\/li>\n<\/ul>\n<p><a href=\"https:\/\/nordicebv.info\/wp-content\/uploads\/2015\/04\/May-2014_FIN.pdf\" target=\"_blank\" rel=\"noopener noreferrer\">Toukokuu 2014<\/a><\/p>\n<ul>\n<li>Lue lis\u00e4\u00e4:\u00a0<a href=\"https:\/\/nordicebv.info\/wp-content\/uploads\/2015\/04\/Changes-in-NTM_FIN.pdf\" target=\"_blank\" rel=\"noopener noreferrer\">Muutoksia NAV:n jalostusarvosteluun<\/a><br \/>\n<hr \/>\n<\/li>\n<\/ul>\n<p><a href=\"https:\/\/nordicebv.info\/wp-content\/uploads\/2015\/04\/February-2014_FIN.pdf\" target=\"_blank\" rel=\"noopener noreferrer\">Helmikuu 2014<\/a><\/p>\n<h2>2013<\/h2>\n<p><a href=\"https:\/\/nordicebv.info\/wp-content\/uploads\/2015\/04\/2013-11-02-Information-NAV-routine-October-2013_Finnish.pdf\" target=\"_blank\" rel=\"noopener noreferrer\">Marraskuu 2013<\/a><\/p>\n<p><a href=\"https:\/\/nordicebv.info\/wp-content\/uploads\/2015\/04\/2013-08-13-Information-NAV-routine-AugustMay-2013_finnish.pdf\" target=\"_blank\" rel=\"noopener noreferrer\">Elokuu 2013<\/a><\/p>\n<p><a href=\"https:\/\/nordicebv.info\/wp-content\/uploads\/2015\/04\/2013-05-02-Information-NAV-routine-May-2013-2_finnish.pdf\" target=\"_blank\" rel=\"noopener noreferrer\">Toukokuu 2013<\/a><\/p>\n<ul>\n<li>Lue lis\u00e4\u00e4:\u00a0<a href=\"https:\/\/nordicebv.info\/wp-content\/uploads\/2015\/04\/Changes-in-NTM-weights_FIN.pdf\" target=\"_blank\" rel=\"noopener noreferrer\">Muutoksia NTM:n painokertoimiin<\/a><br \/>\n<hr \/>\n<\/li>\n<\/ul>\n<p><a href=\"https:\/\/nordicebv.info\/wp-content\/uploads\/2015\/04\/2013-02-02-Info-konsulenter-Avlsv\u00e6rdital-for-tyre-februar-2013-new1.pdf\" target=\"_blank\" rel=\"noopener noreferrer\">Helmikuu 2013<\/a><\/p>\n<h2>2012<\/h2>\n<p><a href=\"https:\/\/nordicebv.info\/wp-content\/uploads\/2015\/04\/2012-11-02-Information-NAV-routine-November-2012_finnish.pdf\" target=\"_blank\" rel=\"noopener noreferrer\">Marraskuu 2012<\/a><\/p>\n<p><a href=\"https:\/\/nordicebv.info\/wp-content\/uploads\/2015\/04\/2012-08-12-Information-NAV-routine-August-2012_finnish.pdf\" target=\"_blank\" rel=\"noopener noreferrer\">Elokuu 2012<\/a><\/p>\n<ul>\n<li>Lue lis\u00e4\u00e4:\u00a0<a href=\"https:\/\/nordicebv.info\/wp-content\/uploads\/2015\/04\/Cows-have-breeding-values-with-genomic-information_FINAL_FIN.pdf\" target=\"_blank\" rel=\"noopener noreferrer\">Genomitestattujen lehmien jalostusarvoissa nyt mukana my\u00f6s genomitieto<\/a><\/li>\n<\/ul>\n<p><a href=\"https:\/\/nordicebv.info\/wp-content\/uploads\/2015\/04\/2012-05-02-Information-NAV-routine-May-2012_finnish.pdf\" target=\"_blank\" rel=\"noopener noreferrer\">Toukokuu 2012<\/a><\/p>\n<p><a href=\"https:\/\/nordicebv.info\/wp-content\/uploads\/2015\/04\/2012-02-02-Information-NAV-routine-Februar-2012_finnish.pdf\" target=\"_blank\" rel=\"noopener noreferrer\">Helmikuu 2012<\/a><\/p>\n<ul>\n<li><a href=\"https:\/\/nordicebv.info\/wp-content\/uploads\/2015\/04\/New-weight-factors-in-NTM_FIN.pdf\" target=\"_blank\" rel=\"noopener noreferrer\">Yhteispohjoismainen kokonaisjalostusarvo, NTM, uudistuu<\/a><\/li>\n<li><a href=\"https:\/\/nordicebv.info\/wp-content\/uploads\/2015\/04\/New-yield-parameters-give-only-small-changes_FIN.pdf\" target=\"_blank\" rel=\"noopener noreferrer\">Tuotosominaisuuksien perinn\u00f6llinen arviointi uudistuu<\/a><\/li>\n<\/ul>\n","protected":false},"excerpt":{"rendered":"<p>2026 Helmikuu 2026 (englanniksi) 2025 Marraskuu 2025 (englanniksi) Lue lis\u00e4\u00e4: Uudistettu luonteen jalostusarvostelu Elokuu 2025 (englanniksi) Lue lis\u00e4\u00e4: Hienos\u00e4\u00e4t\u00f6\u00e4 RDC:n utareindeksiin Toukokuu 2025 (englanniksi) Lue lis\u00e4\u00e4: Uudistettu tuotosarvostelu Lue lis\u00e4\u00e4: Pohjoismainen metaani-indeksi Helmikuu 2025 (englanniksi) Lue lis\u00e4\u00e4: Uusi rehuns\u00e4\u00e4st\u00f6indeksi tarjoaa suuria mahdollisuuksia 2024 Marraskuu 2024 (englanniksi) Lue lis\u00e4\u00e4: Uudistettu hedelm\u00e4llisyyden arvostelu Lue lis\u00e4\u00e4: Muutoksia rakenneindeksien &#8230; <a title=\"Uutiskirjeet\" class=\"read-more\" href=\"https:\/\/nordicebv.info\/fi\/ntm-ja-jalostusarvot\/uutiskirjeet\/\" aria-label=\"Lue lis\u00e4\u00e4 aiheesta Uutiskirjeet\">Lue lis\u00e4\u00e4<\/a><\/p>\n","protected":false},"author":6,"featured_media":0,"parent":7226,"menu_order":0,"comment_status":"closed","ping_status":"closed","template":"","meta":{"_exactmetrics_skip_tracking":false,"_exactmetrics_sitenote_active":false,"_exactmetrics_sitenote_note":"","_exactmetrics_sitenote_category":0,"footnotes":""},"class_list":["post-7161","page","type-page","status-publish"],"aioseo_notices":[],"_links":{"self":[{"href":"https:\/\/nordicebv.info\/fi\/wp-json\/wp\/v2\/pages\/7161","targetHints":{"allow":["GET"]}}],"collection":[{"href":"https:\/\/nordicebv.info\/fi\/wp-json\/wp\/v2\/pages"}],"about":[{"href":"https:\/\/nordicebv.info\/fi\/wp-json\/wp\/v2\/types\/page"}],"author":[{"embeddable":true,"href":"https:\/\/nordicebv.info\/fi\/wp-json\/wp\/v2\/users\/6"}],"replies":[{"embeddable":true,"href":"https:\/\/nordicebv.info\/fi\/wp-json\/wp\/v2\/comments?post=7161"}],"version-history":[{"count":32,"href":"https:\/\/nordicebv.info\/fi\/wp-json\/wp\/v2\/pages\/7161\/revisions"}],"predecessor-version":[{"id":24292,"href":"https:\/\/nordicebv.info\/fi\/wp-json\/wp\/v2\/pages\/7161\/revisions\/24292"}],"up":[{"embeddable":true,"href":"https:\/\/nordicebv.info\/fi\/wp-json\/wp\/v2\/pages\/7226"}],"wp:attachment":[{"href":"https:\/\/nordicebv.info\/fi\/wp-json\/wp\/v2\/media?parent=7161"}],"curies":[{"name":"wp","href":"https:\/\/api.w.org\/{rel}","templated":true}]}}