{"id":21956,"date":"2025-08-28T08:52:53","date_gmt":"2025-08-28T05:52:53","guid":{"rendered":"https:\/\/nordicebv.info\/?page_id=21956"},"modified":"2026-04-23T14:44:24","modified_gmt":"2026-04-23T11:44:24","slug":"interbull","status":"publish","type":"page","link":"https:\/\/nordicebv.info\/fi\/interbull\/","title":{"rendered":"Interbull"},"content":{"rendered":"\r\n<div class=\"wp-block-columns is-layout-flex wp-container-core-columns-is-layout-9d6595d7 wp-block-columns-is-layout-flex\">\r\n<div class=\"wp-block-column is-layout-flow wp-block-column-is-layout-flow\" style=\"flex-basis: 66.66%;\">\r\n<h2 class=\"wp-block-heading\">Interbull-jalostusarvot \u2013 Vertaile sonneja kaikkialta maailmasta<\/h2>\r\n\r\n\r\n\r\n<p>Lypsykarjaa jalostavissa organisaatioissa on hyvin monenlaisia tapoja laskea sonnien jalostusarvon ennusteita. Ominaisuuksien m\u00e4\u00e4ritelm\u00e4tk\u00e4\u00e4n eiv\u00e4t aina ole t\u00e4ysin samat. Ruotsin Uppsalassa sijaitsevan Interbull-keskuksen teht\u00e4v\u00e4n\u00e4 on muokata j\u00e4senmaidensa kansalliset sonnien j\u00e4lkel\u00e4isarvostelut niin, ett\u00e4 eri maissa arvosteltuja sonneja on mahdollista vertailla kesken\u00e4\u00e4n.<\/p>\r\n\r\n\r\n\r\n<p>Interbull-indeksit julkaistaan kolme kertaa vuodessa. Interbull-indeksej\u00e4 lasketaan tuotos-, rakenne-, hedelm\u00e4llisyys- ja k\u00e4ytt\u00f6ominaisuuksille sek\u00e4 utareterveydelle ja kest\u00e4vyydelle. Hedelm\u00e4llisyydess\u00e4 ja utareterveydess\u00e4 ei kuitenkaan ole kaikista maista tietoja k\u00e4ytett\u00e4viss\u00e4 tai tiedot ovat huomattavasti suppeammat kuin Pohjoismaissa.<\/p>\r\n\r\n\r\n\r\n<p>My\u00f6s nuorten holsteinsonnien genomiarvostelujen vertailu on mahdollista.<\/p>\r\n\r\n\r\n\r\n<p>Sonnien Interbull-indeksit l\u00f6ytyv\u00e4t NAV Interbull-hausta.<\/p>\r\n\r\n\r\n\r\n<h2 class=\"wp-block-heading\">Perinn\u00f6llinen taso eri maissa (vertailutaulukot, joulukuusta 2017 l\u00e4htien englanniksi):<\/h2>\r\n<p><a href=\"https:\/\/nordicebv.info\/wp-content\/uploads\/2026\/04\/INTERBULL-breeding-value-April-2026.pdf\">Huhtikuu 2026<\/a><br \/><a href=\"https:\/\/nordicebv.info\/wp-content\/uploads\/2025\/12\/INTERBULL-breeding-value-December-2025.pdf\">Joulukuu 2025<\/a><br \/><a href=\"https:\/\/nordicebv.info\/wp-content\/uploads\/2025\/08\/INTERBULL-breeding-value-August-2025.pdf\">Elokuu 2025<\/a><br \/><a href=\"https:\/\/nordicebv.info\/wp-content\/uploads\/2025\/04\/INTERBULL-breeding-value-April-2025.pdf\">Huhtikuu 2025<\/a><br \/><a href=\"https:\/\/nordicebv.info\/wp-content\/uploads\/2024\/12\/INTERBULL-breeding-value-December-2024.pdf\">Joulukuu 2024<\/a><br \/><a href=\"https:\/\/nordicebv.info\/wp-content\/uploads\/2024\/08\/INTERBULL-breeding-value-August-2024.pdf\">Elokuu 2024<\/a><br \/><a href=\"https:\/\/nordicebv.info\/wp-content\/uploads\/2024\/04\/INTERBULL-breeding-value-April-2024.pdf\">Huhtikuu 2024<\/a><br \/><a href=\"https:\/\/nordicebv.info\/wp-content\/uploads\/2023\/12\/interbull_info_1223.pdf\">Joulukuu 2023<\/a><br \/><a href=\"https:\/\/nordicebv.info\/wp-content\/uploads\/2023\/08\/INTERBULL-breeding-value-August-2023.pdf\">Elokuu 2023<\/a><br \/><a href=\"https:\/\/nordicebv.info\/wp-content\/uploads\/2023\/04\/INTERBULL-breeding-value-April-2023-1.pdf\">Huhtikuu 2023<\/a><br \/><a href=\"https:\/\/nordicebv.info\/wp-content\/uploads\/2022\/12\/INTERBULL-breeding-value-DEcember-2022.pdf\">Joulukuu 2022<\/a><br \/><a href=\"https:\/\/nordicebv.info\/wp-content\/uploads\/2022\/08\/INTERBULL-breeding-value-August-2022.pdf\">Elokuu 2022<\/a><br \/><a href=\"https:\/\/nordicebv.info\/wp-content\/uploads\/2022\/04\/INTERBULL-breeding-value-April-2022.pdf\">Huhtikuu 2022<\/a><br \/><a href=\"https:\/\/nordicebv.info\/wp-content\/uploads\/2021\/12\/INTERBULL-breeding-value-December-2021.pdf\">Joulukuu 2021<\/a><br \/><a href=\"https:\/\/nordicebv.info\/wp-content\/uploads\/2021\/08\/INTERBULL-breeding-value-August-2021.pdf\">Elokuu 2021<\/a><br \/><a href=\"https:\/\/nordicebv.info\/wp-content\/uploads\/2021\/04\/INTERBULL-breeding-value-April-2021.pdf\">Huhtikuu 2021<\/a><br \/><a href=\"https:\/\/nordicebv.info\/wp-content\/uploads\/2020\/12\/INTERBULL-breeding-value-December-2020.pdf\">Joulukuu 2020<\/a><br \/><a href=\"https:\/\/nordicebv.info\/wp-content\/uploads\/2020\/09\/INTERBULL-breeding-value-August-2020.pdf\">Elokuu 2020<\/a><br \/><a href=\"https:\/\/nordicebv.info\/wp-content\/uploads\/2020\/04\/INTERBULL-breeding-value-April-2020.pdf\">Huhtikuu 2020<\/a><br \/><a href=\"https:\/\/nordicebv.info\/wp-content\/uploads\/2020\/01\/INTERBULL-breeding-value-December-2019.pdf\">Joulukuu 2019<\/a><br \/><a href=\"https:\/\/nordicebv.info\/wp-content\/uploads\/2019\/08\/INTERBULL-breeding-value-August-2019.pdf\">Elokuu 2019<\/a><br \/><a href=\"https:\/\/nordicebv.info\/wp-content\/uploads\/2019\/04\/INTERBULL-breeding-value-April-2019.pdf\">Huhtikuu 2019<\/a><br \/><a href=\"https:\/\/nordicebv.info\/wp-content\/uploads\/2018\/09\/INTERBULL-breeding-value-August-2018.pdf\" target=\"_blank\" rel=\"noreferrer noopener\">Elokuu 2018<\/a><br \/><a href=\"https:\/\/nordicebv.info\/wp-content\/uploads\/2018\/04\/INTERBULL-breeding-value-April-2018.pdf\" target=\"_blank\" rel=\"noreferrer noopener\">Huhtikuu 2018<\/a><br \/><a href=\"https:\/\/nordicebv.info\/wp-content\/uploads\/2017\/12\/INTERBULL-breeding-value-December-2017.pdf\" target=\"_blank\" rel=\"noreferrer noopener\">Joulukuu 2017<\/a><br \/><a href=\"https:\/\/nordicebv.info\/wp-content\/uploads\/2017\/08\/INTERBULL-breeding-value-August-2017_FIN.pdf\" target=\"_blank\" rel=\"noreferrer noopener\">Elokuu 2017<\/a><br \/><a href=\"https:\/\/nordicebv.info\/wp-content\/uploads\/2017\/05\/Uutiskirje-Interbull-arvostelusta-Huhtikuu-2017.pdf\" target=\"_blank\" rel=\"noreferrer noopener\">Huhtikuu 2017<\/a><br \/><a href=\"https:\/\/nordicebv.info\/wp-content\/uploads\/2016\/12\/INTERBULL-breeding-value-December-2016_FIN.pdf\" target=\"_blank\" rel=\"noreferrer noopener\">Joulukuu 2016<\/a><br \/><a href=\"https:\/\/nordicebv.info\/wp-content\/uploads\/2016\/08\/INTERBULL-breeding-value-August-2016_FIN.pdf\" target=\"_blank\" rel=\"noreferrer noopener\">Elokuu 2016<\/a><br \/><a href=\"https:\/\/nordicebv.info\/wp-content\/uploads\/2016\/04\/INTERBULL-breeding-value-April-2016_FIN.pdf\" target=\"_blank\" rel=\"noreferrer noopener\">Huhtikuu 2016<\/a><br \/><a href=\"https:\/\/nordicebv.info\/wp-content\/uploads\/2015\/12\/INTERBULL-breeding-value-December-2015_FIN.pdf\" target=\"_blank\" rel=\"noreferrer noopener\">Joulukuu 2015<\/a><br \/><a href=\"https:\/\/nordicebv.info\/wp-content\/uploads\/2015\/04\/INTERBULL-breeding-value-August-2015_FIN.pdf\" target=\"_blank\" rel=\"noreferrer noopener\">Elokuu 2015<\/a><br \/><a href=\"https:\/\/nordicebv.info\/wp-content\/uploads\/2015\/04\/INTERBULL-breeding-value-April-2015_FIN.pdf\" target=\"_blank\" rel=\"noreferrer noopener\">Huhtikuu 2015<\/a><br \/><a href=\"https:\/\/nordicebv.info\/wp-content\/uploads\/2015\/04\/INTERBULL-breeding-value-December-2014_FIN.pdf\" target=\"_blank\" rel=\"noreferrer noopener\">Joulukuu 2014<\/a><br \/><a href=\"https:\/\/nordicebv.info\/wp-content\/uploads\/2015\/04\/INTERBULL-breeding-value-August-2014_FIN.pdf\" target=\"_blank\" rel=\"noreferrer noopener\">Elokuu 2014<\/a><br \/><a href=\"https:\/\/nordicebv.info\/wp-content\/uploads\/2015\/04\/INTERBULL-breeding-value-April-2014_FIN.pdf\" target=\"_blank\" rel=\"noreferrer noopener\">Huhtikuu 2014<\/a><br \/><a href=\"https:\/\/nordicebv.info\/wp-content\/uploads\/2015\/04\/INTERBULL-breeding-value-december-2013_FIN.pdf\" target=\"_blank\" rel=\"noreferrer noopener\">Joulukuu 2013<\/a><br \/><a href=\"https:\/\/nordicebv.info\/wp-content\/uploads\/2015\/04\/INTERBULL-breeding-value-august-2013_FIN.pdf\" target=\"_blank\" rel=\"noreferrer noopener\">Elokuu 2013<\/a><\/p>\r\n\r\n\r\n\r\n\r\n\r\n\r\n\r\n\r\n\r\n\r\n\r\n\r\n\r\n\r\n\r\n\r\n\r\n\r\n\r\n\r\n\r\n\r\n\r\n\r\n\r\n\r\n\r\n\r\n\r\n\r\n\r\n\r\n\r\n\r\n\r\n\r\n\r\n\r\n\r\n\r\n\r\n\r\n\r\n\r\n\r\n\r\n\r\n\r\n\r\n\r\n\r\n\r\n\r\n\r\n\r\n\r\n\r\n\r\n\r\n\r\n\r\n\r\n\r\n\r\n\r\n\r\n\r\n\r\n\r\n\r\n\r\n\r\n\r\n\r\n\r\n<p>&nbsp;<\/p>\r\n<\/div>\r\n\r\n\r\n\r\n<div class=\"wp-block-column is-layout-flow wp-block-column-is-layout-flow\" style=\"flex-basis: 33.33%;\">\r\n<p><strong><a href=\"https:\/\/nordic.mloy.fi\/InterBull\/\" target=\"_blank\" rel=\"noreferrer noopener\">NAV Interbull-haku<\/a><\/strong><\/p>\r\n\r\n\r\n\r\n<p><strong><a href=\"http:\/\/www.interbull.org\/index\" target=\"_blank\" rel=\"noreferrer noopener\">Interbull<\/a><\/strong><\/p>\r\n<\/div>\r\n<\/div>\r\n","protected":false},"excerpt":{"rendered":"<p>Interbull-jalostusarvot \u2013 Vertaile sonneja kaikkialta maailmasta Lypsykarjaa jalostavissa organisaatioissa on hyvin monenlaisia tapoja laskea sonnien jalostusarvon ennusteita. Ominaisuuksien m\u00e4\u00e4ritelm\u00e4tk\u00e4\u00e4n eiv\u00e4t aina ole t\u00e4ysin samat. Ruotsin Uppsalassa sijaitsevan Interbull-keskuksen teht\u00e4v\u00e4n\u00e4 on muokata j\u00e4senmaidensa kansalliset sonnien j\u00e4lkel\u00e4isarvostelut niin, ett\u00e4 eri maissa arvosteltuja sonneja on mahdollista vertailla kesken\u00e4\u00e4n. Interbull-indeksit julkaistaan kolme kertaa vuodessa. Interbull-indeksej\u00e4 lasketaan tuotos-, rakenne-, hedelm\u00e4llisyys- &#8230; <a title=\"Interbull\" class=\"read-more\" href=\"https:\/\/nordicebv.info\/fi\/interbull\/\" aria-label=\"Lue lis\u00e4\u00e4 aiheesta Interbull\">Lue lis\u00e4\u00e4<\/a><\/p>\n","protected":false},"author":7,"featured_media":0,"parent":0,"menu_order":0,"comment_status":"closed","ping_status":"closed","template":"","meta":{"_exactmetrics_skip_tracking":false,"_exactmetrics_sitenote_active":false,"_exactmetrics_sitenote_note":"","_exactmetrics_sitenote_category":0,"footnotes":""},"class_list":["post-21956","page","type-page","status-publish"],"aioseo_notices":[],"_links":{"self":[{"href":"https:\/\/nordicebv.info\/fi\/wp-json\/wp\/v2\/pages\/21956","targetHints":{"allow":["GET"]}}],"collection":[{"href":"https:\/\/nordicebv.info\/fi\/wp-json\/wp\/v2\/pages"}],"about":[{"href":"https:\/\/nordicebv.info\/fi\/wp-json\/wp\/v2\/types\/page"}],"author":[{"embeddable":true,"href":"https:\/\/nordicebv.info\/fi\/wp-json\/wp\/v2\/users\/7"}],"replies":[{"embeddable":true,"href":"https:\/\/nordicebv.info\/fi\/wp-json\/wp\/v2\/comments?post=21956"}],"version-history":[{"count":8,"href":"https:\/\/nordicebv.info\/fi\/wp-json\/wp\/v2\/pages\/21956\/revisions"}],"predecessor-version":[{"id":24749,"href":"https:\/\/nordicebv.info\/fi\/wp-json\/wp\/v2\/pages\/21956\/revisions\/24749"}],"wp:attachment":[{"href":"https:\/\/nordicebv.info\/fi\/wp-json\/wp\/v2\/media?parent=21956"}],"curies":[{"name":"wp","href":"https:\/\/api.w.org\/{rel}","templated":true}]}}