{"id":21164,"date":"2025-06-18T11:11:53","date_gmt":"2025-06-18T08:11:53","guid":{"rendered":"https:\/\/nordicebv.info\/?page_id=21164"},"modified":"2025-11-21T15:09:56","modified_gmt":"2025-11-21T13:09:56","slug":"liha-lypsy-julkaisu","status":"publish","type":"page","link":"https:\/\/nordicebv.info\/fi\/liha-lypsy-julkaisu\/","title":{"rendered":"Liha-lypsy julkaisu"},"content":{"rendered":"<div class=\"grid-66 tablet-grid-66 mobile-grid-100 first-column\">\n<p>NAVin liha-lypsyarvostelun yksitt\u00e4iset jalostusarvot, indeksit ja NBDI voidaan julkaista kaikille liharotuisille keinosiemennyssonneilla, kun kaksi julkaisukriteeri\u00e4 pit\u00e4\u00e4 t\u00e4yttynyt:<\/p>\n<ol>\n<li>Ominaisuusryhm\u00e4n jalostusarvojen arvosteluvarmuus on tietyll\u00e4 tasolla<\/li>\n<li>Keinosiemennyssonnin omistaja tai siemenen maahantuoja on maksanut kertamaksun. Maksusysteemi otettiin k\u00e4ytt\u00f6\u00f6n 1.1.2020 ja t\u00e4ll\u00e4 hetkell\u00e4 maksu on 1 300 \u20ac per sonni. Mik\u00e4li sonnin omistaja tai siemenen maahan tuoja haluaa sonnille julkaistavan NAVin liha-lypsyristeytysindeksit, kun arvosteluvarmuus on riitt\u00e4v\u00e4, t\u00e4m\u00e4n tulee ottaa yhteytt\u00e4 NAViin (haifa.splittorff@nordicebv.info).<\/li>\n<\/ol>\n<p><strong>Julkaisun ajankohta<\/strong><\/p>\n<p>NAVin liha-lypsyristeysjalostusarvot julkaistiin ensimm\u00e4isen kerran joulukuussa 2018. Vuodesta 2019 alkaen <strong>liha-lypsyristeytysjalostusrvot julkaistaan nelj\u00e4 kertaa vuodessa lypsykarjan NAV-arvostelujen yhteydess\u00e4 (helmi-, touko-, elo- ja marraskuussa)<\/strong>. Uusimmat tulokset l\u00f6ytyv\u00e4t <a href=\"https:\/\/nordic.mloy.fi\/NAVBeef\/\">NAV Pihvihausta<\/a>.<\/p>\n<p><strong>NAV Pihvihaku<\/strong><\/p>\n<p>NAV Pihvihaku sis\u00e4lt\u00e4\u00e4 kaikki julkaisukelpoiset jalostusarvot sek\u00e4 muuta oleellista tietoa ks-lihasonneista, jotka ovat mukana arvostelussa. K\u00e4ytt\u00e4j\u00e4n pit\u00e4\u00e4 valita kasvatuskauden pituus (lyhyt tai pitk\u00e4), jotta saa listan sonneista. Mik\u00e4li muita hakuehtoja ei valita, k\u00e4ytt\u00e4j\u00e4 saa listan sonneista, jotka ovat NBDI:n mukaisessa j\u00e4rjestyksess\u00e4. NAV Pihvihaussa on useita hakuehtoja, joiden perusteella voi listata sonneja tai hakea yksitt\u00e4isi\u00e4 sonneja.<\/p>\n<p>Indeksien esitystapa on samanlainen kuin NAVin lypsyrotujen arvostelussa eli populaation keskiarvo on 100 ja hajonta 10 indeksipistett\u00e4. NBDI:n keskiarvo on 0 ja hajonta 10 indeksipistett\u00e4<\/p>\n<p>&nbsp;<\/p>\n<\/div>\n<div class=\"grid-33 tablet-grid-33 mobile-grid-100 first-column\">\n<p><strong><a href=\"https:\/\/nordic.mloy.fi\/NAVBeef\/\" target=\"_blank\" rel=\"noopener\">NAV Pihvihaku<\/a><\/strong><\/p>\n<p><strong><a href=\"https:\/\/nordicebv.info\/wp-content\/uploads\/2025\/11\/NAV-routine-genetic-evaluation_beef-x-dairy-20251110-1.pdf\">NAVin liha-lypsyristeytysten jalostusarvostelu &#8211; data ja geneettiset mallit<\/a>\u00a0<\/strong>(englanniksi)<\/p>\n<\/div>\n<p>&nbsp;<\/p>\n","protected":false},"excerpt":{"rendered":"<p>NAVin liha-lypsyarvostelun yksitt\u00e4iset jalostusarvot, indeksit ja NBDI voidaan julkaista kaikille liharotuisille keinosiemennyssonneilla, kun kaksi julkaisukriteeri\u00e4 pit\u00e4\u00e4 t\u00e4yttynyt: Ominaisuusryhm\u00e4n jalostusarvojen arvosteluvarmuus on tietyll\u00e4 tasolla Keinosiemennyssonnin omistaja tai siemenen maahantuoja on maksanut kertamaksun. Maksusysteemi otettiin k\u00e4ytt\u00f6\u00f6n 1.1.2020 ja t\u00e4ll\u00e4 hetkell\u00e4 maksu on 1 300 \u20ac per sonni. Mik\u00e4li sonnin omistaja tai siemenen maahan tuoja haluaa sonnille julkaistavan &#8230; <a title=\"Liha-lypsy julkaisu\" class=\"read-more\" href=\"https:\/\/nordicebv.info\/fi\/liha-lypsy-julkaisu\/\" aria-label=\"Lue lis\u00e4\u00e4 aiheesta Liha-lypsy julkaisu\">Lue lis\u00e4\u00e4<\/a><\/p>\n","protected":false},"author":6,"featured_media":0,"parent":0,"menu_order":0,"comment_status":"closed","ping_status":"closed","template":"","meta":{"_exactmetrics_skip_tracking":false,"_exactmetrics_sitenote_active":false,"_exactmetrics_sitenote_note":"","_exactmetrics_sitenote_category":0,"footnotes":""},"class_list":["post-21164","page","type-page","status-publish"],"aioseo_notices":[],"_links":{"self":[{"href":"https:\/\/nordicebv.info\/fi\/wp-json\/wp\/v2\/pages\/21164","targetHints":{"allow":["GET"]}}],"collection":[{"href":"https:\/\/nordicebv.info\/fi\/wp-json\/wp\/v2\/pages"}],"about":[{"href":"https:\/\/nordicebv.info\/fi\/wp-json\/wp\/v2\/types\/page"}],"author":[{"embeddable":true,"href":"https:\/\/nordicebv.info\/fi\/wp-json\/wp\/v2\/users\/6"}],"replies":[{"embeddable":true,"href":"https:\/\/nordicebv.info\/fi\/wp-json\/wp\/v2\/comments?post=21164"}],"version-history":[{"count":3,"href":"https:\/\/nordicebv.info\/fi\/wp-json\/wp\/v2\/pages\/21164\/revisions"}],"predecessor-version":[{"id":23747,"href":"https:\/\/nordicebv.info\/fi\/wp-json\/wp\/v2\/pages\/21164\/revisions\/23747"}],"wp:attachment":[{"href":"https:\/\/nordicebv.info\/fi\/wp-json\/wp\/v2\/media?parent=21164"}],"curies":[{"name":"wp","href":"https:\/\/api.w.org\/{rel}","templated":true}]}}