{"id":21150,"date":"2025-06-18T10:45:12","date_gmt":"2025-06-18T07:45:12","guid":{"rendered":"https:\/\/nordicebv.info\/?page_id=21150"},"modified":"2025-11-21T15:03:47","modified_gmt":"2025-11-21T13:03:47","slug":"kayttoominaisuudet-liha-lypsy","status":"publish","type":"page","link":"https:\/\/nordicebv.info\/fi\/kayttoominaisuudet-liha-lypsy\/","title":{"rendered":"K\u00e4ytt\u00f6ominaisuudet"},"content":{"rendered":"<div class=\"grid-66 tablet-grid-66 mobile-grid-100 first-column\">\n<p><strong>Poikimaominaisuudet<\/strong><\/p>\n<p>Poikimaominaisuuksia on nelj\u00e4: Vasikkakuolleisuus 1. lypsykaudella ja my\u00f6hemmill\u00e4 lypsykausilla, poikimahelppous 1. lypsykaudella ja my\u00f6hemmill\u00e4 lypsykausilla. Poikimaominaisuuksien jalostusarvot voidaan julkaista, mik\u00e4li ominaisuuksien vasikkakuolleisuus tai poikimahelppous my\u00f6hemmill\u00e4 lypsykausilla arvosteluvarmuus on v\u00e4hint\u00e4\u00e4n 50 %. Arvostelussa k\u00e4ytet\u00e4\u00e4n indikaattoriominaisuutena tietoa vasikan koosta (saatavilla vain Tanskasta).<\/p>\n<p>Syntym\u00e4indeksi koostuu kahdesta jalostusarvosta: vasikkakuolleisuus ja poikimavaikeus my\u00f6hemmill\u00e4 lypsykausilla.Syntym\u00e4indeksi on mukana NBDI:ss\u00e4.<\/p>\n<p><strong>Vasikan elinvoima<\/strong><\/p>\n<p>Elinvoimaominaisuuksia on kolme: Vasikan elinvoima, vasikan elinvoima 1\u201330 pv (jakso 1) ja vasikan elinvoima 31-200 pv (jakso 2). Vasikan elinvoima on yhdistelm\u00e4indeksi, jossa jakson 1 jalostusarvolla on paino 0.36 ja jakson 2 paino on 0.86. Jakson 1 jalostusarvo perustuu sonnin j\u00e4lkel\u00e4isten selviytymiseen p\u00e4iv\u00e4st\u00e4 1 p\u00e4iv\u00e4\u00e4n 30 ja vastaavasti jakson 2 jalostusarvo perustuu sonnin j\u00e4lkel\u00e4isten selviytymiseen v\u00e4lill\u00e4 31 ja 200 p\u00e4iv\u00e4\u00e4.<\/p>\n<p>Kaikki kolme jalostusarvoa julkaistaan, kun sonnin arvosteluvarmuus jakson 2 indeksille on v\u00e4hint\u00e4\u00e4n 50 % tai sonnilla on v\u00e4hint\u00e4\u00e4n 500 j\u00e4lkel\u00e4ist\u00e4 jaksolla 2 tai sill\u00e4 on julkaistavat indeksit poikima- ja kasvuominaisuuksille.<\/p>\n<p>Vasikan elinvoima on mukana NBDI:ss\u00e4.<\/p>\n<p><strong>Tiineysaika<\/strong><\/p>\n<p>Tiineysaika, lehm\u00e4 kuvaa sonnin j\u00e4lkel\u00e4isten tiineysajan pituutta suhteessa keskim\u00e4\u00e4r\u00e4iseen tiineysaikaan, kun j\u00e4lkel\u00e4isen em\u00e4n\u00e4 on v\u00e4hint\u00e4\u00e4n kerran poikinut lehm\u00e4. Tiineysajan jalostusarvo ilmaistaan p\u00e4ivin\u00e4 ja se on poikkeama p\u00e4ivin\u00e4 standardoidusta lypsykarjan keskim\u00e4\u00e4r\u00e4isest\u00e4 tiineysajan pituudesta, mik\u00e4 on asetettu 280 p\u00e4iv\u00e4\u00e4n.<\/p>\n<p>Tiineysajan jalostusarvo julkaistaan, kun sonnilla on julkaisukelpoinen jalostusarvo poikimaominaisuuksissa ja tiineysajan arvosteluvarmuus on yli 50 %.<\/p>\n<p>Lis\u00e4tietoa:<\/p>\n<p><a href=\"https:\/\/nordicebv.info\/wp-content\/uploads\/2023\/05\/GL-text_v2_FIN.pdf\">Uusi ominaisuus liha-lypsyarvosteluun: tiineysaika<\/a><\/p>\n<p><a href=\"https:\/\/nordicebv.info\/wp-content\/uploads\/2022\/11\/YSS-abstract-FIN.pdf\">Vasikan elinvoima mukaan liha-lypsyarvosteluun<\/a><\/p>\n<\/div>\n<div class=\"grid-33 tablet-grid-33 mobile-grid-100 first-column\">\n<p><strong><a href=\"https:\/\/nordic.mloy.fi\/NAVBeef\/\" target=\"_blank\" rel=\"noopener\">NAV Pihvihaku<\/a><\/strong><\/p>\n<p><a href=\"https:\/\/nordicebv.info\/wp-content\/uploads\/2025\/11\/NAV-routine-genetic-evaluation_beef-x-dairy-20251110-1.pdf\"><strong>NAVin liha-lypsyristeytysten jalostusarvostelu &#8211; data ja geneettiset mallit<\/strong><\/a> (englanniksi)<\/p>\n<\/div>\n","protected":false},"excerpt":{"rendered":"<p>Poikimaominaisuudet Poikimaominaisuuksia on nelj\u00e4: Vasikkakuolleisuus 1. lypsykaudella ja my\u00f6hemmill\u00e4 lypsykausilla, poikimahelppous 1. lypsykaudella ja my\u00f6hemmill\u00e4 lypsykausilla. Poikimaominaisuuksien jalostusarvot voidaan julkaista, mik\u00e4li ominaisuuksien vasikkakuolleisuus tai poikimahelppous my\u00f6hemmill\u00e4 lypsykausilla arvosteluvarmuus on v\u00e4hint\u00e4\u00e4n 50 %. Arvostelussa k\u00e4ytet\u00e4\u00e4n indikaattoriominaisuutena tietoa vasikan koosta (saatavilla vain Tanskasta). Syntym\u00e4indeksi koostuu kahdesta jalostusarvosta: vasikkakuolleisuus ja poikimavaikeus my\u00f6hemmill\u00e4 lypsykausilla.Syntym\u00e4indeksi on mukana NBDI:ss\u00e4. Vasikan elinvoima &#8230; <a title=\"K\u00e4ytt\u00f6ominaisuudet\" class=\"read-more\" href=\"https:\/\/nordicebv.info\/fi\/kayttoominaisuudet-liha-lypsy\/\" aria-label=\"Lue lis\u00e4\u00e4 aiheesta K\u00e4ytt\u00f6ominaisuudet\">Lue lis\u00e4\u00e4<\/a><\/p>\n","protected":false},"author":6,"featured_media":0,"parent":0,"menu_order":0,"comment_status":"closed","ping_status":"closed","template":"","meta":{"_exactmetrics_skip_tracking":false,"_exactmetrics_sitenote_active":false,"_exactmetrics_sitenote_note":"","_exactmetrics_sitenote_category":0,"footnotes":""},"class_list":["post-21150","page","type-page","status-publish"],"aioseo_notices":[],"_links":{"self":[{"href":"https:\/\/nordicebv.info\/fi\/wp-json\/wp\/v2\/pages\/21150","targetHints":{"allow":["GET"]}}],"collection":[{"href":"https:\/\/nordicebv.info\/fi\/wp-json\/wp\/v2\/pages"}],"about":[{"href":"https:\/\/nordicebv.info\/fi\/wp-json\/wp\/v2\/types\/page"}],"author":[{"embeddable":true,"href":"https:\/\/nordicebv.info\/fi\/wp-json\/wp\/v2\/users\/6"}],"replies":[{"embeddable":true,"href":"https:\/\/nordicebv.info\/fi\/wp-json\/wp\/v2\/comments?post=21150"}],"version-history":[{"count":4,"href":"https:\/\/nordicebv.info\/fi\/wp-json\/wp\/v2\/pages\/21150\/revisions"}],"predecessor-version":[{"id":23731,"href":"https:\/\/nordicebv.info\/fi\/wp-json\/wp\/v2\/pages\/21150\/revisions\/23731"}],"wp:attachment":[{"href":"https:\/\/nordicebv.info\/fi\/wp-json\/wp\/v2\/media?parent=21150"}],"curies":[{"name":"wp","href":"https:\/\/api.w.org\/{rel}","templated":true}]}}