{"id":21142,"date":"2025-06-18T10:32:41","date_gmt":"2025-06-18T07:32:41","guid":{"rendered":"https:\/\/nordicebv.info\/?page_id=21142"},"modified":"2025-11-21T15:00:26","modified_gmt":"2025-11-21T13:00:26","slug":"nbdi","status":"publish","type":"page","link":"https:\/\/nordicebv.info\/fi\/nbdi\/","title":{"rendered":"NBDI"},"content":{"rendered":"<div class=\"grid-66 tablet-grid-66 mobile-grid-100 first-column\">\n<p><strong>Liha-lypsyristeytysarvostelu<\/strong><\/p>\n<p>NAV laskee jalostusarvot liharotuisille keinosiemennyssonneille, joita on k\u00e4ytetty lypsykarjoissa. Laskenta perustuu risteytysj\u00e4lkel\u00e4isten tuloksiin. Jalostusarvojen avulla voidaan valita parhaat liharotuiset sonnit, joiden risteytysvasikat syntyv\u00e4t helposti ja joilla on hyv\u00e4 kasvu ja hyv\u00e4t ruhon laatuominaisuudet. Arvostelussa mukana olevien risteytysvasikoiden emien rotuina ovat holstein, pohjoismaiset punaiset rodut ja jersey. Mik\u00e4li julkaisuvaatimukset t\u00e4yttyv\u00e4t, liharotusonneille voidaan julkaista kymmenen eri ominaisuuden jalostusarvot. Yksitt\u00e4isist\u00e4 jalostusarvoista muodostetaan taloudellisten painokertoimien avulla yhdistelm\u00e4indeksit syntym\u00e4, kasvu ja vasikan elinvoima, jotka ovat mukana pohjoismaisessa liha-lypsyristeytysindeksiss\u00e4, NBDI (Nordic BeefxDairy Index).<\/p>\n<p><strong>Pohjoismainen liha-lypsyristeytysindeksi, NBDI<\/strong><\/p>\n<p>Pohjoismainen liha-lypsyristeytysindeksi (NBDI) kuvaa liharotusonnin taloudellista arvoa perustuen sen perinn\u00f6lliseen tasoon tuottaa risteytysj\u00e4lkel\u00e4isi\u00e4, joista viljelij\u00e4 saa parhaan taloudellisen tuoton. NBDI koostuu\u00a0 kolmesta indeksist\u00e4, syntym\u00e4, kasvu ja vasikan elinvoima. Kasvatuskauden pituus ja intensiteetti vaikuttaa kasvuominaisuuksien taloudelliseen arvoon. Jokainen sonni saa erilaiset arvot kasvuindeksille ja NBDI:lle riippuen siit\u00e4 onko kasvatuskauden pituus lyhyt (alle 550 pv.) vai pitk\u00e4 (yli 550 pv.). Pitk\u00e4 kasvatuskausi on k\u00e4yt\u00f6ss\u00e4 Suomessa ja Ruotsissa ja lyhyt kasvatuskausi on k\u00e4yt\u00f6ss\u00e4 Tanskassa.<\/p>\n<p><strong>Syntym\u00e4indeksi<\/strong> koostuu kahdesta jalostusarvosta: vasikkakuolleisuus ja poikimavaikeus my\u00f6hemmill\u00e4 lypsykausilla. N\u00e4it\u00e4 painotetaan syntym\u00e4indeksiss\u00e4 taloudellisilla painokertoimilla<\/p>\n<p><strong>Kasvu, lyhyt tai pitk\u00e4<\/strong>, koostuu kolmesta jalostusarvosta: nettokasvu, ruhon laatu- ja rasvaluokka, joita painotetaan kasvuindeksiss\u00e4 taloudellisilla painokertoimilla.<\/p>\n<p><strong>Vasikan elinvoima,<\/strong> koostuu kahdesta jalostusarvosta: vasikan elinvoima 1\u201330 pv (jakso 1) ja vasikan elinvoima 31-200 pv (jakso 2), jotka on yhdistetty taloudellisissa arvoilla.<\/p>\n<p><strong>NBDI, lyhyt tai pitk\u00e4,<\/strong> sis\u00e4lt\u00e4\u00e4 vasikan elinvoiman, syntym\u00e4indeksin ja kasvun, lyhyt tai pitk\u00e4. N\u00e4m\u00e4 yhdistet\u00e4\u00e4n taloudellisilla painoilla, jotka ovat perusteellisten taloudellisten laskelmien tulos. Laskelmissa on huomioitu tulevaisuuden tuotanto-olosuhteita ja odotuksia sek\u00e4 hintasuhteita.<\/p>\n<p>Kun lypsykarjassa k\u00e4ytett\u00e4v\u00e4t liharotusonnit valitaan NBDI:n perusteella, risteytysvasikat syntyv\u00e4t helposti, kasvavat hyvin, niill\u00e4 on hyv\u00e4t teurasominaisuudet ja niill\u00e4 on hyv\u00e4 elinvoima kasvatuskaudella. Valinta NBDI:n perusteella parantaa taloudellista tulosta.<\/p>\n<p>&nbsp;<\/p>\n<p>Lis\u00e4tietoa:<\/p>\n<p><a href=\"https:\/\/nordicebv.info\/wp-content\/uploads\/2024\/11\/NBDI-of-beef-sires-used-for-dairy-crosses-final-version.pdf\">Total Merit Index (NBDI) for beef sires used for dairy cattle<\/a> (englanniksi, p\u00e4ivitetty 2024)<\/p>\n<p><a href=\"https:\/\/nordicebv.info\/wp-content\/uploads\/2020\/10\/BxD_final_report.pdf\">BxD breeding values \u2013 Final report<\/a> (englanniksi)<\/p>\n<p><a href=\"https:\/\/vimeo.com\/396660324\" target=\"_blank\" rel=\"noopener\">Webinaari about BxD breeding values<\/a> (englanniksi)<\/p>\n<\/div>\n<div class=\"grid-33 tablet-grid-33 mobile-grid-100 first-column\">\n<p><strong><a href=\"https:\/\/nordic.mloy.fi\/NAVBeef\/\" target=\"_blank\" rel=\"noopener\">NAV Pihvihaku<\/a><\/strong><\/p>\n<p><a title=\"Yhteenveto fenotyyppisist\u00e4 arvoista - Liha-lypsyarvostelu\" href=\"https:\/\/nordicebv.info\/wp-content\/uploads\/2025\/02\/Overview-of-phenotypic-values-BxD_FIN-update-2025.pdf\"><strong>Yhteenveto fenotyyppisist\u00e4 arvoista &#8211; Liha-lypsyarvostelu<\/strong><\/a><\/p>\n<p><strong> <a href=\"https:\/\/nordicebv.info\/wp-content\/uploads\/2025\/11\/NAV-routine-genetic-evaluation_beef-x-dairy-20251110-1.pdf\">NAVin liha-lypsyristeytysten jalostusarvostelu &#8211; data ja geneettiset mallit\u00a0<\/a><\/strong>(englanniksi)<\/p>\n<p><strong><a href=\"https:\/\/nordicebv.info\/wp-content\/uploads\/2024\/11\/Changes-in-BxD-evaluation-2018-2024-FIN.pdf\">Muutokset NAVin liha-lypsyarvostelussa<\/a><\/strong><\/p>\n<p><strong><a href=\"https:\/\/nordicebv.info\/wp-content\/uploads\/2025\/06\/NBDI-weights-and-correlations-FIN.pdf\">NBDI painokertoimet ja korrelaatiot<\/a><\/strong><\/p>\n<\/div>\n","protected":false},"excerpt":{"rendered":"<p>Liha-lypsyristeytysarvostelu NAV laskee jalostusarvot liharotuisille keinosiemennyssonneille, joita on k\u00e4ytetty lypsykarjoissa. Laskenta perustuu risteytysj\u00e4lkel\u00e4isten tuloksiin. Jalostusarvojen avulla voidaan valita parhaat liharotuiset sonnit, joiden risteytysvasikat syntyv\u00e4t helposti ja joilla on hyv\u00e4 kasvu ja hyv\u00e4t ruhon laatuominaisuudet. Arvostelussa mukana olevien risteytysvasikoiden emien rotuina ovat holstein, pohjoismaiset punaiset rodut ja jersey. Mik\u00e4li julkaisuvaatimukset t\u00e4yttyv\u00e4t, liharotusonneille voidaan julkaista kymmenen eri &#8230; <a title=\"NBDI\" class=\"read-more\" href=\"https:\/\/nordicebv.info\/fi\/nbdi\/\" aria-label=\"Lue lis\u00e4\u00e4 aiheesta NBDI\">Lue lis\u00e4\u00e4<\/a><\/p>\n","protected":false},"author":6,"featured_media":0,"parent":0,"menu_order":0,"comment_status":"closed","ping_status":"closed","template":"","meta":{"_exactmetrics_skip_tracking":false,"_exactmetrics_sitenote_active":false,"_exactmetrics_sitenote_note":"","_exactmetrics_sitenote_category":0,"footnotes":""},"class_list":["post-21142","page","type-page","status-publish"],"aioseo_notices":[],"_links":{"self":[{"href":"https:\/\/nordicebv.info\/fi\/wp-json\/wp\/v2\/pages\/21142","targetHints":{"allow":["GET"]}}],"collection":[{"href":"https:\/\/nordicebv.info\/fi\/wp-json\/wp\/v2\/pages"}],"about":[{"href":"https:\/\/nordicebv.info\/fi\/wp-json\/wp\/v2\/types\/page"}],"author":[{"embeddable":true,"href":"https:\/\/nordicebv.info\/fi\/wp-json\/wp\/v2\/users\/6"}],"replies":[{"embeddable":true,"href":"https:\/\/nordicebv.info\/fi\/wp-json\/wp\/v2\/comments?post=21142"}],"version-history":[{"count":7,"href":"https:\/\/nordicebv.info\/fi\/wp-json\/wp\/v2\/pages\/21142\/revisions"}],"predecessor-version":[{"id":23723,"href":"https:\/\/nordicebv.info\/fi\/wp-json\/wp\/v2\/pages\/21142\/revisions\/23723"}],"wp:attachment":[{"href":"https:\/\/nordicebv.info\/fi\/wp-json\/wp\/v2\/media?parent=21142"}],"curies":[{"name":"wp","href":"https:\/\/api.w.org\/{rel}","templated":true}]}}