{"id":21132,"date":"2025-06-18T11:04:51","date_gmt":"2025-06-18T08:04:51","guid":{"rendered":"https:\/\/nordicebv.info\/?page_id=21132"},"modified":"2025-11-21T15:06:29","modified_gmt":"2025-11-21T13:06:29","slug":"teurasominaisuudet","status":"publish","type":"page","link":"https:\/\/nordicebv.info\/fi\/teurasominaisuudet\/","title":{"rendered":"Teurasominaisuudet"},"content":{"rendered":"<div class=\"grid-66 tablet-grid-66 mobile-grid-100 first-column\"><strong>Nettokasvu <\/strong>tarkoittaa kasvua syntym\u00e4st\u00e4 teurastukseen. Se kuvaa sonnin j\u00e4lkel\u00e4isten odotettua perinn\u00f6llist\u00e4 tasoa nettokasvun suhteen, kun kasvatuskausi on joko lyhyt (&lt;550 p\u00e4iv\u00e4\u00e4) tai pitk\u00e4 (&gt;550 p\u00e4iv\u00e4\u00e4).<\/div>\n<div class=\"grid-66 tablet-grid-66 mobile-grid-100 first-column\">\n<p>&nbsp;<\/p>\n<p><strong>Ruhon laatuluokka<\/strong> tarkoittaa ruhon lihakkuutta arvosteltuna teurastamosssa EUROP-asteikolla.<\/p>\n<p><strong>Ruhon rasvaluokka <\/strong>tarkoittaa ruhon ulkoisen rasvan m\u00e4\u00e4r\u00e4\u00e4 arvosteltuna teurastamossa.<\/p>\n<p>Indeksit nettokasvussa, ruhon laatu- ja rasvaluokassa ovat keskiarvoja uros- ja naarasj\u00e4lkel\u00e4isten perusteella erikseen lasketuista jalostusarvoista. Teurasominaisuuksissa indeksien julkaisuehtona on v\u00e4hint\u00e4\u00e4n 50 % arvosteluvarmuus ruhon laatuluokassa.<\/p>\n<p><strong>Kasvu<\/strong> (pitk\u00e4\/lyhyt) sis\u00e4lt\u00e4\u00e4 nettokasvun, ruhon laatuluokan ja ruhon rasvaluokan jalostusarvot. Kasvu (pitk\u00e4, lyhyt) on mukana NBDI:ss\u00e4.<\/p>\n<\/div>\n<div class=\"grid-33 tablet-grid-33 mobile-grid-100 first-column\">\n<p><strong><a href=\"https:\/\/nordic.mloy.fi\/NAVBeef\/\" target=\"_blank\" rel=\"noopener\">NAV Pihvihaku<\/a><\/strong><\/p>\n<p><strong><a href=\"https:\/\/nordicebv.info\/wp-content\/uploads\/2025\/11\/NAV-routine-genetic-evaluation_beef-x-dairy-20251110-1.pdf\">NAVin liha-lypsyristeytysten jalostusarvostelu &#8211; data ja geneettiset mallit<\/a><\/strong> (englanniksi)<\/p>\n<\/div>\n","protected":false},"excerpt":{"rendered":"<p>Nettokasvu tarkoittaa kasvua syntym\u00e4st\u00e4 teurastukseen. Se kuvaa sonnin j\u00e4lkel\u00e4isten odotettua perinn\u00f6llist\u00e4 tasoa nettokasvun suhteen, kun kasvatuskausi on joko lyhyt (&lt;550 p\u00e4iv\u00e4\u00e4) tai pitk\u00e4 (&gt;550 p\u00e4iv\u00e4\u00e4). &nbsp; Ruhon laatuluokka tarkoittaa ruhon lihakkuutta arvosteltuna teurastamosssa EUROP-asteikolla. Ruhon rasvaluokka tarkoittaa ruhon ulkoisen rasvan m\u00e4\u00e4r\u00e4\u00e4 arvosteltuna teurastamossa. Indeksit nettokasvussa, ruhon laatu- ja rasvaluokassa ovat keskiarvoja uros- ja naarasj\u00e4lkel\u00e4isten perusteella &#8230; <a title=\"Teurasominaisuudet\" class=\"read-more\" href=\"https:\/\/nordicebv.info\/fi\/teurasominaisuudet\/\" aria-label=\"Lue lis\u00e4\u00e4 aiheesta Teurasominaisuudet\">Lue lis\u00e4\u00e4<\/a><\/p>\n","protected":false},"author":6,"featured_media":0,"parent":0,"menu_order":0,"comment_status":"closed","ping_status":"closed","template":"","meta":{"_exactmetrics_skip_tracking":false,"_exactmetrics_sitenote_active":false,"_exactmetrics_sitenote_note":"","_exactmetrics_sitenote_category":0,"footnotes":""},"class_list":["post-21132","page","type-page","status-publish"],"aioseo_notices":[],"_links":{"self":[{"href":"https:\/\/nordicebv.info\/fi\/wp-json\/wp\/v2\/pages\/21132","targetHints":{"allow":["GET"]}}],"collection":[{"href":"https:\/\/nordicebv.info\/fi\/wp-json\/wp\/v2\/pages"}],"about":[{"href":"https:\/\/nordicebv.info\/fi\/wp-json\/wp\/v2\/types\/page"}],"author":[{"embeddable":true,"href":"https:\/\/nordicebv.info\/fi\/wp-json\/wp\/v2\/users\/6"}],"replies":[{"embeddable":true,"href":"https:\/\/nordicebv.info\/fi\/wp-json\/wp\/v2\/comments?post=21132"}],"version-history":[{"count":5,"href":"https:\/\/nordicebv.info\/fi\/wp-json\/wp\/v2\/pages\/21132\/revisions"}],"predecessor-version":[{"id":23739,"href":"https:\/\/nordicebv.info\/fi\/wp-json\/wp\/v2\/pages\/21132\/revisions\/23739"}],"wp:attachment":[{"href":"https:\/\/nordicebv.info\/fi\/wp-json\/wp\/v2\/media?parent=21132"}],"curies":[{"name":"wp","href":"https:\/\/api.w.org\/{rel}","templated":true}]}}