{"id":20317,"date":"2025-05-06T09:42:27","date_gmt":"2025-05-06T06:42:27","guid":{"rendered":"https:\/\/nordicebv.info\/?page_id=20317"},"modified":"2026-02-03T10:32:44","modified_gmt":"2026-02-03T08:32:44","slug":"metaani","status":"publish","type":"page","link":"https:\/\/nordicebv.info\/fi\/metaani\/","title":{"rendered":"Metaani"},"content":{"rendered":"<div class=\"grid-66 tablet-grid-66 mobile-grid-100 first-column\">\n<h2>Metaani<\/h2>\n<p>Metaani-indeksi kuvaa perinn\u00f6llist\u00e4 kyky\u00e4 tuottaa v\u00e4hemm\u00e4n metaania lehm\u00e4n p\u00f6tsiss\u00e4, jolloin metaanip\u00e4\u00e4st\u00f6t v\u00e4henev\u00e4t. Aineistona k\u00e4ytet\u00e4\u00e4n sniffer-laitteiden mittauksia uloshengitysilman metaani- ja hiiilidioksidipitoisuuksista lehm\u00e4n sy\u00f6dess\u00e4 lypsyrobotilla. Metaani-indeksi perustuu uloshengitysilman metaanipitoisuuteen. Alhaisempi metaanipitoisuus tarkoittaa v\u00e4h\u00e4isemp\u00e4\u00e4 metaanin tuotantoa.<\/p>\n<p>Lue lis\u00e4\u00e4:<\/p>\n<p><a href=\"https:\/\/nordicebv.info\/wp-content\/uploads\/2025\/05\/First-Nordic-methane-index-FINAL_FIN.pdf\">Pohjoismainen metaani-indeksi<\/a><\/p>\n<p><a href=\"https:\/\/nordicebv.info\/wp-content\/uploads\/2026\/02\/HOLbulls-Methane-index-February2026.pdf\">HOL-sonnien metaani-indeksit, helmikuu 2026<\/a><\/p>\n<\/div>\n<div class=\"grid-33 tablet-grid-33 mobile-grid-100 first-column\">\n<p><strong><a href=\"https:\/\/nordic.mloy.fi\/NAVBull\/\" target=\"_blank\" rel=\"noopener\">NAV Sonnihaku<\/a><\/strong><\/p>\n<\/div>\n","protected":false},"excerpt":{"rendered":"<p>Metaani Metaani-indeksi kuvaa perinn\u00f6llist\u00e4 kyky\u00e4 tuottaa v\u00e4hemm\u00e4n metaania lehm\u00e4n p\u00f6tsiss\u00e4, jolloin metaanip\u00e4\u00e4st\u00f6t v\u00e4henev\u00e4t. Aineistona k\u00e4ytet\u00e4\u00e4n sniffer-laitteiden mittauksia uloshengitysilman metaani- ja hiiilidioksidipitoisuuksista lehm\u00e4n sy\u00f6dess\u00e4 lypsyrobotilla. Metaani-indeksi perustuu uloshengitysilman metaanipitoisuuteen. Alhaisempi metaanipitoisuus tarkoittaa v\u00e4h\u00e4isemp\u00e4\u00e4 metaanin tuotantoa. Lue lis\u00e4\u00e4: Pohjoismainen metaani-indeksi HOL-sonnien metaani-indeksit, helmikuu 2026 NAV Sonnihaku<\/p>\n","protected":false},"author":6,"featured_media":0,"parent":0,"menu_order":0,"comment_status":"closed","ping_status":"closed","template":"","meta":{"_exactmetrics_skip_tracking":false,"_exactmetrics_sitenote_active":false,"_exactmetrics_sitenote_note":"","_exactmetrics_sitenote_category":0,"footnotes":""},"class_list":["post-20317","page","type-page","status-publish"],"aioseo_notices":[],"_links":{"self":[{"href":"https:\/\/nordicebv.info\/fi\/wp-json\/wp\/v2\/pages\/20317","targetHints":{"allow":["GET"]}}],"collection":[{"href":"https:\/\/nordicebv.info\/fi\/wp-json\/wp\/v2\/pages"}],"about":[{"href":"https:\/\/nordicebv.info\/fi\/wp-json\/wp\/v2\/types\/page"}],"author":[{"embeddable":true,"href":"https:\/\/nordicebv.info\/fi\/wp-json\/wp\/v2\/users\/6"}],"replies":[{"embeddable":true,"href":"https:\/\/nordicebv.info\/fi\/wp-json\/wp\/v2\/comments?post=20317"}],"version-history":[{"count":8,"href":"https:\/\/nordicebv.info\/fi\/wp-json\/wp\/v2\/pages\/20317\/revisions"}],"predecessor-version":[{"id":24312,"href":"https:\/\/nordicebv.info\/fi\/wp-json\/wp\/v2\/pages\/20317\/revisions\/24312"}],"wp:attachment":[{"href":"https:\/\/nordicebv.info\/fi\/wp-json\/wp\/v2\/media?parent=20317"}],"curies":[{"name":"wp","href":"https:\/\/api.w.org\/{rel}","templated":true}]}}