{"id":19661,"date":"2025-03-05T10:10:48","date_gmt":"2025-03-05T08:10:48","guid":{"rendered":"https:\/\/nordicebv.info\/?page_id=19661"},"modified":"2025-03-05T10:10:48","modified_gmt":"2025-03-05T08:10:48","slug":"perinnollinen-edistyminen-lihakarja","status":"publish","type":"page","link":"https:\/\/nordicebv.info\/fi\/lihakarja\/perinnollinen-edistyminen-lihakarja\/","title":{"rendered":"Perinn\u00f6llinen edistyminen &#8211; lihakarja"},"content":{"rendered":"<p>Perinn\u00f6llisen edistymisen kuvaajat eli trendit kertovat, miten rotu on kehittynyt vuosien varrella ja eteneek\u00f6 jalostus toivottuun suuntaan kyseisess\u00e4 ominaisuudessa. Trendit muodostetaan laskemalla jokaisen ik\u00e4luokan sonnien ja lehmien indeksien keskiarvo.<\/p>\n<p><a href=\"https:\/\/nordic.mloy.fi\/NAVTrends\/beef\" target=\"_blank\" rel=\"noopener\">NAV Trendit \u2013 Liharodut<\/a> palvelusta l\u00f6yd\u00e4t pohjoismaiset perinn\u00f6llisen edistymisen trendit.<\/p>\n<p>Siell\u00e4 voi muodostaa kuvaajia perinn\u00f6llisest\u00e4 edistymisest\u00e4 yhdistelm\u00e4indeksien suhteen. Trendej\u00e4 voi tarkastella roduittain ja maittain (Suomi, Ruotsi, Tanska tai kaikki maat yhdess\u00e4).<\/p>\n","protected":false},"excerpt":{"rendered":"<p>Perinn\u00f6llisen edistymisen kuvaajat eli trendit kertovat, miten rotu on kehittynyt vuosien varrella ja eteneek\u00f6 jalostus toivottuun suuntaan kyseisess\u00e4 ominaisuudessa. Trendit muodostetaan laskemalla jokaisen ik\u00e4luokan sonnien ja lehmien indeksien keskiarvo. NAV Trendit \u2013 Liharodut palvelusta l\u00f6yd\u00e4t pohjoismaiset perinn\u00f6llisen edistymisen trendit. Siell\u00e4 voi muodostaa kuvaajia perinn\u00f6llisest\u00e4 edistymisest\u00e4 yhdistelm\u00e4indeksien suhteen. Trendej\u00e4 voi tarkastella roduittain ja maittain (Suomi, Ruotsi, &#8230; <a title=\"Perinn\u00f6llinen edistyminen &#8211; lihakarja\" class=\"read-more\" href=\"https:\/\/nordicebv.info\/fi\/lihakarja\/perinnollinen-edistyminen-lihakarja\/\" aria-label=\"Lue lis\u00e4\u00e4 aiheesta Perinn\u00f6llinen edistyminen &#8211; lihakarja\">Lue lis\u00e4\u00e4<\/a><\/p>\n","protected":false},"author":6,"featured_media":0,"parent":8171,"menu_order":0,"comment_status":"closed","ping_status":"closed","template":"","meta":{"_exactmetrics_skip_tracking":false,"_exactmetrics_sitenote_active":false,"_exactmetrics_sitenote_note":"","_exactmetrics_sitenote_category":0,"footnotes":""},"class_list":["post-19661","page","type-page","status-publish"],"aioseo_notices":[],"_links":{"self":[{"href":"https:\/\/nordicebv.info\/fi\/wp-json\/wp\/v2\/pages\/19661","targetHints":{"allow":["GET"]}}],"collection":[{"href":"https:\/\/nordicebv.info\/fi\/wp-json\/wp\/v2\/pages"}],"about":[{"href":"https:\/\/nordicebv.info\/fi\/wp-json\/wp\/v2\/types\/page"}],"author":[{"embeddable":true,"href":"https:\/\/nordicebv.info\/fi\/wp-json\/wp\/v2\/users\/6"}],"replies":[{"embeddable":true,"href":"https:\/\/nordicebv.info\/fi\/wp-json\/wp\/v2\/comments?post=19661"}],"version-history":[{"count":1,"href":"https:\/\/nordicebv.info\/fi\/wp-json\/wp\/v2\/pages\/19661\/revisions"}],"predecessor-version":[{"id":19663,"href":"https:\/\/nordicebv.info\/fi\/wp-json\/wp\/v2\/pages\/19661\/revisions\/19663"}],"up":[{"embeddable":true,"href":"https:\/\/nordicebv.info\/fi\/wp-json\/wp\/v2\/pages\/8171"}],"wp:attachment":[{"href":"https:\/\/nordicebv.info\/fi\/wp-json\/wp\/v2\/media?parent=19661"}],"curies":[{"name":"wp","href":"https:\/\/api.w.org\/{rel}","templated":true}]}}