{"id":17697,"date":"2024-09-13T12:21:08","date_gmt":"2024-09-13T09:21:08","guid":{"rendered":"https:\/\/nordicebv.info\/?page_id=17697"},"modified":"2024-09-13T12:23:32","modified_gmt":"2024-09-13T09:23:32","slug":"pohjoismainen-lihakarja","status":"publish","type":"page","link":"https:\/\/nordicebv.info\/fi\/lihakarja\/pohjoismainen-lihakarja\/","title":{"rendered":"Pohjoismainen lihakarja"},"content":{"rendered":"<p>NAV laskee jalostusarvot useiden lihakarjarotujen sonneille ja lehmille. N\u00e4ist\u00e4 useimmilla roduilla on aktiivista jalostustoimintaa\u00a0 kaikissa Pohjoismaissa, kun taas muutamilla roduilla on aktiivista jalostusta vain Tanskassa.<\/p>\n<p>Alla olevassa taulukossa on listattu rodut, jotka ovat mukana NAVin lihakarjan jalostusarvostelussa ja lehmien m\u00e4\u00e4r\u00e4 maittain. Lehmien m\u00e4\u00e4r\u00e4 tarkoittaa emotarkkailussa olevien lehmien m\u00e4\u00e4r\u00e4\u00e4.<\/p>\n\n<table id=\"tablepress-4\" class=\"tablepress tablepress-id-4\">\n<thead>\n<tr class=\"row-1\">\n\t<th class=\"column-1\">Breed\/Race\/Rotu\/Ras<\/th><th class=\"column-2\">DNK<\/th><th class=\"column-3\">FIN<\/th><th class=\"column-4\">SWE<\/th>\n<\/tr>\n<\/thead>\n<tbody class=\"row-striping row-hover\">\n<tr class=\"row-2\">\n\t<td class=\"column-1\">Aberdeen Angus<\/td><td class=\"column-2\">2697<\/td><td class=\"column-3\">2913<\/td><td class=\"column-4\">4154<\/td>\n<\/tr>\n<tr class=\"row-3\">\n\t<td class=\"column-1\">Blonde d\u2019Aquitaine<\/td><td class=\"column-2\">471<\/td><td class=\"column-3\">137<\/td><td class=\"column-4\">664<\/td>\n<\/tr>\n<tr class=\"row-4\">\n\t<td class=\"column-1\">Charolais<\/td><td class=\"column-2\">1082<\/td><td class=\"column-3\">2547<\/td><td class=\"column-4\">7683<\/td>\n<\/tr>\n<tr class=\"row-5\">\n\t<td class=\"column-1\">Hereford<\/td><td class=\"column-2\">3154<\/td><td class=\"column-3\">4404<\/td><td class=\"column-4\">6444<\/td>\n<\/tr>\n<tr class=\"row-6\">\n\t<td class=\"column-1\">Highland Cattle<\/td><td class=\"column-2\">1012<\/td><td class=\"column-3\">576<\/td><td class=\"column-4\">743<\/td>\n<\/tr>\n<tr class=\"row-7\">\n\t<td class=\"column-1\">Limousin<\/td><td class=\"column-2\">5577<\/td><td class=\"column-3\">2424<\/td><td class=\"column-4\">2757<\/td>\n<\/tr>\n<tr class=\"row-8\">\n\t<td class=\"column-1\">Simmental<\/td><td class=\"column-2\">2558<\/td><td class=\"column-3\">2100<\/td><td class=\"column-4\">4992<\/td>\n<\/tr>\n<tr class=\"row-9\">\n\t<td class=\"column-1\">Belgian Blue\/Danish Blue*<\/td><td class=\"column-2\">169<\/td><td class=\"column-3\"><\/td><td class=\"column-4\"><\/td>\n<\/tr>\n<tr class=\"row-10\">\n\t<td class=\"column-1\">Dexter*<\/td><td class=\"column-2\">1019<\/td><td class=\"column-3\"><\/td><td class=\"column-4\">692<\/td>\n<\/tr>\n<tr class=\"row-11\">\n\t<td class=\"column-1\">Galloway*<\/td><td class=\"column-2\">1698<\/td><td class=\"column-3\">28<\/td><td class=\"column-4\">477<\/td>\n<\/tr>\n<tr class=\"row-12\">\n\t<td class=\"column-1\">Grauvieh*<\/td><td class=\"column-2\">231<\/td><td class=\"column-3\"><\/td><td class=\"column-4\"><\/td>\n<\/tr>\n<tr class=\"row-13\">\n\t<td class=\"column-1\">Piemontese*<\/td><td class=\"column-2\">91<\/td><td class=\"column-3\"><\/td><td class=\"column-4\"><\/td>\n<\/tr>\n<tr class=\"row-14\">\n\t<td class=\"column-1\">Salers*<\/td><td class=\"column-2\">78<\/td><td class=\"column-3\"><\/td><td class=\"column-4\"><\/td>\n<\/tr>\n<tr class=\"row-15\">\n\t<td class=\"column-1\">Shorthorn*<\/td><td class=\"column-2\">264<\/td><td class=\"column-3\"><\/td><td class=\"column-4\"><\/td>\n<\/tr>\n<\/tbody>\n<\/table>\n<!-- #tablepress-4 from cache -->\n<p>*NAVin lihakarjan jalostusarvot lasketaan vain tanskalaisille sonneille ja lehmille.<\/p>\n","protected":false},"excerpt":{"rendered":"<p>NAV laskee jalostusarvot useiden lihakarjarotujen sonneille ja lehmille. N\u00e4ist\u00e4 useimmilla roduilla on aktiivista jalostustoimintaa\u00a0 kaikissa Pohjoismaissa, kun taas muutamilla roduilla on aktiivista jalostusta vain Tanskassa. Alla olevassa taulukossa on listattu rodut, jotka ovat mukana NAVin lihakarjan jalostusarvostelussa ja lehmien m\u00e4\u00e4r\u00e4 maittain. Lehmien m\u00e4\u00e4r\u00e4 tarkoittaa emotarkkailussa olevien lehmien m\u00e4\u00e4r\u00e4\u00e4. *NAVin lihakarjan jalostusarvot lasketaan vain tanskalaisille sonneille &#8230; <a title=\"Pohjoismainen lihakarja\" class=\"read-more\" href=\"https:\/\/nordicebv.info\/fi\/lihakarja\/pohjoismainen-lihakarja\/\" aria-label=\"Lue lis\u00e4\u00e4 aiheesta Pohjoismainen lihakarja\">Lue lis\u00e4\u00e4<\/a><\/p>\n","protected":false},"author":6,"featured_media":0,"parent":8171,"menu_order":0,"comment_status":"closed","ping_status":"closed","template":"","meta":{"_exactmetrics_skip_tracking":false,"_exactmetrics_sitenote_active":false,"_exactmetrics_sitenote_note":"","_exactmetrics_sitenote_category":0,"footnotes":""},"class_list":["post-17697","page","type-page","status-publish"],"aioseo_notices":[],"_links":{"self":[{"href":"https:\/\/nordicebv.info\/fi\/wp-json\/wp\/v2\/pages\/17697","targetHints":{"allow":["GET"]}}],"collection":[{"href":"https:\/\/nordicebv.info\/fi\/wp-json\/wp\/v2\/pages"}],"about":[{"href":"https:\/\/nordicebv.info\/fi\/wp-json\/wp\/v2\/types\/page"}],"author":[{"embeddable":true,"href":"https:\/\/nordicebv.info\/fi\/wp-json\/wp\/v2\/users\/6"}],"replies":[{"embeddable":true,"href":"https:\/\/nordicebv.info\/fi\/wp-json\/wp\/v2\/comments?post=17697"}],"version-history":[{"count":2,"href":"https:\/\/nordicebv.info\/fi\/wp-json\/wp\/v2\/pages\/17697\/revisions"}],"predecessor-version":[{"id":17703,"href":"https:\/\/nordicebv.info\/fi\/wp-json\/wp\/v2\/pages\/17697\/revisions\/17703"}],"up":[{"embeddable":true,"href":"https:\/\/nordicebv.info\/fi\/wp-json\/wp\/v2\/pages\/8171"}],"wp:attachment":[{"href":"https:\/\/nordicebv.info\/fi\/wp-json\/wp\/v2\/media?parent=17697"}],"curies":[{"name":"wp","href":"https:\/\/api.w.org\/{rel}","templated":true}]}}