{"id":14132,"date":"2022-05-30T10:31:20","date_gmt":"2022-05-30T07:31:20","guid":{"rendered":"https:\/\/nordicebv.info\/?page_id=14132"},"modified":"2025-11-06T14:00:59","modified_gmt":"2025-11-06T12:00:59","slug":"genomit-lypsyristeytyksille","status":"publish","type":"page","link":"https:\/\/nordicebv.info\/fi\/ntm\/genomit-lypsyristeytyksille\/","title":{"rendered":"Genomiarvostelu lypsyristeytyksille"},"content":{"rendered":"<div class=\"grid-66 tablet-grid-66 mobile-grid-100 first-column\">\n<h2>Lypsyroturisteytysten genomiset jalostusarvot<\/h2>\n<p>Joulukuussa 2021 julkaistiin ensimm\u00e4isen kerran genomiset jalostusarvot lypsyroturisteytyksille. NAV julkaisee genomiset jalostusarvot genomitestatuille lypsyrotujen risteytyksille, jotka ovat RDC-, holstein- ja jersey-rotujen risteytyksi\u00e4. Vaatimukset, jotta risteytykset saavat genomiset jalostusarvot:<\/p>\n<ul>\n<li>Risteytysel\u00e4imen is\u00e4n pit\u00e4\u00e4 olla rodultaan HOL, RDC tai JER<\/li>\n<li>Risteytysel\u00e4imen em\u00e4nis\u00e4 pit\u00e4\u00e4 olla rodultaan HOL, RDC tai JER<\/li>\n<\/ul>\n<p>Genomiset jalostusarvot lasketaan NTM:lle ja kaikille siin\u00e4 mukana oleville ominaisuuksille, poislukien vasikan elinvoima. Genomiset jalostusarvot lasketaan my\u00f6s maito-, rasva- ja valkuaiskiloille sek\u00e4 kaikille yksitt\u00e4isille rakenneominaisuuksille.<\/p>\n<p><strong>Lue lis\u00e4\u00e4:<\/strong><br \/>\n<a href=\" https:\/\/nordicebv.info\/wp-content\/uploads\/2021\/12\/Genomic-breeding-values-for-DxD_FIN-1.pdf\">Genomiset jalostusarvot lypsyrotuisille risteytyslehmille<\/a><\/p>\n<p><a href=\" https:\/\/nordicebv.info\/wp-content\/uploads\/2021\/12\/2021-12-07-Information-NAV-run-December-2021_Final.pdf\">NAVin uutiskirje, joulukuu 2021<\/a> (englanniksi)<\/p>\n<\/div>\n<div class=\"grid-33 tablet-grid-33 mobile-grid-100 first-column\"><strong><a href=\"https:\/\/nordicebv.info\/wp-content\/uploads\/2025\/11\/NAV-routine-genetic-evaluation-November-2025.pdf\">NAVin lypsykarjan jalostusarvostelu &#8211; data ja geneettiset mallit<\/a>\u00a0<\/strong>(englanniksi)<\/div>\n","protected":false},"excerpt":{"rendered":"<p>Lypsyroturisteytysten genomiset jalostusarvot Joulukuussa 2021 julkaistiin ensimm\u00e4isen kerran genomiset jalostusarvot lypsyroturisteytyksille. NAV julkaisee genomiset jalostusarvot genomitestatuille lypsyrotujen risteytyksille, jotka ovat RDC-, holstein- ja jersey-rotujen risteytyksi\u00e4. Vaatimukset, jotta risteytykset saavat genomiset jalostusarvot: Risteytysel\u00e4imen is\u00e4n pit\u00e4\u00e4 olla rodultaan HOL, RDC tai JER Risteytysel\u00e4imen em\u00e4nis\u00e4 pit\u00e4\u00e4 olla rodultaan HOL, RDC tai JER Genomiset jalostusarvot lasketaan NTM:lle ja kaikille &#8230; <a title=\"Genomiarvostelu lypsyristeytyksille\" class=\"read-more\" href=\"https:\/\/nordicebv.info\/fi\/ntm\/genomit-lypsyristeytyksille\/\" aria-label=\"Lue lis\u00e4\u00e4 aiheesta Genomiarvostelu lypsyristeytyksille\">Lue lis\u00e4\u00e4<\/a><\/p>\n","protected":false},"author":6,"featured_media":0,"parent":9537,"menu_order":0,"comment_status":"closed","ping_status":"closed","template":"","meta":{"_exactmetrics_skip_tracking":false,"_exactmetrics_sitenote_active":false,"_exactmetrics_sitenote_note":"","_exactmetrics_sitenote_category":0,"footnotes":""},"class_list":["post-14132","page","type-page","status-publish"],"aioseo_notices":[],"_links":{"self":[{"href":"https:\/\/nordicebv.info\/fi\/wp-json\/wp\/v2\/pages\/14132","targetHints":{"allow":["GET"]}}],"collection":[{"href":"https:\/\/nordicebv.info\/fi\/wp-json\/wp\/v2\/pages"}],"about":[{"href":"https:\/\/nordicebv.info\/fi\/wp-json\/wp\/v2\/types\/page"}],"author":[{"embeddable":true,"href":"https:\/\/nordicebv.info\/fi\/wp-json\/wp\/v2\/users\/6"}],"replies":[{"embeddable":true,"href":"https:\/\/nordicebv.info\/fi\/wp-json\/wp\/v2\/comments?post=14132"}],"version-history":[{"count":16,"href":"https:\/\/nordicebv.info\/fi\/wp-json\/wp\/v2\/pages\/14132\/revisions"}],"predecessor-version":[{"id":23558,"href":"https:\/\/nordicebv.info\/fi\/wp-json\/wp\/v2\/pages\/14132\/revisions\/23558"}],"up":[{"embeddable":true,"href":"https:\/\/nordicebv.info\/fi\/wp-json\/wp\/v2\/pages\/9537"}],"wp:attachment":[{"href":"https:\/\/nordicebv.info\/fi\/wp-json\/wp\/v2\/media?parent=14132"}],"curies":[{"name":"wp","href":"https:\/\/api.w.org\/{rel}","templated":true}]}}