{"id":13034,"date":"2021-11-02T13:46:33","date_gmt":"2021-11-02T11:46:33","guid":{"rendered":"https:\/\/nordicebv.info\/?page_id=13034"},"modified":"2026-02-03T10:26:16","modified_gmt":"2026-02-03T08:26:16","slug":"lihakarja-arvostelu","status":"publish","type":"page","link":"https:\/\/nordicebv.info\/fi\/lihakarja\/lihakarja-arvostelu\/","title":{"rendered":"Lihakarja-arvostelu"},"content":{"rendered":"<div class=\"grid-66 tablet-grid-66 mobile-grid-100 first-column\">\n<h2>Lihakarja-arvostelu<\/h2>\n<p>NAVin jalostusarvoja liharotujen sonneille (KS ja yksityiset) ja lehmille voidaan k\u00e4ytt\u00e4\u00e4, kun valitaan vanhemmat seuraavan sukupolven vasikoille. NAVin lihakarja-arvostelussa on mukana viisi rotua (aberdeen angus, charolais, hereford, limousine ja simmental). Kaikille sonneille ja lehmille julkaistaan 7 yhdistelm\u00e4indeksi\u00e4 ja jopa 18 yksitt\u00e4isen ominaisuuden jalostusarvot, jos julkaisuehdot t\u00e4yttyv\u00e4t.<\/p>\n<p>Marraskuussa 2023 NAVin lihakarja-arvosteluun tuli mukaan yhdeks\u00e4n uutta rotua (blonde d\u2019Aquitaine, Belgian sininen, dexter, galloway, grauvieh, highland cattle, piemontes, salers, shorthorn (liha)). Uusille roduille julkaistaan kaikki yhdistelm\u00e4indeksit ja yksitt\u00e4isten ominaisuuksien jalostusarvot, jos julkaisuehdot t\u00e4yttyv\u00e4t.<\/p>\n<p>Vuoden 2024 marraskuussa julkaistiin ensimm\u00e4ist\u00e4 kertaa single step-menetelm\u00e4ll\u00e4 lasketut genomiset jalostusarvot kasvu- ja teurasominaisuuksille viidelle rodulle (aberdeen angus, charolais, hereford, limousin ja simmental). N\u00e4ill\u00e4 roduilla on riitt\u00e4v\u00e4 m\u00e4\u00e4r\u00e4 genomitestattuja el\u00e4imi\u00e4, jotta niille voidaan laskea genomiset jalostusarvot riitt\u00e4v\u00e4ll\u00e4 arvosteluvarmuudella. Poikimaominaisuuksien genomiset jalostusarvot julkaistaan vuoden 2025 aikana.<\/p>\n<p><strong>Ominaisuudet<\/strong><\/p>\n<p>NAVin lihakarja-arvostelussa mukana olevat ominaisuudet ovat p\u00e4\u00e4piirteiss\u00e4\u00e4n samat, joille on julkaisu jalostusarvot kansallisissa lihakarjan jalostusarvosteluissa. Erojakin kuitenkin on. Mukana olevat ominaisuudet on listattu ohessa. Jotkut ominaisuudet ovat itsess\u00e4\u00e4n t\u00e4rkeit\u00e4, kun taas toisia k\u00e4ytet\u00e4\u00e4n nostamaan arvosteluvarmuutta, koska ominaisuudella on perinn\u00f6llinen yhteys t\u00e4rke\u00e4mp\u00e4\u00e4n ominaisuuteen.<\/p>\n<ul>\n<li>Vasikkakuolleisuus ja poikimahelppous, 1 ja my\u00f6hemm\u00e4t poikimakerrat erikseen, (vasikan\/emon vaikutus)\n<ul>\n<li>Vasikkakuolleisuus 24 tunnin kuluessa syntym\u00e4st\u00e4<\/li>\n<li>Poikimahelppous verrattuna karjan muihin poikimisiin<\/li>\n<\/ul>\n<\/li>\n<li>Syntym\u00e4paino (vasikan\/emon vaikutus)\n<ul>\n<li>Syntym\u00e4painolla on positiivinen yhteys kasvuun, mutta negatiivinen yhteys vasikan kykyyn synty\u00e4<\/li>\n<\/ul>\n<\/li>\n<li>Kasvu ennen vieroitusta (vasikan\/emon vaikutus)\n<ul>\n<li>Kasvu syntym\u00e4st\u00e4 vieroitukseen. Ilmaisee vasikan kyky\u00e4 kasvaa ja emon kyky\u00e4 hoitaa vasikkaansa.<\/li>\n<\/ul>\n<\/li>\n<li>Vuoden paino (vasikan\/emon vaikutus)\n<ul>\n<li>Ilmaisee vasikan kyky\u00e4 kasvaa ja emon kyky\u00e4 hoitaa vasikkaansa.<\/li>\n<\/ul>\n<\/li>\n<li>Vieroituksen j\u00e4lkeinen kasvu\n<ul>\n<li>Kasvu vieroituksesta vuoden ik\u00e4\u00e4n. Ilmaisee vasikan kyky\u00e4 kasvaa.<\/li>\n<\/ul>\n<\/li>\n<li>Kasvu teuraspainoon\n<ul>\n<li>Kasvu syntym\u00e4st\u00e4 teurastukseen. Ilmaisee p\u00e4\u00e4asiassa vasikan kyky\u00e4 kasvaa, mutta my\u00f6s jossain m\u00e4\u00e4rin emon kyky\u00e4 hoitaa vasikkaansa.<\/li>\n<\/ul>\n<\/li>\n<li>Ruhon laatuluokka\n<ul>\n<li>Ruhon arviointi teurastamossa EUROP-asteikolla.<\/li>\n<\/ul>\n<\/li>\n<li>Ruhon rasvaluokka\n<ul>\n<li>Ruhon ulkoisen rasvan m\u00e4\u00e4r\u00e4n arviointi teurastamossa.<\/li>\n<\/ul>\n<\/li>\n<\/ul>\n<p><strong>Yhdistelm\u00e4indeksit<\/strong><\/p>\n<p>Yksitt\u00e4isten ominaisuuksien jalostusarvot muodostavat seitsem\u00e4n yhdistelm\u00e4indeksi\u00e4 rotukohtaisilla painoilla.<\/p>\n<ul>\n<li><strong>Tuotantoindeksi<\/strong> sis\u00e4lt\u00e4\u00e4 yhdistelm\u00e4indeksit Kasvu ja Teuraslaatu<\/li>\n<li><strong>Kasvu<\/strong> sis\u00e4lt\u00e4\u00e4 ominaisuuksien kasvu teuraspainoon ja vuoden paino jalostusarvot<\/li>\n<li><strong>Teuraslaatu<\/strong> sis\u00e4lt\u00e4\u00e4 ominaisuuksien ruhon laatuluokka ja ruhon rasvaluokka jalostusarvot<\/li>\n<li><strong>Emoindeksi<\/strong> sis\u00e4lt\u00e4\u00e4 Poikimaindeksin ja Maitoisuuden<\/li>\n<li><strong>Poikimaindeksi<\/strong> sis\u00e4lt\u00e4\u00e4 seuraavien ominaisuuksien jalostusarvot:\n<ul>\n<li>Poikimahelppous, emovaikutus, 1. poik.<\/li>\n<li>Vasikkakuolleisuus, emovaikutus, 1. poik.<\/li>\n<li>Poikimahelppous, emovaikutus, 2+ poik<\/li>\n<li>Vasikkakuolleisuus, emovaikutus, 2+ poik<\/li>\n<\/ul>\n<\/li>\n<li><strong>Maitoisuus<\/strong> sis\u00e4lt\u00e4\u00e4 ominaisuuden kasvu ennen vieroitusta, emovaikutus jalostusarvon<\/li>\n<li><strong>Syntym\u00e4indeksi<\/strong> sis\u00e4lt\u00e4\u00e4 seuraavien ominaisuuksien jalostusarvot:\n<ul>\n<li>Poikimahelppous, vasikan vaikutus, 1. poik.<\/li>\n<li>Vasikkakuolleisuus, vasikan vaikutus, 1. poik.<\/li>\n<li>Poikimahelppous, vasikan vaikutus, 2+ poik<\/li>\n<li>Vasikkakuolleisuus, vasikan vaikutus, 2+ poik<\/li>\n<\/ul>\n<\/li>\n<\/ul>\n<p>Yhdistelm\u00e4indeksien rotukohtaiset painot on esitetty dokumentissa <a href=\"https:\/\/nordicebv.info\/wp-content\/uploads\/2024\/03\/NAV-Beef-weights-for-subindices_FIN.pdf\">NAV Lihakarja-arvostelu: Yhdistelm\u00e4indeksien painokertoimet<\/a>.<\/p>\n<p><strong>Julkaisu<\/strong><\/p>\n<p>NAVin lihakarjan jalostusarvot standardoidaan siten, ett\u00e4 keskiarvo on 100 ja hajonta 10. El\u00e4imelle julkaistaan jalostusarvot, jos ominaisuuden arvosteluvarmuus on yli 10 % tai el\u00e4imell\u00e4 on oma havainto ominaisuudessa tai sill\u00e4 on v\u00e4hint\u00e4\u00e4n 5 j\u00e4lkel\u00e4ist\u00e4, joilla on havainto ko. ominaisuudessa. N\u00e4m\u00e4 s\u00e4\u00e4nn\u00f6t ovat k\u00e4yt\u00f6ss\u00e4 kaikille ominaisuuksille. Jalostusarvojen standardoimista varten muodostetaan vertailuryhm\u00e4 5-9 vuotta ennen julkaisup\u00e4iv\u00e4\u00e4 syntyneist\u00e4 suomalaisista, ruotsalaisista ja tanskalaisista sonneista ja lehmist\u00e4, joilla on julkaisukelpoinen jalostusarvo. Vertailuryhm\u00e4n geneettisen tason keskiarvo on 100. NAVin lihakarjan jalostusarvot julkaistaan nelj\u00e4 kertaa vuodessa (maalis-, huhti-, kes\u00e4- ja marraskuussa).<\/p>\n<p>NAVin lihakarjan jalostusarvot julkaistiin ensimm\u00e4isen kerran 2.11.2021. Uusimpia tuloksia voi tarkastella <a href=\"https:\/\/nordic.mloy.fi\/NAVBeef\/\" target=\"_blank\" rel=\"noopener\">NAVin Pihvihausta<\/a>. Hakusivu sis\u00e4lt\u00e4\u00e4 kaikki julkaistavat jalostusarvot ja muuta t\u00e4rke\u00e4\u00e4 tietoa arvostelussa mukana olevista sonneista ja lehmist\u00e4. K\u00e4ytt\u00e4j\u00e4n pit\u00e4\u00e4 valita rotu, jotta saa listan el\u00e4imist\u00e4. Kaikki muut hakukriteerit ovat valinnaisia. Hakusivulla voi laatia omien kriteereiden mukaan top-listoja tai hakea yksitt\u00e4ist\u00e4 el\u00e4int\u00e4.<\/p>\n<p>Lis\u00e4tietoa:<\/p>\n<p><a href=\"https:\/\/nordicebv.info\/wp-content\/uploads\/2024\/11\/NAVssGBLUP_phase1.pdf\">Genomic breeding values for weight\/growth and carcass traits<\/a> (englanniksi)<\/p>\n<p><a href=\"https:\/\/nordicebv.info\/wp-content\/uploads\/2023\/12\/2023-12-05-threshold-for-introducing-genetic-evaluation-for-a-new-beef-breed_approved.pdf\">Criteria for introducing joint Nordic genetic evaluation for a beef breed<\/a> (englanniksi)<\/p>\n<p>Webinaari NAV Pihvihaun k\u00e4yt\u00f6st\u00e4: <a href=\"https:\/\/vimeo.com\/886412600?share=copy\" target=\"_blank\" rel=\"noopener\">tallenne<\/a> \u00a0 <a href=\"https:\/\/nordicebv.info\/wp-content\/uploads\/2023\/11\/NAV-beef-webinar-17112023-TV.pdf\">PDF<\/a> (englanniksi)<\/p>\n<p><a href=\"https:\/\/nordicebv.info\/wp-content\/uploads\/2023\/11\/NAV-Purebred-beef-evaluation-for-other-breeds.pdf\">NAV Purebred beef evaluation for other breeds<\/a> (englanniksi)<\/p>\n<p><a href=\"https:\/\/nordicebv.info\/wp-content\/uploads\/2023\/03\/2023-03-01-Subindices_pbb_routine_implementation_final.pdf\">NAV subindices for purebred beef: within breed specific subindex weights<\/a> (englanniksi)<\/p>\n<\/div>\n<div class=\"grid-33 tablet-grid-33 mobile-grid-100 first-column\">\n<p><strong><a href=\"https:\/\/nordic.mloy.fi\/NAVBeef\/\" target=\"_blank\" rel=\"noopener\">NAV Pihvihaku<\/a><\/strong><\/p>\n<p><strong><a href=\"https:\/\/nordicebv.info\/wp-content\/uploads\/2024\/03\/NAV-Beef-weights-for-subindices_FIN.pdf\">Yhdistelm\u00e4indeksit, painokertoimet<\/a><\/strong><\/p>\n<p><a href=\"https:\/\/nordicebv.info\/wp-content\/uploads\/2025\/10\/NAV-lihisarvostelun-aikataulu-2026.pdf\"><strong>NAV-lihakarja-arvostelun aikataulu ja datan toimitus 2026<\/strong><\/a><\/p>\n<\/div>\n","protected":false},"excerpt":{"rendered":"<p>Lihakarja-arvostelu NAVin jalostusarvoja liharotujen sonneille (KS ja yksityiset) ja lehmille voidaan k\u00e4ytt\u00e4\u00e4, kun valitaan vanhemmat seuraavan sukupolven vasikoille. NAVin lihakarja-arvostelussa on mukana viisi rotua (aberdeen angus, charolais, hereford, limousine ja simmental). Kaikille sonneille ja lehmille julkaistaan 7 yhdistelm\u00e4indeksi\u00e4 ja jopa 18 yksitt\u00e4isen ominaisuuden jalostusarvot, jos julkaisuehdot t\u00e4yttyv\u00e4t. Marraskuussa 2023 NAVin lihakarja-arvosteluun tuli mukaan yhdeks\u00e4n uutta &#8230; <a title=\"Lihakarja-arvostelu\" class=\"read-more\" href=\"https:\/\/nordicebv.info\/fi\/lihakarja\/lihakarja-arvostelu\/\" aria-label=\"Lue lis\u00e4\u00e4 aiheesta Lihakarja-arvostelu\">Lue lis\u00e4\u00e4<\/a><\/p>\n","protected":false},"author":6,"featured_media":0,"parent":8171,"menu_order":0,"comment_status":"closed","ping_status":"closed","template":"","meta":{"_exactmetrics_skip_tracking":false,"_exactmetrics_sitenote_active":false,"_exactmetrics_sitenote_note":"","_exactmetrics_sitenote_category":0,"footnotes":""},"class_list":["post-13034","page","type-page","status-publish"],"aioseo_notices":[],"_links":{"self":[{"href":"https:\/\/nordicebv.info\/fi\/wp-json\/wp\/v2\/pages\/13034","targetHints":{"allow":["GET"]}}],"collection":[{"href":"https:\/\/nordicebv.info\/fi\/wp-json\/wp\/v2\/pages"}],"about":[{"href":"https:\/\/nordicebv.info\/fi\/wp-json\/wp\/v2\/types\/page"}],"author":[{"embeddable":true,"href":"https:\/\/nordicebv.info\/fi\/wp-json\/wp\/v2\/users\/6"}],"replies":[{"embeddable":true,"href":"https:\/\/nordicebv.info\/fi\/wp-json\/wp\/v2\/comments?post=13034"}],"version-history":[{"count":42,"href":"https:\/\/nordicebv.info\/fi\/wp-json\/wp\/v2\/pages\/13034\/revisions"}],"predecessor-version":[{"id":24300,"href":"https:\/\/nordicebv.info\/fi\/wp-json\/wp\/v2\/pages\/13034\/revisions\/24300"}],"up":[{"embeddable":true,"href":"https:\/\/nordicebv.info\/fi\/wp-json\/wp\/v2\/pages\/8171"}],"wp:attachment":[{"href":"https:\/\/nordicebv.info\/fi\/wp-json\/wp\/v2\/media?parent=13034"}],"curies":[{"name":"wp","href":"https:\/\/api.w.org\/{rel}","templated":true}]}}