{"id":9533,"date":"2015-05-20T09:44:12","date_gmt":"2015-05-20T06:44:12","guid":{"rendered":"https:\/\/www.nordicebv.info\/ntm\/"},"modified":"2025-11-06T13:26:09","modified_gmt":"2025-11-06T11:26:09","slug":"ntm","status":"publish","type":"page","link":"https:\/\/nordicebv.info\/da\/ntm\/","title":{"rendered":"NTM"},"content":{"rendered":"<div class=\"grid-66 tablet-grid-66 mobile-grid-100 first-column\">\n<h2>NTM &#8211; Nordic Total Merit<\/h2>\n<p>Nordic Total Merit (NTM) omfatter alle \u00f8konomisk vigtige egenskaber for RDC (nordiske r\u00f8de racer), Holstein og Jersey i Danmark, Finland og Sverige. NTM er baseret p\u00e5 unikke registreringer og m\u00e5lrettet m\u00e6lkeproduktion i disse lande.<\/p>\n<p>NTM er et balanceret avlsm\u00e5l, der sigter mod sunde, frugtbare, produktive og holdbare k\u00f8er med godt eksteri\u00f8r. I NTM v\u00e6gtes mange egenskaber sammen baseret p\u00e5 \u00f8konomiske v\u00e6rdier (se NTM &#8211; v\u00e6gtfaktorer), som er resultatet af grundige<strong>\u00a0<a href=\"https:\/\/nordicebv.info\/wp-content\/uploads\/2018\/11\/2018.11.06-NTM-2018-report-Full.pdf\" target=\"_blank\" rel=\"noopener noreferrer\">\u00f8konomiske beregninger<\/a><\/strong> og raceforeningernes forventninger til fremtidige produktionsbetingelser og prisrelationer.<\/p>\n<p>V\u00e6gten p\u00e5 de enkelte egenskaber samt deres indbyrdes avlsm\u00e6ssige sammenh\u00e6ng p\u00e5virker den \u00f8konomiske fremgang (Klik for at se nedenst\u00e5ende billede i stort format):<\/p>\n<p><a href=\"https:\/\/nordicebv.info\/wp-content\/uploads\/2025\/02\/NTM-graph-feb2025-DNK-300x195.png\"><img loading=\"lazy\" decoding=\"async\" class=\"size-medium wp-image-19083 aligncenter\" src=\"https:\/\/nordicebv.info\/wp-content\/uploads\/2025\/02\/NTM-graph-feb2025-DNK-300x195.png\" alt=\"\" width=\"300\" height=\"195\" srcset=\"https:\/\/nordicebv.info\/wp-content\/uploads\/2025\/02\/NTM-graph-feb2025-DNK-300x195.png 300w, https:\/\/nordicebv.info\/wp-content\/uploads\/2025\/02\/NTM-graph-feb2025-DNK.png 528w\" sizes=\"auto, (max-width: 300px) 100vw, 300px\" \/><\/a><\/p>\n<p>Avl efter NTM giver fremgang for alle vigtige egenskaber (<strong>se sammenh\u00e6nge mellem NTM og delindekser<\/strong>). NTM er et \u00f8konomisk indeks, og h\u00f8jere NTM betyder s\u00e5ledes forbedret \u00f8konomi. En NTM-enhed har en v\u00e6rdi p\u00e5 ca. 75 kr. pr. ko \u00e5rligt.<\/p>\n<p>NTM og alle delindekserne i NTM er tilg\u00e6ngelige for alle tyre med et nordisk stambogsnummer p\u00e5 <strong>NAV &#8211; S\u00f8gning p\u00e5 tyre<\/strong>. Ligeledes kan den avlsm\u00e6ssige udvikling findes p\u00e5 siden <strong>Genetisk trend<\/strong>.<\/p>\n<p>L\u00e6s mere om NTM i\u00a0 den detaljerede engelske beskrivelse <strong>NAV routine genetic evaluation of dairy cattle \u2013 data and genetic models.<\/strong><\/p>\n<p>Mere om NTM:<\/p>\n<ul>\n<li><a href=\"https:\/\/nordicebv.info\/wp-content\/uploads\/2018\/11\/NTM-is-your-breeding-goal_EC_FINAL_DNK.pdf\" target=\"_blank\" rel=\"noopener noreferrer\">Hvordan designer man fremtidens ko?<\/a><\/li>\n<li><a href=\"https:\/\/vimeo.com\/299229474\" target=\"_blank\" rel=\"noopener noreferrer\">NTM video<\/a><\/li>\n<\/ul>\n<\/div>\n<div class=\"grid-33 tablet-grid-33 mobile-grid-100 first-column\">\n<p><strong><a href=\"https:\/\/nordic.mloy.fi\/NAVBull\/\" target=\"_blank\" rel=\"noopener\">NAV &#8211; S\u00f8gning p\u00e5 tyre<\/a><\/strong><\/p>\n<p><strong><a href=\"https:\/\/nordicebv.info\/wp-content\/uploads\/2025\/11\/Dansk-AEndringer-i-beregning-af-indekser-hos-malkeracerne-fra-1999-2025-Nov2025.pdf\">\u00c6ndringer i beregning af indekser hos malkeracerne<\/a><\/strong><\/p>\n<p><strong><a href=\"https:\/\/nordicebv.info\/wp-content\/uploads\/2024\/04\/Information-bag-indekser-for-forskellige-typer-af-dyr-Dansk-Mar-2024.pdf\">Information bag indekser for forskellige typer af dyr<\/a><\/strong><\/p>\n<p><strong><a href=\"https:\/\/nordicebv.info\/wp-content\/uploads\/2025\/11\/NAV-routine-genetic-evaluation-November-2025.pdf\">NAV routine genetic evaluation of dairy cattle \u2013 data and genetic models<\/a>\u00a0<\/strong>(p\u00e5 engelsk)<\/p>\n<p><a href=\"https:\/\/nordic.mloy.fi\/NAVTrends\/\"><strong>NAV trend &#8211; malkekv\u00e6g<\/strong><\/a><\/p>\n<\/div>\n","protected":false},"excerpt":{"rendered":"<p>NTM &#8211; Nordic Total Merit Nordic Total Merit (NTM) omfatter alle \u00f8konomisk vigtige egenskaber for RDC (nordiske r\u00f8de racer), Holstein og Jersey i Danmark, Finland og Sverige. NTM er baseret p\u00e5 unikke registreringer og m\u00e5lrettet m\u00e6lkeproduktion i disse lande. NTM er et balanceret avlsm\u00e5l, der sigter mod sunde, frugtbare, produktive og holdbare k\u00f8er med godt &#8230; <a title=\"NTM\" class=\"read-more\" href=\"https:\/\/nordicebv.info\/da\/ntm\/\" aria-label=\"Read more about NTM\">L\u00e6s Mere<\/a><\/p>\n","protected":false},"author":2,"featured_media":0,"parent":0,"menu_order":0,"comment_status":"closed","ping_status":"closed","template":"","meta":{"_exactmetrics_skip_tracking":false,"_exactmetrics_sitenote_active":false,"_exactmetrics_sitenote_note":"","_exactmetrics_sitenote_category":0,"footnotes":""},"class_list":["post-9533","page","type-page","status-publish"],"aioseo_notices":[],"_links":{"self":[{"href":"https:\/\/nordicebv.info\/da\/wp-json\/wp\/v2\/pages\/9533","targetHints":{"allow":["GET"]}}],"collection":[{"href":"https:\/\/nordicebv.info\/da\/wp-json\/wp\/v2\/pages"}],"about":[{"href":"https:\/\/nordicebv.info\/da\/wp-json\/wp\/v2\/types\/page"}],"author":[{"embeddable":true,"href":"https:\/\/nordicebv.info\/da\/wp-json\/wp\/v2\/users\/2"}],"replies":[{"embeddable":true,"href":"https:\/\/nordicebv.info\/da\/wp-json\/wp\/v2\/comments?post=9533"}],"version-history":[{"count":31,"href":"https:\/\/nordicebv.info\/da\/wp-json\/wp\/v2\/pages\/9533\/revisions"}],"predecessor-version":[{"id":23480,"href":"https:\/\/nordicebv.info\/da\/wp-json\/wp\/v2\/pages\/9533\/revisions\/23480"}],"wp:attachment":[{"href":"https:\/\/nordicebv.info\/da\/wp-json\/wp\/v2\/media?parent=9533"}],"curies":[{"name":"wp","href":"https:\/\/api.w.org\/{rel}","templated":true}]}}