{"id":9515,"date":"2015-06-30T15:45:36","date_gmt":"2015-06-30T12:45:36","guid":{"rendered":"https:\/\/www.nordicebv.info\/scientific-advisory-committee\/"},"modified":"2026-05-06T12:11:00","modified_gmt":"2026-05-06T09:11:00","slug":"sac","status":"publish","type":"page","link":"https:\/\/nordicebv.info\/da\/sac\/","title":{"rendered":"SAC"},"content":{"rendered":"<h1>SAC<\/h1>\n<p>NAV har en \u201dScientific Advisory Committee\u201d (SAC) med deltagere fra universiteter og kv\u00e6gavlsorganisationer i de tre lande. Det vigtigste m\u00e5l med SAC er at:<\/p>\n<ul>\n<li>s\u00f8rge for, at de metoder, som NAV benytter i avlsv\u00e6rdivurderingen, har en h\u00f8j standard og er i overensstemmelse med \u201dstate of art\u201d<\/li>\n<li>koordinere nordisk forskning p\u00e5 omr\u00e5det<\/li>\n<li>s\u00f8ge ekstern finansiering af forskningsprojekter<\/li>\n<li>fremme samarbejdet mellem NAV og forskningscentre.<\/li>\n<\/ul>\n<p><strong>Medlemmer<\/strong><\/p>\n<p><strong>S\u00f8ren Borchersen<\/strong>, VikingGenetics<\/p>\n<p><strong>Mogens Lund<\/strong>, Aarhus Universitet, Institut for Molekyl\u00e6rbiologi og Genetik &#8211; Center for Kvantitativ Genetik og Genomforskning<\/p>\n<p><strong>Martin Lidauer<\/strong>,\u00a0LUKE\u00a0Natural Resources Institute Finland<\/p>\n<p><strong>Andreas B\u00f8gh Poulsen<\/strong>, SEGES Kv\u00e6g<\/p>\n<p><strong>Jukka P\u00f6s\u00f6<\/strong>, Faba co-op<\/p>\n<p><strong>Elisenda Rius-Vilarrasa<\/strong>, V\u00e4xa Sverige<\/p>\n<p><strong>Erling Strandberg<\/strong>,\u00a0Swedish University of Agricultural Sciences,\u00a0Department of Animal Breeding and Genetics, Division of Applied Genetics<\/p>\n","protected":false},"excerpt":{"rendered":"<p>SAC NAV har en \u201dScientific Advisory Committee\u201d (SAC) med deltagere fra universiteter og kv\u00e6gavlsorganisationer i de tre lande. Det vigtigste m\u00e5l med SAC er at: s\u00f8rge for, at de metoder, som NAV benytter i avlsv\u00e6rdivurderingen, har en h\u00f8j standard og er i overensstemmelse med \u201dstate of art\u201d koordinere nordisk forskning p\u00e5 omr\u00e5det s\u00f8ge ekstern finansiering &#8230; <a title=\"SAC\" class=\"read-more\" href=\"https:\/\/nordicebv.info\/da\/sac\/\" aria-label=\"Read more about SAC\">L\u00e6s Mere<\/a><\/p>\n","protected":false},"author":2,"featured_media":0,"parent":0,"menu_order":0,"comment_status":"closed","ping_status":"closed","template":"","meta":{"_exactmetrics_skip_tracking":false,"_exactmetrics_sitenote_active":false,"_exactmetrics_sitenote_note":"","_exactmetrics_sitenote_category":0,"footnotes":""},"class_list":["post-9515","page","type-page","status-publish"],"aioseo_notices":[],"_links":{"self":[{"href":"https:\/\/nordicebv.info\/da\/wp-json\/wp\/v2\/pages\/9515","targetHints":{"allow":["GET"]}}],"collection":[{"href":"https:\/\/nordicebv.info\/da\/wp-json\/wp\/v2\/pages"}],"about":[{"href":"https:\/\/nordicebv.info\/da\/wp-json\/wp\/v2\/types\/page"}],"author":[{"embeddable":true,"href":"https:\/\/nordicebv.info\/da\/wp-json\/wp\/v2\/users\/2"}],"replies":[{"embeddable":true,"href":"https:\/\/nordicebv.info\/da\/wp-json\/wp\/v2\/comments?post=9515"}],"version-history":[{"count":7,"href":"https:\/\/nordicebv.info\/da\/wp-json\/wp\/v2\/pages\/9515\/revisions"}],"predecessor-version":[{"id":25219,"href":"https:\/\/nordicebv.info\/da\/wp-json\/wp\/v2\/pages\/9515\/revisions\/25219"}],"wp:attachment":[{"href":"https:\/\/nordicebv.info\/da\/wp-json\/wp\/v2\/media?parent=9515"}],"curies":[{"name":"wp","href":"https:\/\/api.w.org\/{rel}","templated":true}]}}