{"id":8325,"date":"2019-02-14T13:26:11","date_gmt":"2019-02-14T11:26:11","guid":{"rendered":"https:\/\/www.nordicebv.info\/monogene-egenskaber\/"},"modified":"2026-02-06T10:41:57","modified_gmt":"2026-02-06T08:41:57","slug":"monogene-egenskaber","status":"publish","type":"page","link":"https:\/\/nordicebv.info\/da\/monogene-egenskaber\/","title":{"rendered":"Monogene egenskaber &#8211; Malkekv\u00e6g"},"content":{"rendered":"<p>Monogene egenskaber er egenskaber, som nedarves af et enkelt gen eller haplotype (en gruppe af alleler, som nedarves sammen). Det kan v\u00e6re egenskaber som pollethed, r\u00f8d farve og beta kasein, men ogs\u00e5 u\u00f8nskede arvelige sygdomme som CVM og bulldog. Det er nu muligt at identificere en lang r\u00e6kke monogene egenskaber enten ved en test p\u00e5 laboratoriet eller ved at udlede dem fra SNP resultater baseret p\u00e5 en genomisk test. Resultaterne viser, om et dyr er b\u00e6rer af nogle af de monogene egenskaber \u2013 enten i enkelt eller dobbelt dosis. Denne information kan bruges til at undg\u00e5 parring af dyr, som b\u00e6rer u\u00f8nskede sygdomme, fx bulldog, men det kan ogs\u00e5 bruges til parring af dyr, der b\u00e6rer \u00f8nskede egenskaber som fx pollethed.<\/p>\n<p>Resultater for de monogene egenskaber der er udledt fra en genomisk test, kan ses p\u00e5 tyrens egen side p\u00e5 <a href=\"https:\/\/nordic.mloy.fi\/navbull\" target=\"_blank\" rel=\"noopener noreferrer\">NAV\u2013s\u00f8gning p\u00e5 tyre<\/a>. V\u00e6r opm\u00e6rksom p\u00e5 at resultater udledt p\u00e5 laboratorium <u>ikke<\/u> vises.<\/p>\n<p><a href=\"https:\/\/nordicebv.info\/wp-content\/uploads\/2026\/02\/Monogenetic-traits-overview-dairy-DNK-FEB26.pdf\">Oversigt over monogene egenskaber &#8211; Malkekv\u00e6g<\/a><\/p>\n<p><a href=\"https:\/\/nordicebv.info\/wp-content\/uploads\/2024\/05\/Description-of-genetic-traits-in-dairy-cattle-DNK-1.pdf\">Beskrivelse af monogene egenskaber &#8211; Malkekv\u00e6g<\/a><\/p>\n<p>&nbsp;<\/p>\n<p>&nbsp;<\/p>\n","protected":false},"excerpt":{"rendered":"<p>Monogene egenskaber er egenskaber, som nedarves af et enkelt gen eller haplotype (en gruppe af alleler, som nedarves sammen). Det kan v\u00e6re egenskaber som pollethed, r\u00f8d farve og beta kasein, men ogs\u00e5 u\u00f8nskede arvelige sygdomme som CVM og bulldog. Det er nu muligt at identificere en lang r\u00e6kke monogene egenskaber enten ved en test p\u00e5 &#8230; <a title=\"Monogene egenskaber &#8211; Malkekv\u00e6g\" class=\"read-more\" href=\"https:\/\/nordicebv.info\/da\/monogene-egenskaber\/\" aria-label=\"Read more about Monogene egenskaber &#8211; Malkekv\u00e6g\">L\u00e6s Mere<\/a><\/p>\n","protected":false},"author":6,"featured_media":0,"parent":0,"menu_order":0,"comment_status":"closed","ping_status":"closed","template":"","meta":{"_exactmetrics_skip_tracking":false,"_exactmetrics_sitenote_active":false,"_exactmetrics_sitenote_note":"","_exactmetrics_sitenote_category":0,"footnotes":""},"class_list":["post-8325","page","type-page","status-publish"],"aioseo_notices":[],"_links":{"self":[{"href":"https:\/\/nordicebv.info\/da\/wp-json\/wp\/v2\/pages\/8325","targetHints":{"allow":["GET"]}}],"collection":[{"href":"https:\/\/nordicebv.info\/da\/wp-json\/wp\/v2\/pages"}],"about":[{"href":"https:\/\/nordicebv.info\/da\/wp-json\/wp\/v2\/types\/page"}],"author":[{"embeddable":true,"href":"https:\/\/nordicebv.info\/da\/wp-json\/wp\/v2\/users\/6"}],"replies":[{"embeddable":true,"href":"https:\/\/nordicebv.info\/da\/wp-json\/wp\/v2\/comments?post=8325"}],"version-history":[{"count":13,"href":"https:\/\/nordicebv.info\/da\/wp-json\/wp\/v2\/pages\/8325\/revisions"}],"predecessor-version":[{"id":24360,"href":"https:\/\/nordicebv.info\/da\/wp-json\/wp\/v2\/pages\/8325\/revisions\/24360"}],"wp:attachment":[{"href":"https:\/\/nordicebv.info\/da\/wp-json\/wp\/v2\/media?parent=8325"}],"curies":[{"name":"wp","href":"https:\/\/api.w.org\/{rel}","templated":true}]}}