{"id":8287,"date":"2018-12-11T13:20:31","date_gmt":"2018-12-11T11:20:31","guid":{"rendered":"https:\/\/www.nordicebv.info\/publicering-af-x-indekser\/"},"modified":"2025-02-11T08:38:32","modified_gmt":"2025-02-11T06:38:32","slug":"publicering-af-x-indekser","status":"publish","type":"page","link":"https:\/\/nordicebv.info\/da\/publicering-af-x-indekser\/","title":{"rendered":"K\u00f8dkv\u00e6g brugt til malkekv\u00e6g"},"content":{"rendered":"<div class=\"grid-66 tablet-grid-66 mobile-grid-100 first-column\">\n<h2>K\u00f8dkv\u00e6g brugt til malkekv\u00e6g<\/h2>\n<p><strong>Indekser for k\u00f8dkv\u00e6gstyre brugt til krydsning med malkek\u00f8er<\/strong><\/p>\n<p>NAV avlsv\u00e6rdital for k\u00f8dkv\u00e6gstyre brugt til inseminering af malkek\u00f8er er baseret p\u00e5 krydsningsafkom fra malkek\u00f8er. Kun krydsningsafkom efter renracede Holstein, Jersey eller RDM-k\u00f8er er med i evalueringen.<\/p>\n<p>Avlsv\u00e6rditallene bruges til at udv\u00e6lge de k\u00f8dkv\u00e6gstyre p\u00e5 tv\u00e6rs af race, som giver letf\u00f8dte og livskraftige kalve, der har gode tilv\u00e6kst- og slagteegenskaber. Der beregnes op til 10 indekser, som sammenvejes til et \u00f8konomisk indeks (NBDI). Tyre med h\u00f8je NBDI giver kalve som har en st\u00f8rre \u00f8konomisk v\u00e6rdi for b\u00e5de m\u00e6lke- og slagtekalveproducent.<\/p>\n<p><strong>Betaling for indekser<\/strong><\/p>\n<p>For at NBDI og delindekser kan publiceres for en tyr skal 2 kriterier v\u00e6re opfyldt:<\/p>\n<ol>\n<li>Sikkerheden p\u00e5 indekserne skal v\u00e6re h\u00f8jere end publiceringskrav<\/li>\n<li>Ejer\/import\u00f8r af tyren skal betale en engangsbetaling for hver tyr. Engangsbetalingen er g\u00e6ldende fra 1. januar 2020 og gebyret er p\u00e5 1.300 Euro per tyr. Ejer\/import\u00f8r der \u00f8nskes publicering af avlsv\u00e6rdier af k\u00f8dkv\u00e6gstyre brugt p\u00e5 malkekv\u00e6g, skal kontakte NAV via <a href=\"mailto:Fredrik.VonUnge@vxa.se\">Fredrik.VonUnge@vxa.se<\/a>.<\/li>\n<\/ol>\n<p><strong>Indekser for f\u00f8dselsegenskaber<\/strong><\/p>\n<p>Der er fire delindekser for f\u00f8dselsegenskaberne: <strong>Livskraft og forl\u00f8b for kalve f\u00f8dt af m\u00f8dre i hhv. 1. og senere laktationer.<\/strong> Alle fire avlsv\u00e6rdital kan publiceres, hvis tyren har mindst 50% sikkerhed p\u00e5 avlsv\u00e6rditallet for livskraft eller forl\u00f8b i senere laktationer. Information om kalvens st\u00f8rrelse er kun registreret i Danmark og indg\u00e5r i evalueringen som en indikatoregenskab, og bliver ikke publiceret.<\/p>\n<p>Delindekserne for livskraft og forl\u00f8b i senere laktationer bliver sammenvejet i <strong>f\u00f8dselsindekset<\/strong>. Indekser for livskraft og forl\u00f8b i 1. laktation er ikke indregnet i f\u00f8dselsindekset, da k\u00f8dkv\u00e6g kun i meget begr\u00e6nset omfang anvendes til inseminering p\u00e5 kvier.<\/p>\n<p><strong>Indekser for v\u00e6kstegenskaber<\/strong><\/p>\n<p><strong>V\u00e6kstegenskaberne nettotilv\u00e6kst, slagteform og fedt score<\/strong> er hver sammensat af underliggende egenskaber<strong>. <\/strong>Nettotilv\u00e6kst best\u00e5r s\u00e5ledes af 4 egenskaber med lige stor v\u00e6gt p\u00e5 alle: Tilv\u00e6kst i kort periode (&lt;550 dage) for hhv. tyre- og kviekalve, samt tilv\u00e6kst i lang periode (&gt;550 dage) for hhv. tyre- og kviekalve. Slagteform og fedtscore best\u00e5r hver is\u00e6r af hhv. kvie- og tyrekalveegenskaben, som sammenvejes med lige stor v\u00e6gt. <strong>Nettotilv\u00e6kst, slagteform og fedt score<\/strong> kan publiceres, hvis tyren har mindst 50 i sikkerhed p\u00e5 indeks for slagteform.<\/p>\n<p><strong>Delindekserne for nettotilv\u00e6kst, slagteform og fedt score<\/strong> sammenvejes i <strong>v\u00e6kstindekset. <\/strong>V\u00e6gtfaktorerne er afh\u00e6ngige af opdr\u00e6tsperiodens l\u00e6ngde og der er derfor et v\u00e6kstindeks for b\u00e5de kort og lang opdr\u00e6tsperiode. Generelt er opdr\u00e6tsperioden kort i Danmark og lang i Finland og Sverige.<\/p>\n<p><strong>Indekser for ungdyroverlevelse<\/strong><\/p>\n<p>Der er to delindekser for ungdyroverlevelse: <strong>Tidlig periode og sen periode.\u00a0<\/strong>Delindekserne bliver sammenvejet i <strong>ungdyroverlevelse<\/strong> med en v\u00e6gt p\u00e5 0,36 for tidlig periode og 0,83 for sen periode. Indeks for tidlig periode er baseret p\u00e5 overlevelsen af tyrens afkom mellem dag 1 og dag 30 og sen periode er baseret p\u00e5 overlevelsen af tyrens afkom mellem dag 31 og dag 200. Alle tre avlsv\u00e6rdital offentligg\u00f8res hvis tyren har enten en sikkerhed p\u00e5 indeks for sen periode p\u00e5 mindst 50%, den har mindst 500 afkom eller den har indekser for f\u00f8dsels- og v\u00e6kstegenskaber.<\/p>\n<p><strong>Indeks for dr\u00e6gtighedsl\u00e6ngde<\/strong><\/p>\n<p><strong>Dr\u00e6gtighedsl\u00e6ngde, ko<\/strong> beskriver krydsningsafkommets dr\u00e6gtighedsl\u00e6ngde angivet som afvigelse i dage fra en standard dr\u00e6gtighedsl\u00e6ngde p\u00e5 280 dage n\u00e5r mor er malkerace. Avlsv\u00e6rdital for dr\u00e6gtighedsl\u00e6ngde offentligg\u00f8res, n\u00e5r sikkerheden er over 50 % sikkerhed, og tyren har et officielt avlsv\u00e6rdital for f\u00f8dselsegenskaber.<\/p>\n<p><strong>NBDI \u2013 kort eller lang opdr\u00e6tsperiode<\/strong><\/p>\n<p>NBDI er det total\u00f8konomiske indeks for k\u00f8dkv\u00e6gstyrene. Det beskriver krydsningsafkommets \u00f8konomiske potentiale for m\u00e6lkeproducenten. Det produktionssystem som kalvene opdr\u00e6ttes under (l\u00e6ngde og intensitet) p\u00e5virker de \u00f8konomiske v\u00e6rdier. K\u00f8dkv\u00e6gstyrene har derfor b\u00e5de NBDI for kort og lang opdr\u00e6tsperiode. Generelt er opdr\u00e6tsperioden kort i Danmark og lang i Finland og Sverige.<\/p>\n<p><strong>NBDI, kort eller langt<\/strong>, inkluderer f\u00f8dselsindeks og v\u00e6kstindeks (kort eller lang periode) og ungdyroverlevelse kombineret med \u00f8konomiske v\u00e6gte. De \u00f8konomiske v\u00e6gte er resultatet af \u00f8konomiske beregninger og forventninger til fremtidige produktionsforhold og prisforhold.<\/p>\n<p>N\u00e5r du som m\u00e6lkeproducent v\u00e6lger k\u00f8dkv\u00e6gstyre ud fra NBDI, opn\u00e5r du bedre krydsningskalve og dermed h\u00f8jere fortjeneste.<\/p>\n<p><strong>Publicering af NBDI<br \/>\n<\/strong><\/p>\n<p>NBDI bliver publiceret fire gange om \u00e5ret i forbindelse med NAV evalueringen for malkek\u00f8er (februar, maj, august og november). De nyeste resultater kan findes p\u00e5 s\u00f8gesiden <a href=\"https:\/\/nordic.mloy.fi\/NAVBeef\/\"><strong>NAV s\u00f8gning p\u00e5 k\u00f8dkv\u00e6gstyre<\/strong><\/a>.<\/p>\n<p>S\u00f8gesiden indeholder officielle avlsv\u00e6rdital og \u00f8vrige informationer for k\u00f8dkv\u00e6gstyre brugt til krydsning. Du kan v\u00e6lge forskellige opdr\u00e6tsperioder (kort eller lang). Standard ops\u00e6tningen er, at du f\u00e5r vist alle tyre, uanset race og f\u00f8dselsland. Tyrene er sorteret efter deres NBDI. Du kan dog skr\u00e6ddersy din s\u00f8gning til specielle \u00f8nsker, samt s\u00f8ge p\u00e5 enkelte tyre.<\/p>\n<p>Delindekserne er standardiseret til et gennemsnit p\u00e5 100 og en spredning p\u00e5 10. NBDI er standardiseret til et gennemsnit p\u00e5 0 og en spredning p\u00e5 10.<\/p>\n<p>Mere information:<\/p>\n<p><a href=\"https:\/\/nordicebv.info\/wp-content\/uploads\/2023\/05\/Gestation-length-DNK.pdf\">Avlsv\u00e6rdital for dr\u00e6gtighedsl\u00e6ngde for k\u00f8dkv\u00e6gstyre brugt til malkek\u00f8er<\/a><\/p>\n<p><a href=\"https:\/\/nordicebv.info\/wp-content\/uploads\/2022\/11\/YSS-abstract-DNK.pdf\">Avlsv\u00e6rdital for ungdyroverlevelse for k\u00f8dkv\u00e6gstyre anvendt til malkekv\u00e6g<\/a><\/p>\n<p><a href=\"https:\/\/nordicebv.info\/wp-content\/uploads\/2021\/01\/2019.10.14-TMI-of-beef-sires-used-for-dairy-crosses.pdf\">Total Merit Index (NBDI) for beef sires used for dairy cattle<\/a> (p\u00e5 engelsk)<\/p>\n<p><a href=\"https:\/\/nordicebv.info\/wp-content\/uploads\/2020\/10\/BxD_final_report.pdf\">BxD breeding values &#8211; Final report<\/a> (p\u00e5 engelsk)<\/p>\n<p><a href=\"https:\/\/vimeo.com\/396660324\">Webinar om NBDI<\/a> (p\u00e5 engelsk)<\/p>\n<\/div>\n<div class=\"grid-33 tablet-grid-33 mobile-grid-100 first-column\">\n<p><strong><a href=\"https:\/\/nordic.mloy.fi\/NAVBeef\/\" target=\"_blank\" rel=\"noopener\">NAV s\u00f8gning p\u00e5 k\u00f8dkv\u00e6gstyre<\/a><\/strong><\/p>\n<p><strong><a href=\"https:\/\/nordicebv.info\/wp-content\/uploads\/2025\/02\/Overview-of-phenotypic-values-BxD_DNK-update-2025.pdf\">Hvordan overs\u00e6ttes indekser for k\u00f8dkv\u00e6gstyre brugt p\u00e5 malkek\u00f8er<\/a><\/strong><\/p>\n<p><strong><a href=\"https:\/\/nordicebv.info\/wp-content\/uploads\/2022\/05\/NAV-routine-genetic-evaluation_beef-x-dairy-Final_correct-growth_27052022.pdf\">NAV routine genetic evaluation of beefxdairy \u2013 data and genetic models<\/a><\/strong> (p\u00e5 engelsk)<\/p>\n<p><strong><a href=\"https:\/\/nordicebv.info\/wp-content\/uploads\/2024\/11\/Dansk-AEndringer-i-beregning-af-indekser-for-kodkvaeg-brugt-pa-malkekvaeg-fra-2018-2024.pdf\">\u00c6ndringer i beregning af indekser for K\u00f8d x M\u00e6lk<\/a><\/strong><\/p>\n<\/div>\n","protected":false},"excerpt":{"rendered":"<p>K\u00f8dkv\u00e6g brugt til malkekv\u00e6g Indekser for k\u00f8dkv\u00e6gstyre brugt til krydsning med malkek\u00f8er NAV avlsv\u00e6rdital for k\u00f8dkv\u00e6gstyre brugt til inseminering af malkek\u00f8er er baseret p\u00e5 krydsningsafkom fra malkek\u00f8er. Kun krydsningsafkom efter renracede Holstein, Jersey eller RDM-k\u00f8er er med i evalueringen. Avlsv\u00e6rditallene bruges til at udv\u00e6lge de k\u00f8dkv\u00e6gstyre p\u00e5 tv\u00e6rs af race, som giver letf\u00f8dte og livskraftige &#8230; <a title=\"K\u00f8dkv\u00e6g brugt til malkekv\u00e6g\" class=\"read-more\" href=\"https:\/\/nordicebv.info\/da\/publicering-af-x-indekser\/\" aria-label=\"Read more about K\u00f8dkv\u00e6g brugt til malkekv\u00e6g\">L\u00e6s Mere<\/a><\/p>\n","protected":false},"author":6,"featured_media":0,"parent":0,"menu_order":0,"comment_status":"closed","ping_status":"closed","template":"","meta":{"_exactmetrics_skip_tracking":false,"_exactmetrics_sitenote_active":false,"_exactmetrics_sitenote_note":"","_exactmetrics_sitenote_category":0,"footnotes":""},"class_list":["post-8287","page","type-page","status-publish"],"aioseo_notices":[],"_links":{"self":[{"href":"https:\/\/nordicebv.info\/da\/wp-json\/wp\/v2\/pages\/8287","targetHints":{"allow":["GET"]}}],"collection":[{"href":"https:\/\/nordicebv.info\/da\/wp-json\/wp\/v2\/pages"}],"about":[{"href":"https:\/\/nordicebv.info\/da\/wp-json\/wp\/v2\/types\/page"}],"author":[{"embeddable":true,"href":"https:\/\/nordicebv.info\/da\/wp-json\/wp\/v2\/users\/6"}],"replies":[{"embeddable":true,"href":"https:\/\/nordicebv.info\/da\/wp-json\/wp\/v2\/comments?post=8287"}],"version-history":[{"count":25,"href":"https:\/\/nordicebv.info\/da\/wp-json\/wp\/v2\/pages\/8287\/revisions"}],"predecessor-version":[{"id":19527,"href":"https:\/\/nordicebv.info\/da\/wp-json\/wp\/v2\/pages\/8287\/revisions\/19527"}],"wp:attachment":[{"href":"https:\/\/nordicebv.info\/da\/wp-json\/wp\/v2\/media?parent=8287"}],"curies":[{"name":"wp","href":"https:\/\/api.w.org\/{rel}","templated":true}]}}