{"id":8274,"date":"2018-10-30T15:01:03","date_gmt":"2018-10-30T13:01:03","guid":{"rendered":"https:\/\/www.nordicebv.info\/dokumenteret-effekt\/"},"modified":"2020-09-04T11:48:08","modified_gmt":"2020-09-04T08:48:08","slug":"dokumenteret-effekt","status":"publish","type":"page","link":"https:\/\/nordicebv.info\/da\/dokumenteret-effekt\/","title":{"rendered":"Dokumenteret effekt"},"content":{"rendered":"<h3>Dokumenteret effekt<\/h3>\n<p><strong>Den \u201c\u00f8konomiske ko\u201d er en ko der har en h\u00f8j ydelse, god frugtbarhed, er modstandsdygtig overfor sygdomme og er nem at malke og h\u00e5ndtere. Alts\u00e5 en ko som bliver ved med at producere og giver et plus p\u00e5 bundlinjen \u00e5r efter \u00e5r uden at for\u00e5rsage nogle problemer.<\/strong><\/p>\n<p><a href=\"https:\/\/www.nordicebv.info\/wp-content\/uploads\/2018\/11\/Dansk.png\"><img loading=\"lazy\" decoding=\"async\" class=\"size-large wp-image-10428 aligncenter\" src=\"https:\/\/www.nordicebv.info\/wp-content\/uploads\/2018\/11\/Dansk-1024x520.png\" alt=\"\" width=\"604\" height=\"307\" srcset=\"https:\/\/nordicebv.info\/wp-content\/uploads\/2018\/11\/Dansk-1024x520.png 1024w, https:\/\/nordicebv.info\/wp-content\/uploads\/2018\/11\/Dansk-300x152.png 300w, https:\/\/nordicebv.info\/wp-content\/uploads\/2018\/11\/Dansk-768x390.png 768w, https:\/\/nordicebv.info\/wp-content\/uploads\/2018\/11\/Dansk-100x50.png 100w\" sizes=\"auto, (max-width: 604px) 100vw, 604px\" \/><\/a><\/p>\n<p>Med NTM f\u00e5r du unik information om egenskaber, der giver dig f\u00e6rre problemer og mindre arbejde \u2013 den \u00f8konomiske ko. Og vi kan bevise at det virker i praksis.<\/p>\n<p>K\u00f8er med et h\u00f8jt NTM klarer sig bedre end k\u00f8er med et lavt NTM. Ved at dele k\u00f8erne indenfor bes\u00e6tning i to halvdele ud fra deres NTM ved f\u00f8dsel og sammenligne deres produktionsresultater, kan man se f\u00f8lgende resultater for k\u00f8er med h\u00f8jt NTM:<\/p>\n<ul>\n<li><strong>H\u00f8jere produktion<\/strong> \u2013 omkring 15 og 25 kg mere i fedt + protein i f\u00f8rste og anden paritet<\/li>\n<li><strong>Mere frugtbare<\/strong> \u2013 omkring 2 dage f\u00e6rre fra f\u00f8dsel til f\u00f8rste inseminering og fra f\u00f8rste til sidste inseminering i hhv. f\u00f8rste og anden laktation.<\/li>\n<li><strong>Bedre sundhed<\/strong> \u2013 omkring 1-2 %-point f\u00e6rre k\u00f8er med mastitis i alle pariteter<\/li>\n<li><strong>H\u00f8jere livstidsydelse \u2013 <\/strong>200-300 kg mere fedt + protein in deres levetid<\/li>\n<\/ul>\n<p>Resultaterne viser at NTM virker i praksis og giver en st\u00f8rre indtjening per ko igennem forbedret produktion, frugtbarhed og sundhed. Som f\u00f8lge heraf, \u00f8ger NTM ogs\u00e5 livstidsproduktionen.<\/p>\n<div id=\"motopress-main\" class=\"main-holder\">\n<div class=\"motopress-wrapper content-holder clearfix\">\n<div class=\"container\">\n<div class=\"row\">\n<div class=\"span12\" data-motopress-wrapper-type=\"content\" data-motopress-wrapper-file=\"single.php\">\n<div class=\"row\">\n<div id=\"content\" class=\"span8 right right\" data-motopress-type=\"loop\" data-motopress-loop-file=\"loop\/loop-single.php\">\n<article id=\"post-5581\" class=\"post__holder post-5581 post type-post status-publish format-standard hentry category-yleinen cat-1-id\">\n<div class=\"post_content\">\n<p>L\u00e6s mere i artiklen:<\/p>\n<p><a href=\"https:\/\/www.nordicebv.info\/wp-content\/uploads\/2018\/10\/Artikel_HOL_H\u00f8j_Lav_NTM.pdf\" target=\"_blank\" rel=\"noopener noreferrer\"><strong>Holstein<\/strong> k\u00f8er med h\u00f8jt NTM har h\u00f8jere livstidsproduktion<\/a><\/p>\n<p><a href=\"https:\/\/www.nordicebv.info\/wp-content\/uploads\/2018\/10\/Artikel_RDC_H\u00f8j_Lav_NTM.pdf\" target=\"_blank\" rel=\"noopener noreferrer\"><strong>RDM<\/strong> k\u00f8er med h\u00f8jt NTM har h\u00f8jere livstidsproduktion<\/a><\/p>\n<p><a href=\"https:\/\/www.nordicebv.info\/wp-content\/uploads\/2018\/10\/Article_JER_NTM_PA_viking.pdf\" target=\"_blank\" rel=\"noopener noreferrer\">H\u00f8jere NTM resulterer i st\u00f8rre livstidsproduktion for <strong>Jersey<\/strong> k\u00f8er!<\/a><\/p>\n<\/div>\n<\/article>\n<\/div>\n<\/div>\n<\/div>\n<\/div>\n<\/div>\n<\/div>\n<\/div>\n","protected":false},"excerpt":{"rendered":"<p>Dokumenteret effekt Den \u201c\u00f8konomiske ko\u201d er en ko der har en h\u00f8j ydelse, god frugtbarhed, er modstandsdygtig overfor sygdomme og er nem at malke og h\u00e5ndtere. Alts\u00e5 en ko som bliver ved med at producere og giver et plus p\u00e5 bundlinjen \u00e5r efter \u00e5r uden at for\u00e5rsage nogle problemer. Med NTM f\u00e5r du unik information &#8230; <a title=\"Dokumenteret effekt\" class=\"read-more\" href=\"https:\/\/nordicebv.info\/da\/dokumenteret-effekt\/\" aria-label=\"Read more about Dokumenteret effekt\">L\u00e6s Mere<\/a><\/p>\n","protected":false},"author":6,"featured_media":0,"parent":0,"menu_order":0,"comment_status":"closed","ping_status":"closed","template":"","meta":{"_exactmetrics_skip_tracking":false,"_exactmetrics_sitenote_active":false,"_exactmetrics_sitenote_note":"","_exactmetrics_sitenote_category":0,"footnotes":""},"class_list":["post-8274","page","type-page","status-publish"],"aioseo_notices":[],"_links":{"self":[{"href":"https:\/\/nordicebv.info\/da\/wp-json\/wp\/v2\/pages\/8274","targetHints":{"allow":["GET"]}}],"collection":[{"href":"https:\/\/nordicebv.info\/da\/wp-json\/wp\/v2\/pages"}],"about":[{"href":"https:\/\/nordicebv.info\/da\/wp-json\/wp\/v2\/types\/page"}],"author":[{"embeddable":true,"href":"https:\/\/nordicebv.info\/da\/wp-json\/wp\/v2\/users\/6"}],"replies":[{"embeddable":true,"href":"https:\/\/nordicebv.info\/da\/wp-json\/wp\/v2\/comments?post=8274"}],"version-history":[{"count":0,"href":"https:\/\/nordicebv.info\/da\/wp-json\/wp\/v2\/pages\/8274\/revisions"}],"wp:attachment":[{"href":"https:\/\/nordicebv.info\/da\/wp-json\/wp\/v2\/media?parent=8274"}],"curies":[{"name":"wp","href":"https:\/\/api.w.org\/{rel}","templated":true}]}}