{"id":8262,"date":"2018-10-30T14:59:49","date_gmt":"2018-10-30T12:59:49","guid":{"rendered":"https:\/\/www.nordicebv.info\/bag-avlsmalet\/"},"modified":"2020-09-04T11:45:44","modified_gmt":"2020-09-04T08:45:44","slug":"bag-avlsmalet","status":"publish","type":"page","link":"https:\/\/nordicebv.info\/da\/bag-avlsmalet\/","title":{"rendered":"Bag avlsm\u00e5let"},"content":{"rendered":"<h3>Bag avlsm\u00e5let<\/h3>\n<p><strong>I de nordiske lande, er gode registreringer uundv\u00e6rlige for at styre bedriften. Samtidig giver de et unikt grundlag til at udregne avlsv\u00e6rdital. Avlsv\u00e6rditallene bruges til at udv\u00e6lge de dyr, som skal v\u00e6re for\u00e6ldre til n\u00e6ste generation af malkek\u00f8er.<\/strong><\/p>\n<p><a href=\"https:\/\/www.nordicebv.info\/wp-content\/uploads\/2018\/11\/Dansk3.png\"><img loading=\"lazy\" decoding=\"async\" class=\"size-large wp-image-10417 aligncenter\" src=\"https:\/\/www.nordicebv.info\/wp-content\/uploads\/2018\/11\/Dansk3-1024x652.png\" alt=\"\" width=\"604\" height=\"385\" srcset=\"https:\/\/nordicebv.info\/wp-content\/uploads\/2018\/11\/Dansk3-1024x652.png 1024w, https:\/\/nordicebv.info\/wp-content\/uploads\/2018\/11\/Dansk3-300x191.png 300w, https:\/\/nordicebv.info\/wp-content\/uploads\/2018\/11\/Dansk3-768x489.png 768w, https:\/\/nordicebv.info\/wp-content\/uploads\/2018\/11\/Dansk3.png 1984w\" sizes=\"auto, (max-width: 604px) 100vw, 604px\" \/><\/a>Figur 1. Andel bes\u00e6tninger, som indg\u00e5r i registreringen<\/p>\n<p>&nbsp;<\/p>\n<p>En meget stor andel af de nordiske landm\u00e6nd, samt dyrl\u00e6ger, insemin\u00f8rer og klovbesk\u00e6rer bidrager med registreringer for en lang r\u00e6kke forskellige h\u00e6ndelser i koens levetid.<\/p>\n<p>Nordiske landm\u00e6nd laver pr\u00e6cise registreringer. Deres motivation er, at de bruges til at regne n\u00f8gletal \u2013 et management redskab til at optimere produktionen. Gennem management programmer, kan m\u00e6lkeproducenter ogs\u00e5 bruge n\u00f8gletallene til at benchmarke deres resultater mod andre g\u00e5rde.<\/p>\n<p>Tendensen i de nordiske lande er en st\u00e6rk fremgang i brugen af elektronisk udstyr p\u00e5 bes\u00e6tningen. Udstyret kan m\u00e5le egenskaber som m\u00e6lkeydelse, v\u00e6rdistof i m\u00e6lken, aktivitet, malketid og yverkoordinater. Laboratorie tests af m\u00e6lken, med fokus p\u00e5 fedtsyresammens\u00e6tning og m\u00e6ngden af ketonstoffer er ogs\u00e5 i kraftig udvikling. Det betyder, at vi bev\u00e6ger os i retning af st\u00f8rre m\u00e6ngder data, og data, der er mere objektive og pr\u00e6cise.<\/p>\n","protected":false},"excerpt":{"rendered":"<p>Bag avlsm\u00e5let I de nordiske lande, er gode registreringer uundv\u00e6rlige for at styre bedriften. Samtidig giver de et unikt grundlag til at udregne avlsv\u00e6rdital. Avlsv\u00e6rditallene bruges til at udv\u00e6lge de dyr, som skal v\u00e6re for\u00e6ldre til n\u00e6ste generation af malkek\u00f8er. Figur 1. Andel bes\u00e6tninger, som indg\u00e5r i registreringen &nbsp; En meget stor andel af de &#8230; <a title=\"Bag avlsm\u00e5let\" class=\"read-more\" href=\"https:\/\/nordicebv.info\/da\/bag-avlsmalet\/\" aria-label=\"Read more about Bag avlsm\u00e5let\">L\u00e6s Mere<\/a><\/p>\n","protected":false},"author":6,"featured_media":0,"parent":0,"menu_order":0,"comment_status":"closed","ping_status":"closed","template":"","meta":{"_exactmetrics_skip_tracking":false,"_exactmetrics_sitenote_active":false,"_exactmetrics_sitenote_note":"","_exactmetrics_sitenote_category":0,"footnotes":""},"class_list":["post-8262","page","type-page","status-publish"],"aioseo_notices":[],"_links":{"self":[{"href":"https:\/\/nordicebv.info\/da\/wp-json\/wp\/v2\/pages\/8262","targetHints":{"allow":["GET"]}}],"collection":[{"href":"https:\/\/nordicebv.info\/da\/wp-json\/wp\/v2\/pages"}],"about":[{"href":"https:\/\/nordicebv.info\/da\/wp-json\/wp\/v2\/types\/page"}],"author":[{"embeddable":true,"href":"https:\/\/nordicebv.info\/da\/wp-json\/wp\/v2\/users\/6"}],"replies":[{"embeddable":true,"href":"https:\/\/nordicebv.info\/da\/wp-json\/wp\/v2\/comments?post=8262"}],"version-history":[{"count":0,"href":"https:\/\/nordicebv.info\/da\/wp-json\/wp\/v2\/pages\/8262\/revisions"}],"wp:attachment":[{"href":"https:\/\/nordicebv.info\/da\/wp-json\/wp\/v2\/media?parent=8262"}],"curies":[{"name":"wp","href":"https:\/\/api.w.org\/{rel}","templated":true}]}}