{"id":8249,"date":"2018-10-30T14:58:30","date_gmt":"2018-10-30T12:58:30","guid":{"rendered":"https:\/\/www.nordicebv.info\/unikke-nordiske-egenskaber\/"},"modified":"2020-09-04T11:46:48","modified_gmt":"2020-09-04T08:46:48","slug":"unikke-nordiske-egenskaber","status":"publish","type":"page","link":"https:\/\/nordicebv.info\/da\/unikke-nordiske-egenskaber\/","title":{"rendered":"Unikke nordiske egenskaber"},"content":{"rendered":"<h3>Unikke nordiske egenskaber<\/h3>\n<p><strong>I de nordiske lande registrerer vi flere unikke egenskaber. Disse egenskaber beskriver b\u00e5de koens og kalvens sundhed og velf\u00e6rd. Nordiske m\u00e6lkeproducenter, har avlet mod bedre sundhed og funktionalitet i malkekv\u00e6g siden 1980\u2019erne. <\/strong><\/p>\n<p>Udfordringen med mange sundhedsegenskaber, er at de sv\u00e6re at registrere objektivt som eksempelvis m\u00e6lkeydelse og k\u00e5ring. I de nordiske lande, kommer vores sundhedsregistreringer fra dyrl\u00e6ger, hvilket g\u00f8r dem meget p\u00e5lideligt. 90 % af alle malkek\u00f8erne st\u00e5r i bes\u00e6tninger, der aktivt registrer. En stor indsats er blevet lagt i at standardisere definitionen og registreringen af sygdomme mellem de tre lande. Kun data fra bes\u00e6tninger, der opfylder de strenge krav til korrekt sundhedsregistrering er med i avlsv\u00e6rdivurderingen.<\/p>\n<p>Klovbesk\u00e6rer data er den nyeste kilde til sundhedsdata. De nordiske lande har udviklet og implementeret et effektivt digitalt registreringssystem. Det er blevet taget positivt imod af landm\u00e6nd, klovbesk\u00e6rer og r\u00e5dgivere, hvilket har f\u00f8rt til et h\u00f8jt registreringsniveau. Efter udviklingen af systemet, bliver registrering fra mere end 190.000 k\u00f8er modtaget hvert \u00e5r. Dette betyder at avlsv\u00e6rditallene kan bestemmes meget sikkert, og klovsundheden i de nordiske lande er derfor v\u00e6sentligt forbedret.<\/p>\n<p><a href=\"https:\/\/www.nordicebv.info\/wp-content\/uploads\/2018\/11\/Dansk2.png\"><img loading=\"lazy\" decoding=\"async\" class=\"size-large wp-image-10423 aligncenter\" src=\"https:\/\/www.nordicebv.info\/wp-content\/uploads\/2018\/11\/Dansk2-1024x768.png\" alt=\"\" width=\"604\" height=\"453\" srcset=\"https:\/\/nordicebv.info\/wp-content\/uploads\/2018\/11\/Dansk2-1024x768.png 1024w, https:\/\/nordicebv.info\/wp-content\/uploads\/2018\/11\/Dansk2-300x225.png 300w, https:\/\/nordicebv.info\/wp-content\/uploads\/2018\/11\/Dansk2-768x576.png 768w, https:\/\/nordicebv.info\/wp-content\/uploads\/2018\/11\/Dansk2-200x150.png 200w, https:\/\/nordicebv.info\/wp-content\/uploads\/2018\/11\/Dansk2.png 1890w\" sizes=\"auto, (max-width: 604px) 100vw, 604px\" \/><\/a><\/p>\n<p><strong>F\u00e5 et st\u00f8rre plus p\u00e5 bundlinjen med sundere k\u00f8er \u2013 brug de unikke nordiske sundhedsegenskaber i NTM.<\/strong><\/p>\n","protected":false},"excerpt":{"rendered":"<p>Unikke nordiske egenskaber I de nordiske lande registrerer vi flere unikke egenskaber. Disse egenskaber beskriver b\u00e5de koens og kalvens sundhed og velf\u00e6rd. Nordiske m\u00e6lkeproducenter, har avlet mod bedre sundhed og funktionalitet i malkekv\u00e6g siden 1980\u2019erne. Udfordringen med mange sundhedsegenskaber, er at de sv\u00e6re at registrere objektivt som eksempelvis m\u00e6lkeydelse og k\u00e5ring. I de nordiske lande, &#8230; <a title=\"Unikke nordiske egenskaber\" class=\"read-more\" href=\"https:\/\/nordicebv.info\/da\/unikke-nordiske-egenskaber\/\" aria-label=\"Read more about Unikke nordiske egenskaber\">L\u00e6s Mere<\/a><\/p>\n","protected":false},"author":6,"featured_media":0,"parent":0,"menu_order":0,"comment_status":"closed","ping_status":"closed","template":"","meta":{"_exactmetrics_skip_tracking":false,"_exactmetrics_sitenote_active":false,"_exactmetrics_sitenote_note":"","_exactmetrics_sitenote_category":0,"footnotes":""},"class_list":["post-8249","page","type-page","status-publish"],"aioseo_notices":[],"_links":{"self":[{"href":"https:\/\/nordicebv.info\/da\/wp-json\/wp\/v2\/pages\/8249","targetHints":{"allow":["GET"]}}],"collection":[{"href":"https:\/\/nordicebv.info\/da\/wp-json\/wp\/v2\/pages"}],"about":[{"href":"https:\/\/nordicebv.info\/da\/wp-json\/wp\/v2\/types\/page"}],"author":[{"embeddable":true,"href":"https:\/\/nordicebv.info\/da\/wp-json\/wp\/v2\/users\/6"}],"replies":[{"embeddable":true,"href":"https:\/\/nordicebv.info\/da\/wp-json\/wp\/v2\/comments?post=8249"}],"version-history":[{"count":0,"href":"https:\/\/nordicebv.info\/da\/wp-json\/wp\/v2\/pages\/8249\/revisions"}],"wp:attachment":[{"href":"https:\/\/nordicebv.info\/da\/wp-json\/wp\/v2\/media?parent=8249"}],"curies":[{"name":"wp","href":"https:\/\/api.w.org\/{rel}","templated":true}]}}