{"id":8232,"date":"2018-10-30T14:57:24","date_gmt":"2018-10-30T12:57:24","guid":{"rendered":"https:\/\/www.nordicebv.info\/balanceret-avlsmal\/"},"modified":"2021-03-26T09:03:00","modified_gmt":"2021-03-26T07:03:00","slug":"balanceret-avlsmal","status":"publish","type":"page","link":"https:\/\/nordicebv.info\/da\/balanceret-avlsmal\/","title":{"rendered":"Balanceret avlsm\u00e5l"},"content":{"rendered":"<h3>Balanceret avlsm\u00e5l<\/h3>\n<p><strong>Det nordiske total \u00f8konomiske indeks (NTM) for malkekv\u00e6g, er et balanceret avlsm\u00e5l, der indeholder de mest \u00f8konomisk vigtige egenskaber. Det g\u00e6lder b\u00e5de produktionsegenskaber og mange funktionelle egenskaber som yver sundhed, frugtbarhed og holdbarhed. P\u00e5 trods af at produktions- og funktionelle egenskaber ofte har en ugunstig indbyrdes sammenh\u00e6ng, har det v\u00e6ret muligt at opn\u00e5 genetisk fremgang for alle egenskaber. \u00a0\u00a0\u00a0\u00a0<\/strong><\/p>\n<p><a href=\"https:\/\/www.nordicebv.info\/wp-content\/uploads\/2021\/03\/balanced-breeding-goal_DNK_update-2021.png\"><img loading=\"lazy\" decoding=\"async\" class=\"size-full wp-image-12410 aligncenter\" src=\"https:\/\/www.nordicebv.info\/wp-content\/uploads\/2021\/03\/balanced-breeding-goal_DNK_update-2021.png\" alt=\"\" width=\"973\" height=\"578\" srcset=\"https:\/\/nordicebv.info\/wp-content\/uploads\/2021\/03\/balanced-breeding-goal_DNK_update-2021.png 973w, https:\/\/nordicebv.info\/wp-content\/uploads\/2021\/03\/balanced-breeding-goal_DNK_update-2021-300x178.png 300w, https:\/\/nordicebv.info\/wp-content\/uploads\/2021\/03\/balanced-breeding-goal_DNK_update-2021-768x456.png 768w\" sizes=\"auto, (max-width: 973px) 100vw, 973px\" \/><\/a><\/p>\n<p>NTM er udviklet i et samarbejde mellem Finland, Sverige og Danmark og blev publiceret for f\u00f8rste gang i 2008. Tidligere blev lignende total \u00f8konomiske indekser anvendt i alle tre lande. Henover \u00e5rene er NTM blevet forbedret ved at inkludere nye egenskaber \u2013 senest klovsundhed og ungdyroverlevelse. Dette har \u00f8get den \u00f8konomiske v\u00e6rdi pr. indeksenhed.<\/p>\n<p>Den store v\u00e6gt p\u00e5 de funktionelle egenskaber i NTM, er helt i tr\u00e5d med hvad landm\u00e6ndene \u00f8nsker. Der har v\u00e6ret stigende fokus p\u00e5 at avle imod en mere robust ko, som giver et st\u00f8rre overskud. Ikke kun ved at \u00f8ge m\u00e6lkeydelsen, men ogs\u00e5 ved at reducere produktionsomkostningerne.<\/p>\n<p>Beslutningsprocessen omkring v\u00e6gtningen af egenskaber i NTM er drevet af landm\u00e6nd. M\u00e5let er at kombinere egenskaberne p\u00e5 den meste optimale m\u00e5de, for at opn\u00e5 st\u00f8rst muligt overskud. V\u00e6gtningen af de enkelte egenskaber, er baseret p\u00e5 hvordan det er forventet at markedet og produktionen i fremtiden vil udvikle sig. Avlsm\u00e5let afspejler derfor landmands nuv\u00e6rende og fremtidige behov.<\/p>\n<p>Anvendelsen af de nyeste beregningsmetoder og chip teknologier, sikrer den h\u00f8jst mulige genetiske fremgang for alle egenskaber i NTM. Brugen af genomisk selektion har gjort det muligt at avle mod k\u00f8er der giver et endnu st\u00f8rre plus p\u00e5 bundlinjen. Dette skyldes h\u00f8jere sikkerheder p\u00e5 avlsv\u00e6rditallene, is\u00e6r for de funktionelle egenskaber.<\/p>\n<p>Mere om NTM:<\/p>\n<ul>\n<li><a href=\"https:\/\/vimeo.com\/299229474\" target=\"_blank\" rel=\"noopener noreferrer\">NTM video<\/a><\/li>\n<\/ul>\n","protected":false},"excerpt":{"rendered":"<p>Balanceret avlsm\u00e5l Det nordiske total \u00f8konomiske indeks (NTM) for malkekv\u00e6g, er et balanceret avlsm\u00e5l, der indeholder de mest \u00f8konomisk vigtige egenskaber. Det g\u00e6lder b\u00e5de produktionsegenskaber og mange funktionelle egenskaber som yver sundhed, frugtbarhed og holdbarhed. P\u00e5 trods af at produktions- og funktionelle egenskaber ofte har en ugunstig indbyrdes sammenh\u00e6ng, har det v\u00e6ret muligt at opn\u00e5 &#8230; <a title=\"Balanceret avlsm\u00e5l\" class=\"read-more\" href=\"https:\/\/nordicebv.info\/da\/balanceret-avlsmal\/\" aria-label=\"Read more about Balanceret avlsm\u00e5l\">L\u00e6s Mere<\/a><\/p>\n","protected":false},"author":6,"featured_media":0,"parent":0,"menu_order":0,"comment_status":"closed","ping_status":"closed","template":"","meta":{"_exactmetrics_skip_tracking":false,"_exactmetrics_sitenote_active":false,"_exactmetrics_sitenote_note":"","_exactmetrics_sitenote_category":0,"footnotes":""},"class_list":["post-8232","page","type-page","status-publish"],"aioseo_notices":[],"_links":{"self":[{"href":"https:\/\/nordicebv.info\/da\/wp-json\/wp\/v2\/pages\/8232","targetHints":{"allow":["GET"]}}],"collection":[{"href":"https:\/\/nordicebv.info\/da\/wp-json\/wp\/v2\/pages"}],"about":[{"href":"https:\/\/nordicebv.info\/da\/wp-json\/wp\/v2\/types\/page"}],"author":[{"embeddable":true,"href":"https:\/\/nordicebv.info\/da\/wp-json\/wp\/v2\/users\/6"}],"replies":[{"embeddable":true,"href":"https:\/\/nordicebv.info\/da\/wp-json\/wp\/v2\/comments?post=8232"}],"version-history":[{"count":1,"href":"https:\/\/nordicebv.info\/da\/wp-json\/wp\/v2\/pages\/8232\/revisions"}],"predecessor-version":[{"id":12420,"href":"https:\/\/nordicebv.info\/da\/wp-json\/wp\/v2\/pages\/8232\/revisions\/12420"}],"wp:attachment":[{"href":"https:\/\/nordicebv.info\/da\/wp-json\/wp\/v2\/media?parent=8232"}],"curies":[{"name":"wp","href":"https:\/\/api.w.org\/{rel}","templated":true}]}}