{"id":8198,"date":"2015-11-04T10:59:10","date_gmt":"2015-11-04T08:59:10","guid":{"rendered":"https:\/\/www.nordicebv.info\/interbeef-publicering\/"},"modified":"2023-05-16T12:58:12","modified_gmt":"2023-05-16T09:58:12","slug":"interbeef-publicering","status":"publish","type":"page","link":"https:\/\/nordicebv.info\/da\/kodkvaeg\/interbeef-publicering\/","title":{"rendered":"INTERBEEF PUBLICERING"},"content":{"rendered":"<div class=\"grid-66 tablet-grid-66 mobile-grid-100 first-column\">\n<h2>Interbeef publicering<\/h2>\n<p><strong>Interbeef avlsv\u00e6rdital<\/strong><\/p>\n<p>I Interbeef deltager Danmark, Sverige og Finland som \u00e9t land. Avlsv\u00e6rdivurderingen i Interbeef er baseret p\u00e5 grundregistreringer og afstamningsoplysninger fra de deltagende lande. Registreringer fra hvert af de deltagende lande bruges som forskellige egenskaber i den internationale avlsv\u00e6rdivurdering, og avlsv\u00e6rditallene fra Interbeef bliver offentliggjort p\u00e5 hvert medlemslands egen skala. Rangeringen af dyr kan derfor v\u00e6re forskellig \u2013 det bedste dyr i land A er s\u00e5ledes ikke n\u00f8dvendigvis det bedst dyr i land B.<\/p>\n<p>I \u00f8jeblikket deltager Australien, Tjekkiet, DFS (Danmark, Finland og Sverige), Estland, Frankrig, Tyskland, Irland, Italien, Letland, Slovenien, Sydafrika, Schweiz og Storbritannien &#8211; men alle lande deltager ikke med alle racer og egenskaber  i Interbeef. Indtil videre publiceres der avlsv\u00e6rdital for frav\u00e6nningsv\u00e6gt (200-dages v\u00e6gt i Danmark), samt f\u00f8dselsv\u00e6gt (BWT) og k\u00e6lvningsforl\u00f8b (CAE), b\u00e5de som en egenskab for kalven (direkte) og moderdyret (maternelt). Alle egenskaber publiceres for racerne Angus, Charolais, Hereford, Limousine og Simmental. Interbeef samarbejdet vil i fremtiden blive udvidet med flere egenskaber og racer.<\/p>\n<p><a href=\"https:\/\/www.icar.org\/index.php\/technical-bodies\/working-groups\/interbeef-working-group\/\" target=\"_blank\" rel=\"noopener noreferrer\">Interbeef er et underudvalg af ICAR <\/a>(International Committee for Animal Recording).<\/p>\n<p><strong>Interbeef publicering p\u00e5 nordisk skala<\/strong><\/p>\n<p>Officielle Interbeef avlsv\u00e6rdital for flere egenskaber og racer publiceres 2 gange \u00e5rligt (marts og november). De nyeste resultater kan ses p\u00e5 <a href=\"https:\/\/nordic.mloy.fi\/NAVBeef\/\">NAV s\u00f8gning p\u00e5 k\u00f8dkv\u00e6g<\/a>. S\u00f8gesiden indeholder avlsv\u00e6rdital for alle dyr som m\u00e5 publiceres. Det er muligt at frems\u00f8ge dyr indenfor den valgte race, og desuden er det muligt at ops\u00e6tte en r\u00e6kke valgfrie s\u00f8geparametre. Dermed kan du skr\u00e6ddersy s\u00f8gekriterierne til dine pr\u00e6ferencer. Det er ogs\u00e5 muligt at s\u00f8ge efter individuelle dyr eller deres afkom. Ud over avlsv\u00e6rditallene er der andre relevante informationer s\u00e5som opdr\u00e6tter, afstamning mm. p\u00e5 det enkelte dyr.<\/p>\n<p>Interbeef avlsv\u00e6rdital p\u00e5 DFS skala er standardiserede, s\u00e5 gruppen af dyr, der er f\u00f8dt 3-8 \u00e5r f\u00f8r datoen for avlsv\u00e6rdiberegning samt har en vejning ved 200 dage, har et gennemsnitligt avlsv\u00e6rdital p\u00e5 100 og en spredning p\u00e5 10.<\/p>\n<p><strong>Vigtigt<\/strong>. Det skal bem\u00e6rkes, at Interbeef evalueringerne k\u00f8res separat for alle egenskaberne, mens der ved de officielle evalueringer i Danmark, Finland og Sverige bruges mere avancerede modeller, og evalueringerne omfatter flere andre egenskaber. Yderligere anvendes der ogs\u00e5 information fra besl\u00e6gtede dyr fra andre lande i Interbeef evalueringerne, mens dyrene i den nordiske evaluering standardiseres i forhold til en f\u00e6lles nordisk basepopulation. Derfor kan dyrenes Interbeef avlsv\u00e6rdital afvige fra de nationale avlsv\u00e6rdital. Det skal ogs\u00e5 bem\u00e6rkes, at der i Danmark ikke offentligg\u00f8res et avlsv\u00e6rdital udelukkede baseret p\u00e5 frav\u00e6nningsv\u00e6gt.<\/p>\n<p>&nbsp;<\/p>\n<\/div>\n<div class=\"grid-33 tablet-grid-33 mobile-grid-100 first-column\">\n<p><strong><a href=\"https:\/\/nordic.mloy.fi\/NAVBeef\/\" target=\"_blank\" rel=\"noopener\">NAV s\u00f8gning p\u00e5 k\u00f8dkv\u00e6g<\/a><\/strong><\/p>\n<\/div>\n","protected":false},"excerpt":{"rendered":"<p>Interbeef publicering Interbeef avlsv\u00e6rdital I Interbeef deltager Danmark, Sverige og Finland som \u00e9t land. Avlsv\u00e6rdivurderingen i Interbeef er baseret p\u00e5 grundregistreringer og afstamningsoplysninger fra de deltagende lande. Registreringer fra hvert af de deltagende lande bruges som forskellige egenskaber i den internationale avlsv\u00e6rdivurdering, og avlsv\u00e6rditallene fra Interbeef bliver offentliggjort p\u00e5 hvert medlemslands egen skala. Rangeringen af &#8230; <a title=\"INTERBEEF PUBLICERING\" class=\"read-more\" href=\"https:\/\/nordicebv.info\/da\/kodkvaeg\/interbeef-publicering\/\" aria-label=\"Read more about INTERBEEF PUBLICERING\">L\u00e6s Mere<\/a><\/p>\n","protected":false},"author":6,"featured_media":0,"parent":8170,"menu_order":0,"comment_status":"closed","ping_status":"closed","template":"","meta":{"_exactmetrics_skip_tracking":false,"_exactmetrics_sitenote_active":false,"_exactmetrics_sitenote_note":"","_exactmetrics_sitenote_category":0,"footnotes":""},"class_list":["post-8198","page","type-page","status-publish"],"aioseo_notices":[],"_links":{"self":[{"href":"https:\/\/nordicebv.info\/da\/wp-json\/wp\/v2\/pages\/8198","targetHints":{"allow":["GET"]}}],"collection":[{"href":"https:\/\/nordicebv.info\/da\/wp-json\/wp\/v2\/pages"}],"about":[{"href":"https:\/\/nordicebv.info\/da\/wp-json\/wp\/v2\/types\/page"}],"author":[{"embeddable":true,"href":"https:\/\/nordicebv.info\/da\/wp-json\/wp\/v2\/users\/6"}],"replies":[{"embeddable":true,"href":"https:\/\/nordicebv.info\/da\/wp-json\/wp\/v2\/comments?post=8198"}],"version-history":[{"count":8,"href":"https:\/\/nordicebv.info\/da\/wp-json\/wp\/v2\/pages\/8198\/revisions"}],"predecessor-version":[{"id":15484,"href":"https:\/\/nordicebv.info\/da\/wp-json\/wp\/v2\/pages\/8198\/revisions\/15484"}],"up":[{"embeddable":true,"href":"https:\/\/nordicebv.info\/da\/wp-json\/wp\/v2\/pages\/8170"}],"wp:attachment":[{"href":"https:\/\/nordicebv.info\/da\/wp-json\/wp\/v2\/media?parent=8198"}],"curies":[{"name":"wp","href":"https:\/\/api.w.org\/{rel}","templated":true}]}}