{"id":8170,"date":"2015-05-22T13:25:36","date_gmt":"2015-05-22T10:25:36","guid":{"rendered":"https:\/\/www.nordicebv.info\/kodkvaeg\/"},"modified":"2021-11-03T14:31:28","modified_gmt":"2021-11-03T12:31:28","slug":"kodkvaeg","status":"publish","type":"page","link":"https:\/\/nordicebv.info\/da\/kodkvaeg\/","title":{"rendered":"K\u00d8DKV\u00c6G"},"content":{"rendered":"<p>L\u00e6s mere fra <a href=\"https:\/\/nordicebv.info\/da\/kodkvaeg\/beef-publication\/\">Renracet k\u00f8dkv\u00e6g,<\/a> <a href=\"https:\/\/www.nordicebv.info\/dk\/beef-cattle\/beef-x-dairy-publication\/\">Publicering af X-indekser<\/a> og <a href=\"https:\/\/www.nordicebv.info\/dk\/beef-cattle\/interbeef-publication\">Interbeef publicering<\/a>.<\/p>\n","protected":false},"excerpt":{"rendered":"<p>L\u00e6s mere fra Renracet k\u00f8dkv\u00e6g, Publicering af X-indekser og Interbeef publicering.<\/p>\n","protected":false},"author":2,"featured_media":0,"parent":0,"menu_order":0,"comment_status":"closed","ping_status":"closed","template":"","meta":{"_exactmetrics_skip_tracking":false,"_exactmetrics_sitenote_active":false,"_exactmetrics_sitenote_note":"","_exactmetrics_sitenote_category":0,"footnotes":""},"class_list":["post-8170","page","type-page","status-publish"],"aioseo_notices":[],"_links":{"self":[{"href":"https:\/\/nordicebv.info\/da\/wp-json\/wp\/v2\/pages\/8170","targetHints":{"allow":["GET"]}}],"collection":[{"href":"https:\/\/nordicebv.info\/da\/wp-json\/wp\/v2\/pages"}],"about":[{"href":"https:\/\/nordicebv.info\/da\/wp-json\/wp\/v2\/types\/page"}],"author":[{"embeddable":true,"href":"https:\/\/nordicebv.info\/da\/wp-json\/wp\/v2\/users\/2"}],"replies":[{"embeddable":true,"href":"https:\/\/nordicebv.info\/da\/wp-json\/wp\/v2\/comments?post=8170"}],"version-history":[{"count":2,"href":"https:\/\/nordicebv.info\/da\/wp-json\/wp\/v2\/pages\/8170\/revisions"}],"predecessor-version":[{"id":13067,"href":"https:\/\/nordicebv.info\/da\/wp-json\/wp\/v2\/pages\/8170\/revisions\/13067"}],"wp:attachment":[{"href":"https:\/\/nordicebv.info\/da\/wp-json\/wp\/v2\/media?parent=8170"}],"curies":[{"name":"wp","href":"https:\/\/api.w.org\/{rel}","templated":true}]}}