{"id":8162,"date":"2015-05-20T09:53:29","date_gmt":"2015-05-20T06:53:29","guid":{"rendered":"https:\/\/www.nordicebv.info\/faenotypiske-vaerdier\/"},"modified":"2022-03-25T06:55:26","modified_gmt":"2022-03-25T04:55:26","slug":"faenotypiske-vaerdier","status":"publish","type":"page","link":"https:\/\/nordicebv.info\/da\/faenotypiske-vaerdier\/","title":{"rendered":"F\u00e6notypiske v\u00e6rdier"},"content":{"rendered":"<p>P\u00e5 <strong><a href=\"https:\/\/nordic.mloy.fi\/navbull\" target=\"_blank\" rel=\"noopener noreferrer\">NAV \u2013 s\u00f8gning p\u00e5 tyre<\/a>\u00a0<\/strong>kan du se, hvad avlsv\u00e6rdital svarer til i praksis (kg, %, dage m.m.). Find en given tyr. Klik p\u00e5 knappen <strong>Vis effekt af avlsv\u00e6rdital<\/strong> under stamtavlen p\u00e5 tyrens egen side. Herefter vises, hvad avlsv\u00e6rditallene betyder for d\u00f8tre efter tyren p\u00e5 den skala, egenskaben er m\u00e5lt i.<\/p>\n<p>En oversigt over effekt af v\u00e6rditallene for hver race kan findes her for <a href=\"https:\/\/nordic.mloy.fi\/NAVBull\/Phenotypes\/DNK\/HOL\" target=\"_blank\" rel=\"noopener\">HOL<\/a>, <a href=\"https:\/\/nordic.mloy.fi\/NAVBull\/Phenotypes\/DNK\/RDC\" target=\"_blank\" rel=\"noopener\">RDC<\/a> og <a href=\"https:\/\/nordic.mloy.fi\/NAVBull\/Phenotypes\/DNK\/JER\" target=\"_blank\" rel=\"noopener\">JER<\/a> eller i brugermanualen til <strong>NAV &#8211; s\u00f8gning p\u00e5 tyre<\/strong>.<\/p>\n","protected":false},"excerpt":{"rendered":"<p>P\u00e5 NAV \u2013 s\u00f8gning p\u00e5 tyre\u00a0kan du se, hvad avlsv\u00e6rdital svarer til i praksis (kg, %, dage m.m.). Find en given tyr. Klik p\u00e5 knappen Vis effekt af avlsv\u00e6rdital under stamtavlen p\u00e5 tyrens egen side. Herefter vises, hvad avlsv\u00e6rditallene betyder for d\u00f8tre efter tyren p\u00e5 den skala, egenskaben er m\u00e5lt i. En oversigt over effekt &#8230; <a title=\"F\u00e6notypiske v\u00e6rdier\" class=\"read-more\" href=\"https:\/\/nordicebv.info\/da\/faenotypiske-vaerdier\/\" aria-label=\"Read more about F\u00e6notypiske v\u00e6rdier\">L\u00e6s Mere<\/a><\/p>\n","protected":false},"author":2,"featured_media":0,"parent":0,"menu_order":0,"comment_status":"closed","ping_status":"closed","template":"","meta":{"_exactmetrics_skip_tracking":false,"_exactmetrics_sitenote_active":false,"_exactmetrics_sitenote_note":"","_exactmetrics_sitenote_category":0,"footnotes":""},"class_list":["post-8162","page","type-page","status-publish"],"aioseo_notices":[],"_links":{"self":[{"href":"https:\/\/nordicebv.info\/da\/wp-json\/wp\/v2\/pages\/8162","targetHints":{"allow":["GET"]}}],"collection":[{"href":"https:\/\/nordicebv.info\/da\/wp-json\/wp\/v2\/pages"}],"about":[{"href":"https:\/\/nordicebv.info\/da\/wp-json\/wp\/v2\/types\/page"}],"author":[{"embeddable":true,"href":"https:\/\/nordicebv.info\/da\/wp-json\/wp\/v2\/users\/2"}],"replies":[{"embeddable":true,"href":"https:\/\/nordicebv.info\/da\/wp-json\/wp\/v2\/comments?post=8162"}],"version-history":[{"count":2,"href":"https:\/\/nordicebv.info\/da\/wp-json\/wp\/v2\/pages\/8162\/revisions"}],"predecessor-version":[{"id":13699,"href":"https:\/\/nordicebv.info\/da\/wp-json\/wp\/v2\/pages\/8162\/revisions\/13699"}],"wp:attachment":[{"href":"https:\/\/nordicebv.info\/da\/wp-json\/wp\/v2\/media?parent=8162"}],"curies":[{"name":"wp","href":"https:\/\/api.w.org\/{rel}","templated":true}]}}