{"id":8142,"date":"2015-05-20T09:52:48","date_gmt":"2015-05-20T06:52:48","guid":{"rendered":"https:\/\/www.nordicebv.info\/eksterior\/"},"modified":"2025-11-06T13:38:05","modified_gmt":"2025-11-06T11:38:05","slug":"eksterior","status":"publish","type":"page","link":"https:\/\/nordicebv.info\/da\/eksterior\/","title":{"rendered":"Eksteri\u00f8r"},"content":{"rendered":"<div class=\"grid-66 tablet-grid-66 mobile-grid-100 first-column\">\n<p>For eksteri\u00f8r bliver de line\u00e6re egenskaber sammenvejet til indeks for kropskapacitet, lemmer og malkeorganer. Avlsv\u00e6rdital for de sammenvejede egenskaber samt de line\u00e6re egenskaber offentligg\u00f8res. Grundlaget for eksteri\u00f8rindekserne er k\u00e5ringer foretaget af afkomsinspekt\u00f8rer for Danmark, Sverige og Finland.<\/p>\n<h2>Kropskapacitet<\/h2>\n<p>Indeks for kropskapacitet beskriver koens genetiske niveau for udseende af kroppen. H\u00f8jere avlsv\u00e6rdital indikerer st\u00f8rre, bredere og dybere k\u00f8er.<\/p>\n<h2>Lemmer<\/h2>\n<p>Indeks for lemmer beskriver genetisk niveau for udseende af lemmer og klove. H\u00f8jere avlsv\u00e6rdier indikerer bedre klove og lemmer.<\/p>\n<h2>Malkeorganer<\/h2>\n<p>Indeks for malkeorganer beskriver genetisk niveau for udseende af yver. H\u00f8jere avlsv\u00e6rdier indikerer bedre yvereksteri\u00f8r.<\/p>\n<p>Optima og v\u00e6gte for de line\u00e6re eksteri\u00f8regenskaber samt beskrivelse af line\u00e6r bed\u00f8mmelse findes som links til h\u00f8jre.<\/p>\n<p><strong>L\u00e6s mere:<\/strong><\/p>\n<p><a href=\"https:\/\/nordicebv.info\/wp-content\/uploads\/2015\/04\/Improved-NAV-breeding-values-for-conformation_DNK.pdf\" target=\"_blank\" rel=\"noopener noreferrer\">Forbedrede avlsv\u00e6rdital for eksteri\u00f8r<\/a><\/p>\n<p>L\u00e6s mere om beregning af avlsv\u00e6rdital i <strong>NAV routine genetic evaluation of Dairy Cattle \u2013 data and genetic models<\/strong>.<\/p>\n<\/div>\n<div class=\"grid-33 tablet-grid-33 mobile-grid-100 first-column\">\n<p><strong><a href=\"https:\/\/nordic.mloy.fi\/NAVBull\/\" target=\"_blank\" rel=\"noopener\">NAV &#8211; S\u00f8gning p\u00e5 tyre<\/a><\/strong><\/p>\n<p><strong><a href=\"https:\/\/nordicebv.info\/wp-content\/uploads\/2023\/09\/Conformation-manual-with-pictures-31082023.pdf\">Beskrivelse af k\u00e5ring af malkekv\u00e6g<\/a><\/strong><\/p>\n<p><strong><a href=\"https:\/\/nordicebv.info\/wp-content\/uploads\/2025\/08\/Conformation_optimums_weights_DNK-2025-RDC-udder.pdf\">Optimum og v\u00e6gtfaktorer for eksteri\u00f8r<\/a><\/strong><\/p>\n<p><strong><a href=\"https:\/\/nordicebv.info\/wp-content\/uploads\/2025\/11\/NAV-routine-genetic-evaluation-November-2025.pdf\">NAV routine genetic evaluation of dairy cattle \u2013 data and genetic models<\/a>\u00a0<\/strong>(p\u00e5 engelsk)<\/p>\n<\/div>\n","protected":false},"excerpt":{"rendered":"<p>For eksteri\u00f8r bliver de line\u00e6re egenskaber sammenvejet til indeks for kropskapacitet, lemmer og malkeorganer. Avlsv\u00e6rdital for de sammenvejede egenskaber samt de line\u00e6re egenskaber offentligg\u00f8res. Grundlaget for eksteri\u00f8rindekserne er k\u00e5ringer foretaget af afkomsinspekt\u00f8rer for Danmark, Sverige og Finland. Kropskapacitet Indeks for kropskapacitet beskriver koens genetiske niveau for udseende af kroppen. H\u00f8jere avlsv\u00e6rdital indikerer st\u00f8rre, bredere og &#8230; <a title=\"Eksteri\u00f8r\" class=\"read-more\" href=\"https:\/\/nordicebv.info\/da\/eksterior\/\" aria-label=\"Read more about Eksteri\u00f8r\">L\u00e6s Mere<\/a><\/p>\n","protected":false},"author":2,"featured_media":0,"parent":0,"menu_order":0,"comment_status":"closed","ping_status":"closed","template":"","meta":{"_exactmetrics_skip_tracking":false,"_exactmetrics_sitenote_active":false,"_exactmetrics_sitenote_note":"","_exactmetrics_sitenote_category":0,"footnotes":""},"class_list":["post-8142","page","type-page","status-publish"],"aioseo_notices":[],"_links":{"self":[{"href":"https:\/\/nordicebv.info\/da\/wp-json\/wp\/v2\/pages\/8142","targetHints":{"allow":["GET"]}}],"collection":[{"href":"https:\/\/nordicebv.info\/da\/wp-json\/wp\/v2\/pages"}],"about":[{"href":"https:\/\/nordicebv.info\/da\/wp-json\/wp\/v2\/types\/page"}],"author":[{"embeddable":true,"href":"https:\/\/nordicebv.info\/da\/wp-json\/wp\/v2\/users\/2"}],"replies":[{"embeddable":true,"href":"https:\/\/nordicebv.info\/da\/wp-json\/wp\/v2\/comments?post=8142"}],"version-history":[{"count":19,"href":"https:\/\/nordicebv.info\/da\/wp-json\/wp\/v2\/pages\/8142\/revisions"}],"predecessor-version":[{"id":12000,"href":"https:\/\/nordicebv.info\/da\/wp-json\/wp\/v2\/pages\/8142\/revisions\/12000"}],"wp:attachment":[{"href":"https:\/\/nordicebv.info\/da\/wp-json\/wp\/v2\/media?parent=8142"}],"curies":[{"name":"wp","href":"https:\/\/api.w.org\/{rel}","templated":true}]}}