{"id":8116,"date":"2015-05-20T09:51:59","date_gmt":"2015-05-20T06:51:59","guid":{"rendered":"https:\/\/www.nordicebv.info\/funktionelle-egenskaber\/"},"modified":"2025-11-06T13:42:51","modified_gmt":"2025-11-06T11:42:51","slug":"funktionelle-egenskaber","status":"publish","type":"page","link":"https:\/\/nordicebv.info\/da\/funktionelle-egenskaber\/","title":{"rendered":"Funktionelle egenskaber"},"content":{"rendered":"<div class=\"grid-66 tablet-grid-66 mobile-grid-100 first-column\">\n<h2>Sundhed<\/h2>\n<p><strong>Indeks for yversundhed <\/strong>beskriver koens genetisk resistens mod yverbet\u00e6ndelse. Indekset er baseret p\u00e5 registreringer af klinisk mastitis fra dyrl\u00e6ger i de f\u00f8rste tre laktationer. Celletal og enkelte yveregenskaber anvendes ved beregning af indeks for yversundhed.<\/p>\n<p>Indeks for <strong>generel sundhed<\/strong> beskriver koens genetiske resistens mod reproduktions-, stofskifte- og klov\/lemme sygdomme. Indekset er baseret p\u00e5 dyrl\u00e6gens behandlinger i de f\u00f8rste tre laktationer.<\/p>\n<p><strong>Indeks for klovsundhed<\/strong> beskriver koens genetiske resistens mod klovsygdomme. Indekset er baseret p\u00e5 registreringer fra klovbesk\u00e6rere i de f\u00f8rste tre laktationer. Registreringer af syv forskellige klovsygdomme anvendes i indekset.<\/p>\n<p>Yversundhed, generel sundhed og klovsundhed er inkluderet i NTM.<\/p>\n<p><strong>L\u00e6s mere:<\/strong><\/p>\n<ul>\n<li><a href=\"https:\/\/nordicebv.info\/wp-content\/uploads\/2015\/05\/Genetic-Evaluation-of-Other-Diseases.pdf\" rel=\"noopener\">Genetic evaluation of general health<\/a><\/li>\n<li><a href=\"https:\/\/nordicebv.info\/wp-content\/uploads\/2015\/05\/Registrations-from-hoof-health_DNK_final.pdf\" rel=\"noopener\">Elektronisk klovsundhedsregistrering &#8211; nu ogs\u00e5 i Finland og Sverige<\/a><\/li>\n<li><a href=\"https:\/\/nordicebv.info\/wp-content\/uploads\/2015\/04\/Economic-value-of-claw-health.pdf\">Economic value of claw health<\/a><\/li>\n<li><a href=\"https:\/\/nordicebv.info\/wp-content\/uploads\/2020\/09\/NordicClawAtlas_Updated-June2020.pdf\">Nordic Claw Atlas 2020<\/a><\/li>\n<\/ul>\n<p>L\u00e6s mere om beregning af avlsv\u00e6rdital i <strong>NAV routine genetic evaluation of dairy cattle \u2013 data and genetic models.<\/strong><\/p>\n<h2>Frugtbarhed<\/h2>\n<p><strong>Indeks for hunlig frugtbarhed<\/strong> beskriver kviens\/koens genetiske evne til at starte eller genoptage brunstcyklus efter k\u00e6lvning, at vise brunst og at blive dr\u00e6gtig. Jo h\u00f8jere avlsv\u00e6rdital, jo bedre frugtbarhed. Frugtbarhesindekset inkluderer avlsv\u00e6rdital for interval fra f\u00f8rste til sidste inseminering (kvier og k\u00f8er), interval fra k\u00e6lvning til f\u00f8rste inseminering (k\u00f8er) og antallet af insemineringer (kvier og k\u00f8er).<\/p>\n<p>Frugtbarhedsindekset indg\u00e5r i NTM. Der beregnes og offentligg\u00f8res avlsv\u00e6rdital for frugtbarhedsegenskaber, som ikke indg\u00e5r i frugtbarhedsindekset. Det er ikke-oml\u00f8ber % (kvier og k\u00f8er) og brunststyrke (kvier og k\u00f8er).<\/p>\n<p><strong>L\u00e6s mere:<\/strong><\/p>\n<ul>\n<li><a href=\"https:\/\/nordicebv.info\/wp-content\/uploads\/2015\/04\/New-fertility-evaluation_DNK.pdf\" rel=\"noopener\">Forbedret avlsv\u00e6rdivurdering for frugtbarhed<\/a><\/li>\n<\/ul>\n<p>L\u00e6s mere om beregning af avlsv\u00e6rdital i <strong>NAV routine genetic evaluation of dairy cattle \u2013 data and genetic models.<\/strong><\/p>\n<h2>K\u00e6lvningsegenskaber<\/h2>\n<p><strong>F\u00f8dselsindekset<\/strong> beskriver <u>kalvens<\/u> genetiske evne til at blive f\u00f8dt let og levende. Det omfatter avlsv\u00e6rdital for livskraft og forl\u00f8b baseret p\u00e5 registreringer fra 1. \u2013 5. laktation.<\/p>\n<p><strong>K\u00e6lvningsindeks<\/strong> beskriver <u>koens<\/u> genetiske evne til at have en let k\u00e6lvning og f\u00f8de en levende kalv. Det omfatter avlsv\u00e6rdital for livskraft og forl\u00f8b baseret p\u00e5 registreringer fra 1. \u2013 5. laktation.<\/p>\n<p>B\u00e5de f\u00f8dsels- og k\u00e6lvningsindeks indg\u00e5r i NTM.<\/p>\n<p>L\u00e6s mere om beregning af avlsv\u00e6rdital i <strong>NAV routine genetic evaluation of dairy cattle \u2013 data and genetic models.<\/strong><\/p>\n<h2>Holdbarhed<\/h2>\n<p><strong>Indeks for holdbarhed<\/strong> beskriver koens genetiske potentiale for at producere l\u00e6nge i bes\u00e6tningen. Indekset er baseret p\u00e5 avlsv\u00e6rdital for dage fra f\u00f8rste k\u00e6lvning til slutningen af 3. laktation. Andre tidsperioder anvendes ogs\u00e5 i beregningen.<\/p>\n<p>Registreringerne bag indeks for holdbarhed stammer fra ydelseskontrollen. Holdbarhedsindekset er inkluderet i NTM.<\/p>\n<p><strong>Ungdyroverlevelse<\/strong> beskriver kviekalvens genetiske potentiale for overlevelse indtil 15 m\u00e5neders alderen og tyrekalvens genetiske potentiale for overlevelse indtil 6 m\u00e5neders alderen.<\/p>\n<p><strong>L\u00e6s mere:<\/strong><\/p>\n<ul>\n<li><a href=\"https:\/\/nordicebv.info\/wp-content\/uploads\/2015\/05\/Longevity-trend_EC_english_final_long_DNK.pdf\" rel=\"noopener\">Avl for bedre holdbarhed er ikke nok til at forbedre levetiden<\/a><\/li>\n<li><a href=\"https:\/\/nordicebv.info\/wp-content\/uploads\/2015\/04\/Breeding-for-stronger-youngstock_short_DNK.pdf\" rel=\"noopener\">Avl for st\u00e6rkere ungdyr<\/a><\/li>\n<li><a href=\"https:\/\/nordicebv.info\/wp-content\/uploads\/2015\/04\/CalfSurvivalFinalReport.pdf\">NAV evaluation for calf survival &#8211; Final report<\/a><\/li>\n<\/ul>\n<p>L\u00e6s mere om beregning af avlsv\u00e6rdital i <strong>NAV routine genetic evaluation of dairy cattle \u2013 data and genetic models.<\/strong><\/p>\n<h2>Malketid<\/h2>\n<p><strong>Indeks for malketid<\/strong> beskriver koens genetiske niveau for m\u00e6lkeflow. Indekset er baseret p\u00e5 kv\u00e6gbrugerens vurdering af koens malketid samt elektroniske registreringer fra m\u00e6lkem\u00e5lere, AMS og malkestalde. Hvis det er tilg\u00e6ngeligt, anvendes elektroniske registreringer i stedet for bes\u00e6tningsejerens vurdering.<\/p>\n<p>Indeks for malketid er inkluderet i NTM. Der beregnes og offentligg\u00f8res ogs\u00e5 avlsv\u00e6rdital for m\u00e6lkespild, men det indg\u00e5r ikke i indeks for malketid.<\/p>\n<p><strong>L\u00e6s mere:<\/strong><\/p>\n<ul>\n<li><a href=\"https:\/\/nordicebv.info\/wp-content\/uploads\/2015\/04\/More-data-in-breeding-value-for-milking-speed_DK.pdf\" rel=\"noopener\">Forbedrede avlsv\u00e6rdital for malketid<\/a><\/li>\n<\/ul>\n<p>L\u00e6s mere om beregning af avlsv\u00e6rdital i <strong>NAV routine genetic evaluation of dairy cattle \u2013 data and genetic models.<\/strong><\/p>\n<h2>Temperament<\/h2>\n<p><strong>Indeks for temperament<\/strong> beskriver koens genetiske niveau for temperament. Indekset er baseret p\u00e5 kv\u00e6gbrugerens vurdering af den enkelte kos temperament i forhold til andre k\u00f8er i bes\u00e6tningen. Indekset er inkluderet i NTM.<\/p>\n<p>L\u00e6s mere om beregning af avlsv\u00e6rdital i <strong>NAV routine genetic evaluation of dairy cattle \u2013 data and genetic models.<\/strong><\/p>\n<\/div>\n<div class=\"grid-33 tablet-grid-33 mobile-grid-100 first-column\">\n<p><strong><a href=\"https:\/\/nordic.mloy.fi\/NAVBull\/\" target=\"_blank\" rel=\"noopener\">NAV &#8211; S\u00f8gning p\u00e5 tyre<\/a><\/strong><\/p>\n<p><strong><a href=\"https:\/\/nordicebv.info\/wp-content\/uploads\/2025\/11\/NAV-routine-genetic-evaluation-November-2025.pdf\">NAV routine genetic evaluation of dairy cattle \u2013 data and genetic models<\/a><\/strong> (p\u00e5 engelsk)<\/p>\n<\/div>\n","protected":false},"excerpt":{"rendered":"<p>Sundhed Indeks for yversundhed beskriver koens genetisk resistens mod yverbet\u00e6ndelse. Indekset er baseret p\u00e5 registreringer af klinisk mastitis fra dyrl\u00e6ger i de f\u00f8rste tre laktationer. Celletal og enkelte yveregenskaber anvendes ved beregning af indeks for yversundhed. Indeks for generel sundhed beskriver koens genetiske resistens mod reproduktions-, stofskifte- og klov\/lemme sygdomme. Indekset er baseret p\u00e5 dyrl\u00e6gens &#8230; <a title=\"Funktionelle egenskaber\" class=\"read-more\" href=\"https:\/\/nordicebv.info\/da\/funktionelle-egenskaber\/\" aria-label=\"Read more about Funktionelle egenskaber\">L\u00e6s Mere<\/a><\/p>\n","protected":false},"author":2,"featured_media":0,"parent":0,"menu_order":0,"comment_status":"closed","ping_status":"closed","template":"","meta":{"_exactmetrics_skip_tracking":false,"_exactmetrics_sitenote_active":false,"_exactmetrics_sitenote_note":"","_exactmetrics_sitenote_category":0,"footnotes":""},"class_list":["post-8116","page","type-page","status-publish"],"aioseo_notices":[],"_links":{"self":[{"href":"https:\/\/nordicebv.info\/da\/wp-json\/wp\/v2\/pages\/8116","targetHints":{"allow":["GET"]}}],"collection":[{"href":"https:\/\/nordicebv.info\/da\/wp-json\/wp\/v2\/pages"}],"about":[{"href":"https:\/\/nordicebv.info\/da\/wp-json\/wp\/v2\/types\/page"}],"author":[{"embeddable":true,"href":"https:\/\/nordicebv.info\/da\/wp-json\/wp\/v2\/users\/2"}],"replies":[{"embeddable":true,"href":"https:\/\/nordicebv.info\/da\/wp-json\/wp\/v2\/comments?post=8116"}],"version-history":[{"count":15,"href":"https:\/\/nordicebv.info\/da\/wp-json\/wp\/v2\/pages\/8116\/revisions"}],"predecessor-version":[{"id":23504,"href":"https:\/\/nordicebv.info\/da\/wp-json\/wp\/v2\/pages\/8116\/revisions\/23504"}],"wp:attachment":[{"href":"https:\/\/nordicebv.info\/da\/wp-json\/wp\/v2\/media?parent=8116"}],"curies":[{"name":"wp","href":"https:\/\/api.w.org\/{rel}","templated":true}]}}