{"id":8101,"date":"2015-05-20T09:51:14","date_gmt":"2015-05-20T06:51:14","guid":{"rendered":"https:\/\/www.nordicebv.info\/produktion\/"},"modified":"2025-11-06T13:49:03","modified_gmt":"2025-11-06T11:49:03","slug":"produktion","status":"publish","type":"page","link":"https:\/\/nordicebv.info\/da\/produktion\/","title":{"rendered":"Produktion"},"content":{"rendered":"<div class=\"grid-66 tablet-grid-66 mobile-grid-100 first-column\">\n<h2>Ydelse<\/h2>\n<p>Ydelsesindekset beskriver det genetiske potentiale for m\u00e6lke-, fedt- og proteinproduktion. Det omfatter avlsv\u00e6rdital for m\u00e6lk, fedt og protein baseret p\u00e5 kg m\u00e6lk, fedt og protein (sidstn\u00e6vnte beregnes ud fra kg m\u00e6lk og fedt- og proteinprocenter). Der anvendes registreringer fra de f\u00f8rste tre laktationer.<\/p>\n<p>M\u00e5let er at producere m\u00e6lk, der svarer til mejeriernes afregningssystemer. Derfor er der positiv v\u00e6gt p\u00e5 kg protein og fedt og negativ v\u00e6gt p\u00e5 kg m\u00e6lk. V\u00e6gtningen er forskellig mellem racer.<\/p>\n<p>Indeks for ydelse indg\u00e5r i NTM. Derudover offentligg\u00f8res avlsv\u00e6rdital for persistens og protein- og fedtprocent.<\/p>\n<p><strong>L\u00e6s mere<\/strong> om beregning af avlsv\u00e6rdital i NAV routine genetic evaluation of dairy cattle \u2013 data and genetic models.<\/p>\n<h2>V\u00e6kst<\/h2>\n<p>V\u00e6kstindekset beskriver det genetiske potentiale for nettotilv\u00e6kst og klassificering.<\/p>\n<p>Avlsv\u00e6rditallene er baseret p\u00e5 slagteriernes registreringer af slagtev\u00e6gten og klassificeringen (EUROP-skalaen) for tyrekalve. Kalvene er enten intensivt opdr\u00e6ttet eller opdr\u00e6ttet med en l\u00e6ngere opfedningsperiode.<\/p>\n<p>V\u00e6kstindekset er inkluderet i NTM.<\/p>\n<p><strong>L\u00e6s mere<\/strong> om beregning af avlsv\u00e6rdital i NAV routine genetic evaluation of dairy cattle \u2013 data and genetic models.<\/p>\n<\/div>\n<div class=\"grid-33 tablet-grid-33 mobile-grid-100 first-column\">\n<p><strong><a href=\"https:\/\/nordic.mloy.fi\/navbull\" target=\"_blank\" rel=\"noopener noreferrer\">NAV &#8211; S\u00f8gning p\u00e5 tyre<\/a><\/strong><\/p>\n<p><strong><a href=\"https:\/\/nordicebv.info\/wp-content\/uploads\/2025\/11\/NAV-routine-genetic-evaluation-November-2025.pdf\">NAV routine genetic evaluation of dairy cattle \u2013 data and genetic models<\/a>\u00a0<\/strong>(p\u00e5 engelsk)<\/p>\n<p><a href=\"https:\/\/www.nordicebv.info\/wp-content\/uploads\/2018\/12\/Weight-in-yield-index-DNK.pdf\" rel=\"noopener\"><strong>V\u00e6gt i Y-indeks<\/strong><\/a><\/p>\n<\/div>\n","protected":false},"excerpt":{"rendered":"<p>Ydelse Ydelsesindekset beskriver det genetiske potentiale for m\u00e6lke-, fedt- og proteinproduktion. Det omfatter avlsv\u00e6rdital for m\u00e6lk, fedt og protein baseret p\u00e5 kg m\u00e6lk, fedt og protein (sidstn\u00e6vnte beregnes ud fra kg m\u00e6lk og fedt- og proteinprocenter). Der anvendes registreringer fra de f\u00f8rste tre laktationer. M\u00e5let er at producere m\u00e6lk, der svarer til mejeriernes afregningssystemer. Derfor &#8230; <a title=\"Produktion\" class=\"read-more\" href=\"https:\/\/nordicebv.info\/da\/produktion\/\" aria-label=\"Read more about Produktion\">L\u00e6s Mere<\/a><\/p>\n","protected":false},"author":2,"featured_media":0,"parent":0,"menu_order":0,"comment_status":"closed","ping_status":"closed","template":"","meta":{"_exactmetrics_skip_tracking":false,"_exactmetrics_sitenote_active":false,"_exactmetrics_sitenote_note":"","_exactmetrics_sitenote_category":0,"footnotes":""},"class_list":["post-8101","page","type-page","status-publish"],"aioseo_notices":[],"_links":{"self":[{"href":"https:\/\/nordicebv.info\/da\/wp-json\/wp\/v2\/pages\/8101","targetHints":{"allow":["GET"]}}],"collection":[{"href":"https:\/\/nordicebv.info\/da\/wp-json\/wp\/v2\/pages"}],"about":[{"href":"https:\/\/nordicebv.info\/da\/wp-json\/wp\/v2\/types\/page"}],"author":[{"embeddable":true,"href":"https:\/\/nordicebv.info\/da\/wp-json\/wp\/v2\/users\/2"}],"replies":[{"embeddable":true,"href":"https:\/\/nordicebv.info\/da\/wp-json\/wp\/v2\/comments?post=8101"}],"version-history":[{"count":12,"href":"https:\/\/nordicebv.info\/da\/wp-json\/wp\/v2\/pages\/8101\/revisions"}],"predecessor-version":[{"id":23532,"href":"https:\/\/nordicebv.info\/da\/wp-json\/wp\/v2\/pages\/8101\/revisions\/23532"}],"wp:attachment":[{"href":"https:\/\/nordicebv.info\/da\/wp-json\/wp\/v2\/media?parent=8101"}],"curies":[{"name":"wp","href":"https:\/\/api.w.org\/{rel}","templated":true}]}}