{"id":7650,"date":"2015-04-28T12:37:35","date_gmt":"2015-04-28T09:37:35","guid":{"rendered":"https:\/\/www.nordicebv.info\/praesentationer\/"},"modified":"2023-10-05T14:54:36","modified_gmt":"2023-10-05T11:54:36","slug":"praesentationer","status":"publish","type":"page","link":"https:\/\/nordicebv.info\/da\/praesentationer\/","title":{"rendered":"Pr\u00e6sentationer"},"content":{"rendered":"<h2>2018<\/h2>\n<p><strong>N\u00d8K kongres,<\/strong><strong>22. juli til 25. juli 2018,<\/strong><strong> R\u00e4ttvik, Sverige\u00a0<\/strong><\/p>\n<p><a href=\"https:\/\/nordicebv.info\/wp-content\/uploads\/2018\/08\/2018-06-25-N\u00d8K-indl\u00e6g-NAV-GAP.pdf\" target=\"_blank\" rel=\"noopener noreferrer\">Nordisk Avlsv\u00e6rdivurdering i det n\u00e6ste \u00e5rti<\/a><\/p>\n<h2>2017<\/h2>\n<p><strong>Dansk Kv\u00e6gs kongres, 27. februar 2017, Herning <\/strong><\/p>\n<p><a href=\"https:\/\/vimeo.com\/208800869\" target=\"_blank\" rel=\"noopener noreferrer\">Holstein, screencast<\/a> (optagelse af powerpoint med jeres lyd fra kongressen)<\/p>\n<p><a href=\"https:\/\/nordicebv.info\/wp-content\/uploads\/2017\/03\/Aftenm\u00f8de-RDM.pdf\" target=\"_blank\" rel=\"noopener noreferrer\">RDM, powerpoint<\/a><\/p>\n<p>Mere powerpoint pr\u00e6sentationer p\u00e5 den engelske side. Tryk p\u00e5 pil i \u00f8verste h\u00f8jre hj\u00f8rne og v\u00e6lg \u201dEnglish\u201d.<\/p>\n","protected":false},"excerpt":{"rendered":"<p>2018 N\u00d8K kongres,22. juli til 25. juli 2018, R\u00e4ttvik, Sverige\u00a0 Nordisk Avlsv\u00e6rdivurdering i det n\u00e6ste \u00e5rti 2017 Dansk Kv\u00e6gs kongres, 27. februar 2017, Herning Holstein, screencast (optagelse af powerpoint med jeres lyd fra kongressen) RDM, powerpoint Mere powerpoint pr\u00e6sentationer p\u00e5 den engelske side. Tryk p\u00e5 pil i \u00f8verste h\u00f8jre hj\u00f8rne og v\u00e6lg \u201dEnglish\u201d.<\/p>\n","protected":false},"author":2,"featured_media":0,"parent":0,"menu_order":0,"comment_status":"closed","ping_status":"closed","template":"","meta":{"_exactmetrics_skip_tracking":false,"_exactmetrics_sitenote_active":false,"_exactmetrics_sitenote_note":"","_exactmetrics_sitenote_category":0,"footnotes":""},"class_list":["post-7650","page","type-page","status-publish"],"aioseo_notices":[],"_links":{"self":[{"href":"https:\/\/nordicebv.info\/da\/wp-json\/wp\/v2\/pages\/7650","targetHints":{"allow":["GET"]}}],"collection":[{"href":"https:\/\/nordicebv.info\/da\/wp-json\/wp\/v2\/pages"}],"about":[{"href":"https:\/\/nordicebv.info\/da\/wp-json\/wp\/v2\/types\/page"}],"author":[{"embeddable":true,"href":"https:\/\/nordicebv.info\/da\/wp-json\/wp\/v2\/users\/2"}],"replies":[{"embeddable":true,"href":"https:\/\/nordicebv.info\/da\/wp-json\/wp\/v2\/comments?post=7650"}],"version-history":[{"count":1,"href":"https:\/\/nordicebv.info\/da\/wp-json\/wp\/v2\/pages\/7650\/revisions"}],"predecessor-version":[{"id":15938,"href":"https:\/\/nordicebv.info\/da\/wp-json\/wp\/v2\/pages\/7650\/revisions\/15938"}],"wp:attachment":[{"href":"https:\/\/nordicebv.info\/da\/wp-json\/wp\/v2\/media?parent=7650"}],"curies":[{"name":"wp","href":"https:\/\/api.w.org\/{rel}","templated":true}]}}