{"id":7432,"date":"2015-04-23T10:43:54","date_gmt":"2015-04-23T07:43:54","guid":{"rendered":"https:\/\/www.nordicebv.info\/projektgrupper\/"},"modified":"2026-05-06T14:51:21","modified_gmt":"2026-05-06T11:51:21","slug":"projektgrupper","status":"publish","type":"page","link":"https:\/\/nordicebv.info\/da\/om-nav\/projektgrupper\/","title":{"rendered":"Projektgrupper"},"content":{"rendered":"<h3>Genomic prediction and blending<\/h3>\n<p><strong>Projektdeltagere:<\/strong><br \/>\nTrine Andersen, Seges Innovation<br \/>\nMinna Koivula, Ismo Stranden, Hongding Gao, LUKE Natural Resources Institute Finland<br \/>\nJukka P\u00f6s\u00f6, Faba co-op<\/p>\n<p><strong>Medlemmer af projektgruppen:<br \/>\n<\/strong>Timo Pitk\u00e4nen, Matti Taskinen,\u00a0 Martin Lidauer, LUKE Natural Resources Institute Finland<br \/>\nEmre Karaman, Aarhus University, Center for Quantitative Genetics and Genomics<br \/>\nAndreas B\u00f8gh Poulsen, SEGES \u2013 Cattle<br \/>\nElisenda Rius-Vilarrasa, V\u00e4xa Sverige<\/p>\n<h3>Pure beef breed project<\/h3>\n<p><strong>Projektdeltagere:<\/strong><br \/>\nElisenda Rius-Vilarrasa, V\u00e4xa Sverige<\/p>\n<p><strong>Medlemmer af projektgruppen:<br \/>\n<\/strong>Helen Schneider, Seges Innovation<br \/>\nKaisa Sirkko og Jukka P\u00f6s\u00f6, Faba Co-op<\/p>\n<h3>Mastitis Eurogenomic harmonisation<\/h3>\n<p><strong>Projektdeltagere:<\/strong><br \/>\nTiina Ikonen, LUKE Natural Resources Institute Finland<br \/>\nJukka P\u00f6s\u00f6, Faba co-op<\/p>\n<p><strong>Medlemmer af projektgruppen:<\/strong><br \/>\nTrine Andersen, Seges Innovation<\/p>\n<p>&nbsp;<\/p>\n","protected":false},"excerpt":{"rendered":"<p>Genomic prediction and blending Projektdeltagere: Trine Andersen, Seges Innovation Minna Koivula, Ismo Stranden, Hongding Gao, LUKE Natural Resources Institute Finland Jukka P\u00f6s\u00f6, Faba co-op Medlemmer af projektgruppen: Timo Pitk\u00e4nen, Matti Taskinen,\u00a0 Martin Lidauer, LUKE Natural Resources Institute Finland Emre Karaman, Aarhus University, Center for Quantitative Genetics and Genomics Andreas B\u00f8gh Poulsen, SEGES \u2013 Cattle Elisenda &#8230; <a title=\"Projektgrupper\" class=\"read-more\" href=\"https:\/\/nordicebv.info\/da\/om-nav\/projektgrupper\/\" aria-label=\"Read more about Projektgrupper\">L\u00e6s Mere<\/a><\/p>\n","protected":false},"author":6,"featured_media":0,"parent":7212,"menu_order":0,"comment_status":"closed","ping_status":"closed","template":"","meta":{"_exactmetrics_skip_tracking":false,"_exactmetrics_sitenote_active":false,"_exactmetrics_sitenote_note":"","_exactmetrics_sitenote_category":0,"footnotes":""},"class_list":["post-7432","page","type-page","status-publish"],"aioseo_notices":[],"_links":{"self":[{"href":"https:\/\/nordicebv.info\/da\/wp-json\/wp\/v2\/pages\/7432","targetHints":{"allow":["GET"]}}],"collection":[{"href":"https:\/\/nordicebv.info\/da\/wp-json\/wp\/v2\/pages"}],"about":[{"href":"https:\/\/nordicebv.info\/da\/wp-json\/wp\/v2\/types\/page"}],"author":[{"embeddable":true,"href":"https:\/\/nordicebv.info\/da\/wp-json\/wp\/v2\/users\/6"}],"replies":[{"embeddable":true,"href":"https:\/\/nordicebv.info\/da\/wp-json\/wp\/v2\/comments?post=7432"}],"version-history":[{"count":10,"href":"https:\/\/nordicebv.info\/da\/wp-json\/wp\/v2\/pages\/7432\/revisions"}],"predecessor-version":[{"id":25239,"href":"https:\/\/nordicebv.info\/da\/wp-json\/wp\/v2\/pages\/7432\/revisions\/25239"}],"up":[{"embeddable":true,"href":"https:\/\/nordicebv.info\/da\/wp-json\/wp\/v2\/pages\/7212"}],"wp:attachment":[{"href":"https:\/\/nordicebv.info\/da\/wp-json\/wp\/v2\/media?parent=7432"}],"curies":[{"name":"wp","href":"https:\/\/api.w.org\/{rel}","templated":true}]}}