{"id":7424,"date":"2015-04-23T10:42:56","date_gmt":"2015-04-23T07:42:56","guid":{"rendered":"https:\/\/www.nordicebv.info\/bestyrelse\/"},"modified":"2025-09-10T13:29:47","modified_gmt":"2025-09-10T10:29:47","slug":"bestyrelse","status":"publish","type":"page","link":"https:\/\/nordicebv.info\/da\/om-nav\/bestyrelse\/","title":{"rendered":"Bestyrelse"},"content":{"rendered":"<p>NAV\u2019s bestyrelse har 6 medlemmer. De repr\u00e6senterer landm\u00e6nd og ejer organisationer fra hvert land.<\/p>\n<p><strong>Formand:<\/strong><\/p>\n<p>Anders Levring<br \/>\n\u00c5sbjergvej 17, DK \u2013 8585 Glesborg<br \/>\nTlf.: +45 86 31 78 14<br \/>\nMobile: +45 40 71 78 14<br \/>\ne-mail\u00a0<a href=\"mailto:hagenbjerg@gmail.com\">hagenbjerg@gmail.com<\/a><\/p>\n<p><strong>N\u00e6stformand:<\/strong><\/p>\n<p>Anna Samuelsson<br \/>\n\u00d6 Kalset V\u00e4sterg\u00e5rd 1, 333 93 Skeppshult<br \/>\nMobil: +46 707 45 09 47<br \/>\ne-mail: <a href=\"mailto:anna.samuelsson@vxa.se\">anna.samuelsson@vxa.se<\/a><\/p>\n<p><strong>Bestyrelsesmedlemmer:<\/strong><\/p>\n<p>Anna Lappalainen<br \/>\nToivalantie 44 SF-70900 Toivala, Finland<br \/>\nTlf.: 358 17 465 1027<br \/>\nMobil: 358 40 522 3140<br \/>\ne-mail: anna.lappalainen@dnainternet.net<\/p>\n<p>Fredrik von Unge<br \/>\nV\u00e4xa Sverige, Box 30204 , 104 25 Stockholm<br \/>\nTlf.: +46 (0)104 71 06 65<br \/>\nMobile: +46 (0)702 98 11 95<br \/>\ne-mail: <a href=\"mailto:Fredrik.VonUnge@vxa.se\">fredrik.vonunge@vxa.se<\/a><\/p>\n<p>Ilkka Pohjamo<br \/>\nFaba co-op<br \/>\nP.O.Box 40, FIN-01301 Vantaa, Finland<br \/>\nMobile: +358 50 398 4326<br \/>\ne-mail: ilkka.pohjamo@faba.fi<\/p>\n<p>Ida M.L.D. Storm<br \/>\nLandbrug &amp; F\u00f8devarer F.m.b.A. Agro Food Park 15, DK 8200 Aarhus N<br \/>\nMobile: +45 5167 1558<br \/>\ne-mail: ims@ls.dk<\/p>\n","protected":false},"excerpt":{"rendered":"<p>NAV\u2019s bestyrelse har 6 medlemmer. De repr\u00e6senterer landm\u00e6nd og ejer organisationer fra hvert land. Formand: Anders Levring \u00c5sbjergvej 17, DK \u2013 8585 Glesborg Tlf.: +45 86 31 78 14 Mobile: +45 40 71 78 14 e-mail\u00a0hagenbjerg@gmail.com N\u00e6stformand: Anna Samuelsson \u00d6 Kalset V\u00e4sterg\u00e5rd 1, 333 93 Skeppshult Mobil: +46 707 45 09 47 e-mail: anna.samuelsson@vxa.se Bestyrelsesmedlemmer: &#8230; <a title=\"Bestyrelse\" class=\"read-more\" href=\"https:\/\/nordicebv.info\/da\/om-nav\/bestyrelse\/\" aria-label=\"Read more about Bestyrelse\">L\u00e6s Mere<\/a><\/p>\n","protected":false},"author":6,"featured_media":0,"parent":7212,"menu_order":0,"comment_status":"closed","ping_status":"closed","template":"","meta":{"_exactmetrics_skip_tracking":false,"_exactmetrics_sitenote_active":false,"_exactmetrics_sitenote_note":"","_exactmetrics_sitenote_category":0,"footnotes":""},"class_list":["post-7424","page","type-page","status-publish"],"aioseo_notices":[],"_links":{"self":[{"href":"https:\/\/nordicebv.info\/da\/wp-json\/wp\/v2\/pages\/7424","targetHints":{"allow":["GET"]}}],"collection":[{"href":"https:\/\/nordicebv.info\/da\/wp-json\/wp\/v2\/pages"}],"about":[{"href":"https:\/\/nordicebv.info\/da\/wp-json\/wp\/v2\/types\/page"}],"author":[{"embeddable":true,"href":"https:\/\/nordicebv.info\/da\/wp-json\/wp\/v2\/users\/6"}],"replies":[{"embeddable":true,"href":"https:\/\/nordicebv.info\/da\/wp-json\/wp\/v2\/comments?post=7424"}],"version-history":[{"count":11,"href":"https:\/\/nordicebv.info\/da\/wp-json\/wp\/v2\/pages\/7424\/revisions"}],"predecessor-version":[{"id":22250,"href":"https:\/\/nordicebv.info\/da\/wp-json\/wp\/v2\/pages\/7424\/revisions\/22250"}],"up":[{"embeddable":true,"href":"https:\/\/nordicebv.info\/da\/wp-json\/wp\/v2\/pages\/7212"}],"wp:attachment":[{"href":"https:\/\/nordicebv.info\/da\/wp-json\/wp\/v2\/media?parent=7424"}],"curies":[{"name":"wp","href":"https:\/\/api.w.org\/{rel}","templated":true}]}}