{"id":7420,"date":"2015-04-15T11:05:47","date_gmt":"2015-04-15T08:05:47","guid":{"rendered":"https:\/\/www.nordicebv.info\/nordisk-malkekvaeg\/"},"modified":"2024-04-23T14:07:11","modified_gmt":"2024-04-23T11:07:11","slug":"nordisk-malkekvaeg","status":"publish","type":"page","link":"https:\/\/nordicebv.info\/da\/nordisk-malkekvaeg\/","title":{"rendered":"Nordisk malkekv\u00e6g"},"content":{"rendered":"<p>NAV beregner avlsv\u00e6rdital for malkek\u00f8er for de antalsm\u00e6ssigt store malkeracer i Danmark, Finland og Sverige.<\/p>\n<p><strong>Nordiske r\u00f8de racer<\/strong><\/p>\n<p>De nordiske lande har det st\u00f8rste antal r\u00f8de k\u00f8er i verden, omkring 125.000 ydelseskontrolleret k\u00f8er fordelt p\u00e5 finsk Ayrshire (57.000), svensk r\u00f8dt (55.000), og RDM (23.000).<\/p>\n<p><strong>Holstein<\/strong><\/p>\n<p>Holstein er den mest almindelige malkerace i verden og den mest talrige i de nordiske lande. Danmark har 340.000, Sverige 104.000 og Finland 94.000 ydelseskontrolleret Holstein k\u00f8er \u2013 i alt ca. 538.000 k\u00f8er.<\/p>\n<p><strong>Jersey<\/strong><\/p>\n<p>Der er n\u00e6sten 2.000 Jersey ydelseskontrolleret k\u00f8er i Sverige og omkring 1.000 i Finland. De fleste Jersey k\u00f8er i de nordiske lande findes i Danmark &#8211; n\u00e6sten 72.000 ydelseskontrolleret k\u00f8er.<\/p>\n<p>Ud over de antalsm\u00e6ssigt store racer, som indg\u00e5r i NAV\u2019s avlsv\u00e6rdivurdering, er der ogs\u00e5 nogle mindre racer.<\/p>\n","protected":false},"excerpt":{"rendered":"<p>NAV beregner avlsv\u00e6rdital for malkek\u00f8er for de antalsm\u00e6ssigt store malkeracer i Danmark, Finland og Sverige. Nordiske r\u00f8de racer De nordiske lande har det st\u00f8rste antal r\u00f8de k\u00f8er i verden, omkring 125.000 ydelseskontrolleret k\u00f8er fordelt p\u00e5 finsk Ayrshire (57.000), svensk r\u00f8dt (55.000), og RDM (23.000). Holstein Holstein er den mest almindelige malkerace i verden og den &#8230; <a title=\"Nordisk malkekv\u00e6g\" class=\"read-more\" href=\"https:\/\/nordicebv.info\/da\/nordisk-malkekvaeg\/\" aria-label=\"Read more about Nordisk malkekv\u00e6g\">L\u00e6s Mere<\/a><\/p>\n","protected":false},"author":6,"featured_media":0,"parent":0,"menu_order":0,"comment_status":"closed","ping_status":"closed","template":"","meta":{"_exactmetrics_skip_tracking":false,"_exactmetrics_sitenote_active":false,"_exactmetrics_sitenote_note":"","_exactmetrics_sitenote_category":0,"footnotes":""},"class_list":["post-7420","page","type-page","status-publish"],"aioseo_notices":[],"_links":{"self":[{"href":"https:\/\/nordicebv.info\/da\/wp-json\/wp\/v2\/pages\/7420","targetHints":{"allow":["GET"]}}],"collection":[{"href":"https:\/\/nordicebv.info\/da\/wp-json\/wp\/v2\/pages"}],"about":[{"href":"https:\/\/nordicebv.info\/da\/wp-json\/wp\/v2\/types\/page"}],"author":[{"embeddable":true,"href":"https:\/\/nordicebv.info\/da\/wp-json\/wp\/v2\/users\/6"}],"replies":[{"embeddable":true,"href":"https:\/\/nordicebv.info\/da\/wp-json\/wp\/v2\/comments?post=7420"}],"version-history":[{"count":4,"href":"https:\/\/nordicebv.info\/da\/wp-json\/wp\/v2\/pages\/7420\/revisions"}],"predecessor-version":[{"id":16867,"href":"https:\/\/nordicebv.info\/da\/wp-json\/wp\/v2\/pages\/7420\/revisions\/16867"}],"wp:attachment":[{"href":"https:\/\/nordicebv.info\/da\/wp-json\/wp\/v2\/media?parent=7420"}],"curies":[{"name":"wp","href":"https:\/\/api.w.org\/{rel}","templated":true}]}}