{"id":7235,"date":"2015-04-15T11:04:14","date_gmt":"2015-04-15T08:04:14","guid":{"rendered":"https:\/\/www.nordicebv.info\/genetisk-trend\/"},"modified":"2020-09-30T08:24:14","modified_gmt":"2020-09-30T05:24:14","slug":"genetisk-trend","status":"publish","type":"page","link":"https:\/\/nordicebv.info\/da\/genetisk-trend\/","title":{"rendered":"Genetisk trend"},"content":{"rendered":"<p>P\u00e5 siden <strong><a href=\"https:\/\/nordic.mloy.fi\/NAVTrends\" target=\"_blank\" rel=\"noopener noreferrer\">NAV trend &#8211; malkekv\u00e6g<\/a>\u00a0<\/strong>vises den avlsm\u00e6ssige udvikling for de nordiske malkekv\u00e6gsracer. Her kan du hurtigt og nemt f\u00e5 vist grafer, der illustrerer den avlsm\u00e6ssige udvikling (det gennemsnitlige avlsm\u00e6ssige niveau pr. f\u00f8dsels\u00e5r) for NTM og delindekserne i NTM. Du kan v\u00e6lge at vise udvikling for forskellige racer, k\u00f8n og samlet for de tre nordiske lande eller hver for sig.<\/p>\n","protected":false},"excerpt":{"rendered":"<p>P\u00e5 siden NAV trend &#8211; malkekv\u00e6g\u00a0vises den avlsm\u00e6ssige udvikling for de nordiske malkekv\u00e6gsracer. Her kan du hurtigt og nemt f\u00e5 vist grafer, der illustrerer den avlsm\u00e6ssige udvikling (det gennemsnitlige avlsm\u00e6ssige niveau pr. f\u00f8dsels\u00e5r) for NTM og delindekserne i NTM. Du kan v\u00e6lge at vise udvikling for forskellige racer, k\u00f8n og samlet for de tre nordiske &#8230; <a title=\"Genetisk trend\" class=\"read-more\" href=\"https:\/\/nordicebv.info\/da\/genetisk-trend\/\" aria-label=\"Read more about Genetisk trend\">L\u00e6s Mere<\/a><\/p>\n","protected":false},"author":6,"featured_media":0,"parent":0,"menu_order":0,"comment_status":"closed","ping_status":"closed","template":"","meta":{"_exactmetrics_skip_tracking":false,"_exactmetrics_sitenote_active":false,"_exactmetrics_sitenote_note":"","_exactmetrics_sitenote_category":0,"footnotes":""},"class_list":["post-7235","page","type-page","status-publish"],"aioseo_notices":[],"_links":{"self":[{"href":"https:\/\/nordicebv.info\/da\/wp-json\/wp\/v2\/pages\/7235","targetHints":{"allow":["GET"]}}],"collection":[{"href":"https:\/\/nordicebv.info\/da\/wp-json\/wp\/v2\/pages"}],"about":[{"href":"https:\/\/nordicebv.info\/da\/wp-json\/wp\/v2\/types\/page"}],"author":[{"embeddable":true,"href":"https:\/\/nordicebv.info\/da\/wp-json\/wp\/v2\/users\/6"}],"replies":[{"embeddable":true,"href":"https:\/\/nordicebv.info\/da\/wp-json\/wp\/v2\/comments?post=7235"}],"version-history":[{"count":1,"href":"https:\/\/nordicebv.info\/da\/wp-json\/wp\/v2\/pages\/7235\/revisions"}],"predecessor-version":[{"id":11635,"href":"https:\/\/nordicebv.info\/da\/wp-json\/wp\/v2\/pages\/7235\/revisions\/11635"}],"wp:attachment":[{"href":"https:\/\/nordicebv.info\/da\/wp-json\/wp\/v2\/media?parent=7235"}],"curies":[{"name":"wp","href":"https:\/\/api.w.org\/{rel}","templated":true}]}}