{"id":7212,"date":"2015-04-14T11:45:29","date_gmt":"2015-04-14T08:45:29","guid":{"rendered":"https:\/\/www.nordicebv.info\/om-nav\/"},"modified":"2024-08-05T09:40:42","modified_gmt":"2024-08-05T06:40:42","slug":"om-nav","status":"publish","type":"page","link":"https:\/\/nordicebv.info\/da\/om-nav\/","title":{"rendered":"Om NAV"},"content":{"rendered":"<p>Nordic Cattle Genetic Evaluations (NAV) mission er, at udf\u00f8re f\u00e6lles alsv\u00e6rdivurdering af malkekv\u00e6g og k\u00f8dkv\u00e6g i Danmark, Finland og Sverige til gavn for nordiske landm\u00e6nd.<\/p>\n<p>Organisation:<\/p>\n<p><a href=\"https:\/\/nordicebv.info\/wp-content\/uploads\/2015\/04\/NAV-organization-chart-2_DNK.jpg\"><img loading=\"lazy\" decoding=\"async\" class=\"aligncenter wp-image-10135 size-full\" src=\"https:\/\/nordicebv.info\/wp-content\/uploads\/2015\/04\/NAV-organization-chart-2_DNK.jpg\" alt=\"NAV organization chart 2_DNK\" width=\"576\" height=\"337\" srcset=\"https:\/\/nordicebv.info\/wp-content\/uploads\/2015\/04\/NAV-organization-chart-2_DNK.jpg 576w, https:\/\/nordicebv.info\/wp-content\/uploads\/2015\/04\/NAV-organization-chart-2_DNK-300x176.jpg 300w\" sizes=\"auto, (max-width: 576px) 100vw, 576px\" \/><\/a><\/p>\n<p>NAV blev etableret i 2002. F\u00e6lles avlsv\u00e6rdivurdering er siden udviklet trinvis \u2013 og nye egenskaber er tilf\u00f8jet. \u00a0<a href=\"https:\/\/www.nordicebv.info\/da\/ntm\/\">Nordic Total Merit (NTM)<\/a>\u00a0blev introduceret i 2008.<\/p>\n<p>NAV er ejet af <a href=\"https:\/\/lf.dk\/\" target=\"_blank\" rel=\"noopener\">Landbrug &amp; F\u00f8devarer<\/a>,\u00a0<a href=\"http:\/\/www.faba.fi\/\" target=\"_blank\" rel=\"noopener\">Faba<\/a>\u00a0og\u00a0<a href=\"http:\/\/www.vxa.se\/\" target=\"_blank\" rel=\"noopener\">V\u00e4xa Sverige<\/a>.<\/p>\n","protected":false},"excerpt":{"rendered":"<p>Nordic Cattle Genetic Evaluations (NAV) mission er, at udf\u00f8re f\u00e6lles alsv\u00e6rdivurdering af malkekv\u00e6g og k\u00f8dkv\u00e6g i Danmark, Finland og Sverige til gavn for nordiske landm\u00e6nd. Organisation: NAV blev etableret i 2002. F\u00e6lles avlsv\u00e6rdivurdering er siden udviklet trinvis \u2013 og nye egenskaber er tilf\u00f8jet. \u00a0Nordic Total Merit (NTM)\u00a0blev introduceret i 2008. NAV er ejet af Landbrug &#8230; <a title=\"Om NAV\" class=\"read-more\" href=\"https:\/\/nordicebv.info\/da\/om-nav\/\" aria-label=\"Read more about Om NAV\">L\u00e6s Mere<\/a><\/p>\n","protected":false},"author":6,"featured_media":0,"parent":0,"menu_order":1,"comment_status":"closed","ping_status":"closed","template":"","meta":{"_exactmetrics_skip_tracking":false,"_exactmetrics_sitenote_active":false,"_exactmetrics_sitenote_note":"","_exactmetrics_sitenote_category":0,"footnotes":""},"class_list":["post-7212","page","type-page","status-publish"],"aioseo_notices":[],"_links":{"self":[{"href":"https:\/\/nordicebv.info\/da\/wp-json\/wp\/v2\/pages\/7212","targetHints":{"allow":["GET"]}}],"collection":[{"href":"https:\/\/nordicebv.info\/da\/wp-json\/wp\/v2\/pages"}],"about":[{"href":"https:\/\/nordicebv.info\/da\/wp-json\/wp\/v2\/types\/page"}],"author":[{"embeddable":true,"href":"https:\/\/nordicebv.info\/da\/wp-json\/wp\/v2\/users\/6"}],"replies":[{"embeddable":true,"href":"https:\/\/nordicebv.info\/da\/wp-json\/wp\/v2\/comments?post=7212"}],"version-history":[{"count":6,"href":"https:\/\/nordicebv.info\/da\/wp-json\/wp\/v2\/pages\/7212\/revisions"}],"predecessor-version":[{"id":17491,"href":"https:\/\/nordicebv.info\/da\/wp-json\/wp\/v2\/pages\/7212\/revisions\/17491"}],"wp:attachment":[{"href":"https:\/\/nordicebv.info\/da\/wp-json\/wp\/v2\/media?parent=7212"}],"curies":[{"name":"wp","href":"https:\/\/api.w.org\/{rel}","templated":true}]}}