{"id":7169,"date":"2020-09-01T17:46:24","date_gmt":"2020-09-01T14:46:24","guid":{"rendered":"https:\/\/www.nordicebv.info\/?page_id=7169"},"modified":"2026-02-03T10:25:20","modified_gmt":"2026-02-03T08:25:20","slug":"nav-nyhedsbrev","status":"publish","type":"page","link":"https:\/\/nordicebv.info\/da\/nav-nyhedsbrev\/","title":{"rendered":"NAV nyhedsbrev"},"content":{"rendered":"<h2>2026<\/h2>\n<p><a href=\"https:\/\/nordicebv.info\/wp-content\/uploads\/2026\/02\/Information-NAV-FEB26-run-FINAL.pdf\">Februar 2026<\/a> (p\u00e5 engelsk)<\/p>\n<h2>2025<\/h2>\n<p><a href=\"https:\/\/nordicebv.info\/wp-content\/uploads\/2025\/11\/Information-NAV-NOV25-run-FINAL.pdf\">November 2025<\/a> (p\u00e5 engelsk)<\/p>\n<ul>\n<li>L\u00e6s mere: <a href=\"https:\/\/nordicebv.info\/wp-content\/uploads\/2025\/11\/Improved-breeding-values-for-Temperament-DNK.pdf\">Forbedrede avlsv\u00e6rdital for temperament<\/a><\/li>\n<\/ul>\n<p><a href=\"https:\/\/nordicebv.info\/wp-content\/uploads\/2025\/08\/Information-NAV-AUG25-run_final.pdf\">August 2025<\/a> (p\u00e5 engelsk)<\/p>\n<ul>\n<li>L\u00e6s mere: <a href=\"https:\/\/nordicebv.info\/wp-content\/uploads\/2025\/08\/Fine-tuning-of-udder-for-RDC-DNK.pdf\">Finjustering af malkeorganer for RDC<\/a><\/li>\n<\/ul>\n<p><a href=\"https:\/\/nordicebv.info\/wp-content\/uploads\/2025\/05\/Information-NAV-MAY25-run_final.pdf\">Maj 2025<\/a> (p\u00e5 engelsk)<\/p>\n<ul>\n<li>L\u00e6s mere: <a href=\"https:\/\/nordicebv.info\/wp-content\/uploads\/2025\/05\/Improved-breeding-values-for-Yield-DNK.pdf\">Forbedrede avlsv\u00e6rdier for ydelse<\/a><\/li>\n<li>L\u00e6s mere: <a href=\"https:\/\/nordicebv.info\/wp-content\/uploads\/2025\/05\/First-Nordic-methane-index-DNK.pdf\">F\u00f8rste Nordiske Metanindeks<\/a><\/li>\n<\/ul>\n<p><a href=\"https:\/\/nordicebv.info\/wp-content\/uploads\/2025\/02\/Information-NAV-FEB25-run.pdf\">Februar 2025<\/a> (p\u00e5 engelsk)<\/p>\n<ul>\n<li>L\u00e6s mere: <a href=\"https:\/\/nordicebv.info\/wp-content\/uploads\/2025\/02\/High-potential-with-Saved-Feed-version-3.0-DNK1.pdf\">Stort potential med sparet foder version 3.0<\/a><\/li>\n<\/ul>\n<h2>2024<\/h2>\n<p><a href=\"https:\/\/nordicebv.info\/wp-content\/uploads\/2024\/11\/2024-11-05-Information-NAV-NOV24-run_final.pdf\">November 2024<\/a> (p\u00e5 engelsk)<\/p>\n<ul>\n<li>L\u00e6s mere: <a href=\"https:\/\/nordicebv.info\/wp-content\/uploads\/2024\/11\/Improved-breeding-values-for-Fertility-DNK.pdf\">Forbedrede avlsv\u00e6rdier for fertilitet<\/a><\/li>\n<li>L\u00e6s mere: <a href=\"https:\/\/nordicebv.info\/wp-content\/uploads\/2024\/11\/Changes-in-the-calculation-of-the-indexes-for-type-traits-DNK.pdf\">\u00c6ndringer i beregningen af eksteri\u00f8rindekserne<\/a><\/li>\n<li>L\u00e6s mere: <a href=\"https:\/\/nordicebv.info\/wp-content\/uploads\/2024\/11\/NAV-Purebred-beef-genomic-prediction-for-weight-growth-and-carcass-traits-ENG.pdf\">Genomiske avlsv\u00e6rdier for renracet k\u00f8dkv\u00e6g<\/a><\/li>\n<li>L\u00e6s mere: <a href=\"https:\/\/nordicebv.info\/wp-content\/uploads\/2024\/11\/YSS-in-NBDI-DNK_FINAL.pdf\">Ungdyroverlevelse inkluderes i nordisk k\u00f8d x m\u00e6lk indekset<\/a><\/li>\n<\/ul>\n<p><a href=\"https:\/\/nordicebv.info\/wp-content\/uploads\/2024\/08\/2024-08-13-Information-NAV-AUG24-run-Final.pdf\">August 2024<\/a> (p\u00e5 engelsk)<\/p>\n<p><a href=\"https:\/\/nordicebv.info\/wp-content\/uploads\/2024\/05\/2024-05-07-Information-NAV-MAY24-run-Final.pdf\">Maj 2024<\/a> (p\u00e5 engelsk)<\/p>\n<ul>\n<li>L\u00e6s mere: <a href=\"https:\/\/nordicebv.info\/wp-content\/uploads\/2024\/05\/Forbedrede-avlsvaerdier-for-malketid.pdf\">Forbedrede avlsv\u00e6rdier for malketid<\/a><\/li>\n<\/ul>\n<p><a href=\"https:\/\/nordicebv.info\/wp-content\/uploads\/2024\/03\/2024-03-05-Information-NAV-run-March-2024.pdf\">Marts 2024<\/a> (p\u00e5 engelsk)<\/p>\n<ul>\n<li>L\u00e6s mere: <a href=\"https:\/\/nordicebv.info\/wp-content\/uploads\/2024\/03\/New-indexes-for-nine-beef-breeds-DNK.pdf\">Nye indekser for ni k\u00f8dkv\u00e6gsracer<\/a><\/li>\n<\/ul>\n<p><a href=\"https:\/\/nordicebv.info\/wp-content\/uploads\/2024\/02\/2024-02-06-Information-NAV-FEB24-run.pdf\">Februar 2024<\/a> (p\u00e5 engelsk)<\/p>\n<ul>\n<li>L\u00e6s mere: <a href=\"https:\/\/nordicebv.info\/wp-content\/uploads\/2024\/02\/Improved-breeding-values-for-Growth-DK.pdf\">Forbedrede avlsv\u00e6rdier for v\u00e6kst<\/a><\/li>\n<li>L\u00e6s mere: <a href=\"https:\/\/nordicebv.info\/wp-content\/uploads\/2024\/02\/Improved-yield-index-for-RDC-final-ver2-DK.pdf\">Forbedret ydelses indeks for RDC<\/a><\/li>\n<\/ul>\n<h2>2023<\/h2>\n<p><a href=\"https:\/\/nordicebv.info\/wp-content\/uploads\/2023\/11\/2023-11-07-Information-NAV-NOV2023-run-final.pdf\">November 2023<\/a> (p\u00e5 engelsk)<\/p>\n<ul>\n<li>L\u00e6s mere: <a href=\"https:\/\/nordicebv.info\/wp-content\/uploads\/2023\/11\/Improved-breeding-values-for-Claw-health-DNK.pdf\">Forbedrede avlsv\u00e6rdier for klovsundhed<\/a><\/li>\n<li>L\u00e6s mere: <a href=\"https:\/\/nordicebv.info\/wp-content\/uploads\/2023\/11\/Improved-breeding-values-for-General-Health.pdf\">Forbedrede avlsv\u00e6rdier for generel sundhed<\/a><\/li>\n<li>L\u00e6s mere: <a href=\"https:\/\/nordicebv.info\/wp-content\/uploads\/2023\/11\/More-breeds-for-NAV-purebred-beef-evaluation-DNK.pdf\">Flere racer til NAV renracet k\u00f8dkv\u00e6gsevaluering<\/a><\/li>\n<\/ul>\n<p><a href=\"https:\/\/nordicebv.info\/wp-content\/uploads\/2023\/08\/2023-08-08-Information-NAV-AUG2023-run.pdf\">August 2023<\/a> (p\u00e5 engelsk)<\/p>\n<p><a href=\"https:\/\/nordicebv.info\/wp-content\/uploads\/2023\/05\/2023-05-02-Information-NAV-MAY2023-run_final.pdf\">Maj 2023<\/a> (p\u00e5 engelsk)<\/p>\n<ul>\n<li>L\u00e6s mere: <a href=\"https:\/\/nordicebv.info\/wp-content\/uploads\/2023\/05\/Gestation-length-DNK.pdf\">Avlsv\u00e6rdital for dr\u00e6gtighedsl\u00e6ngde for k\u00f8dkv\u00e6gstyre brugt til malkek\u00f8er<\/a><\/li>\n<\/ul>\n<p><a href=\"https:\/\/nordicebv.info\/wp-content\/uploads\/2023\/03\/2023-03-07-Information-NAV-run-March-2023_final.pdf\">Marts 2023<\/a> (p\u00e5 engelsk)<\/p>\n<ul>\n<li>L\u00e6s mere: <a href=\"https:\/\/nordicebv.info\/wp-content\/uploads\/2023\/03\/2023-03-01-Subindices_pbb_routine_implementation_final.pdf\">NAV subindices for purebred beef: within breed specific subindex weights<\/a> (p\u00e5 engelsk)<\/li>\n<\/ul>\n<p><a href=\"https:\/\/nordicebv.info\/wp-content\/uploads\/2023\/02\/2023-02-07-Information-NAV-FEB2023-run_final.pdf\">Februar 2023<\/a> (p\u00e5 engelsk)<\/p>\n<h2>2022<\/h2>\n<p><a href=\"https:\/\/nordicebv.info\/wp-content\/uploads\/2022\/11\/2022-11-01-Information-NAV-NOV2022-run_final.pdf\">November 2022<\/a> (p\u00e5 engelsk)<\/p>\n<ul>\n<li>L\u00e6s mere: <a href=\"https:\/\/nordicebv.info\/wp-content\/uploads\/2022\/11\/Next-generation-of-models-for-genetic-evaluation_DNK_anth.pdf\">Ny metode til beregning af avlsv\u00e6rdital for malkeracerne<\/a><\/li>\n<li>L\u00e6s mere: <a href=\"https:\/\/nordicebv.info\/wp-content\/uploads\/2022\/11\/Improved-indices-for-type_DNK_anth.pdf\">Forbedrede avlsv\u00e6rdital for eksteri\u00f8regenskaber<\/a><\/li>\n<li>L\u00e6s mere: <a href=\"https:\/\/nordicebv.info\/wp-content\/uploads\/2022\/11\/Improved-indices-for-calving_DNK_anth.pdf\">Justering af avlsv\u00e6rdital for k\u00e6lvning<\/a><\/li>\n<li>L\u00e6s mere: <a href=\"https:\/\/nordicebv.info\/wp-content\/uploads\/2022\/11\/YSS-abstract-DNK.pdf\"> Avlsv\u00e6rdital for ungdyroverlevelse for k\u00f8dkv\u00e6gstyre anvendt til malkekv\u00e6g<\/a><\/li>\n<\/ul>\n<p><a href=\"https:\/\/nordicebv.info\/wp-content\/uploads\/2022\/08\/2022-08-09-Information-NAV-aug2022-run.pdf\">August 2022<\/a> (p\u00e5 engelsk)<\/p>\n<p><a href=\"https:\/\/nordicebv.info\/wp-content\/uploads\/2022\/05\/2022-05-03-Information-NAV-May-2022-run-1.pdf\">Maj 2022<\/a> (p\u00e5 engelsk)<\/p>\n<p><a href=\"https:\/\/nordicebv.info\/wp-content\/uploads\/2022\/02\/2022-02-01-Information-NAV-February-2022-run.pdf\">Februar 2022<\/a> (p\u00e5 engelsk)<\/p>\n<h2>2021<\/h2>\n<p><a href=\"https:\/\/nordicebv.info\/wp-content\/uploads\/2021\/11\/2021-11-02-Information-NAV-November-2021-run-final_V3-1.pdf\">November 2021<\/a> (p\u00e5 engelsk)<\/p>\n<ul>\n<li>L\u00e6s mere: <a href=\"https:\/\/nordicebv.info\/wp-content\/uploads\/2021\/11\/Nordic-breeding-values-for-beef-breeds_FINAL_DNK.pdf\">Nordiske avlsv\u00e6rdital for k\u00f8dkv\u00e6gsracerne<\/a><\/li>\n<\/ul>\n<p><a href=\"https:\/\/nordicebv.info\/wp-content\/uploads\/2021\/08\/2021-08-10-Information-NAV-AUGUST-2021-run-final.pdf\">August 2021<\/a> (p\u00e5 engelsk)<\/p>\n<p><a href=\"https:\/\/nordicebv.info\/wp-content\/uploads\/2021\/05\/2021-05-04-Information-NAV-MAY-2021-run-final.pdf\">Maj 2021<\/a> (p\u00e5 engelsk)<\/p>\n<p><a href=\"https:\/\/nordicebv.info\/wp-content\/uploads\/2021\/02\/2021-02-02-Information-NAV-FEB-2021-run-final.pdf\">Februar 2021<\/a> (p\u00e5 engelsk)<\/p>\n<h2>2020<\/h2>\n<p><a href=\"https:\/\/nordicebv.info\/wp-content\/uploads\/2020\/11\/2020-11-03-Information-NAV-NOV-2020-run-final.pdf\">November 2020<\/a> (p\u00e5 engelsk)<\/p>\n<ul>\n<li>L\u00e6s mere: <a href=\"https:\/\/nordicebv.info\/wp-content\/uploads\/2020\/11\/Metabolic-efficiency-included-in-the-Saved-feed-index_DK.pdf\">Stofskifteeffektivitet vil forbedre indekset for Sparet foder<\/a><\/li>\n<\/ul>\n<p><a href=\"https:\/\/nordicebv.info\/wp-content\/uploads\/2020\/08\/2020-08-11-Information-NAV-routine-AUG-2020.pdf\">August 2020<\/a> (p\u00e5 engelsk)<\/p>\n<ul>\n<li>L\u00e6s mere: <a href=\"https:\/\/nordicebv.info\/wp-content\/uploads\/2020\/08\/Saved-feed-adds-more-value-to-NTM_FINAL_DNK.pdf\">Sparet foder giver NTM mere v\u00e6rdi<\/a><\/li>\n<\/ul>\n<p><a href=\"https:\/\/nordicebv.info\/wp-content\/uploads\/2020\/05\/2020-05-05-Information-NAV-routine-May-2020_final.pdf\">Maj 2020<\/a> (p\u00e5 engelsk)<\/p>\n<p><a href=\"https:\/\/nordicebv.info\/wp-content\/uploads\/2020\/02\/2020-02-04-Information-NAV-routine-FEB-2020_final.pdf\">Februar 2020<\/a> (p\u00e5 engelsk)<\/p>\n<h2>2019<\/h2>\n<p><a href=\"https:\/\/nordicebv.info\/wp-content\/uploads\/2019\/11\/2019-11-05-Information-NAV-routine-NOV-2019_final.pdf\">November 2019<\/a> (p\u00e5 engelsk)<\/p>\n<p><a href=\"https:\/\/nordicebv.info\/wp-content\/uploads\/2019\/08\/2019-08-13-Information-NAV-routine-AUG-2019_final.pdf\">August 2019<\/a> (p\u00e5 engelsk)<\/p>\n<ul>\n<li>L\u00e6s mere: <a href=\"https:\/\/nordicebv.info\/wp-content\/uploads\/2019\/08\/SavedFeed-june-2019_DNK.pdf\">Sparet foder er nyt indeks i avlsarbejdet <\/a><\/li>\n<\/ul>\n<p><a href=\"https:\/\/nordicebv.info\/wp-content\/uploads\/2019\/05\/2019-05-07-Information-NAV-routine-MAY-2019.pdf\">Maj 2019<\/a> (p\u00e5 engelsk)<\/p>\n<ul>\n<li>L\u00e6s mere: <a href=\"https:\/\/nordicebv.info\/wp-content\/uploads\/2019\/05\/Forbedring-af-avlsv\u00e6rdital-for-generel-sundhed.pdf\">Avlsv\u00e6rditallene for generel sundhed er bedre og mere sikre<\/a><\/li>\n<\/ul>\n<p><a href=\"https:\/\/nordicebv.info\/wp-content\/uploads\/2019\/02\/2019-02-05-Information-NAV-routine-FEB-2019.pdf\" target=\"_blank\" rel=\"noopener noreferrer\">Februar 2019<\/a> (p\u00e5 engelsk)<\/p>\n<h2>2018<\/h2>\n<p><a href=\"https:\/\/nordicebv.info\/wp-content\/uploads\/2018\/11\/2018-11-06-Information-NAV-routine-NOV-2018.pdf\" target=\"_blank\" rel=\"noopener noreferrer\">November 2018<\/a> (p\u00e5 engelsk)<\/p>\n<div id=\"motopress-main\" class=\"main-holder\">\n<div class=\"motopress-wrapper content-holder clearfix\">\n<div class=\"container\">\n<div class=\"row\">\n<div class=\"span12\" data-motopress-wrapper-type=\"content\" data-motopress-wrapper-file=\"single.php\">\n<div class=\"row\">\n<div id=\"content\" class=\"span8 right right\" data-motopress-type=\"loop\" data-motopress-loop-file=\"loop\/loop-single.php\">\n<article id=\"post-5763\" class=\"post__holder post-5763 post type-post status-publish format-standard hentry category-yleinen cat-1-id\">\n<div class=\"post_content\">\n<ul>\n<li>L\u00e6s mere: <a href=\"https:\/\/nordicebv.info\/wp-content\/uploads\/2018\/11\/NTM-is-your-breeding-goal_EC_FINAL_DNK.pdf\" target=\"_blank\" rel=\"noopener noreferrer\">Hvordan designer man fremtidens ko?<\/a><\/li>\n<li>L\u00e6s mere: <a href=\"https:\/\/nordicebv.info\/wp-content\/uploads\/2018\/11\/NTM_changes-and-effects_updated-draftEC_ADF_FINAL_DNK.pdf\" target=\"_blank\" rel=\"noopener noreferrer\">NTM \u00e6ndringer og effekter<\/a><\/li>\n<li>L\u00e6s mere: <a href=\"https:\/\/nordicebv.info\/wp-content\/uploads\/2018\/11\/2018.10.08-New-weights-on-lactation-within-NTM-_-DNK.pdf\" target=\"_blank\" rel=\"noopener noreferrer\">Nye laktationsv\u00e6gte<\/a><\/li>\n<li>L\u00e6s mere: <a href=\"https:\/\/nordicebv.info\/wp-content\/uploads\/2018\/11\/Updated-yield-index_GA_EC_AF_FINAL_DNK.pdf\" target=\"_blank\" rel=\"noopener noreferrer\">Nye v\u00e6gte for Y-indekset<\/a><\/li>\n<li>L\u00e6s mere: <a href=\"https:\/\/nordicebv.info\/wp-content\/uploads\/2018\/11\/HOL_udder_conformation_AF_EC_jukka_FINAL_DNK.pdf\" target=\"_blank\" rel=\"noopener noreferrer\">Indekset for malkeorganer for Holstein<\/a><\/li>\n<li>L\u00e6s mere: <a href=\"https:\/\/nordicebv.info\/wp-content\/uploads\/2018\/11\/RDC_frame_index_AF_EC_jukka_FINAL_DNK.pdf\" target=\"_blank\" rel=\"noopener noreferrer\">Indekset for kropskapacitet for RDM<\/a><\/li>\n<li>L\u00e6s mere: <a href=\"https:\/\/nordicebv.info\/wp-content\/uploads\/2018\/11\/2018.11.06-NTM-2018-report-Full.pdf\" target=\"_blank\" rel=\"noopener noreferrer\">Detaljeret NTM rapport <\/a>(p\u00e5 engelsk)<\/li>\n<\/ul>\n<\/div>\n<\/article>\n<\/div>\n<\/div>\n<\/div>\n<\/div>\n<\/div>\n<\/div>\n<\/div>\n<hr \/>\n<p><a href=\"https:\/\/nordicebv.info\/wp-content\/uploads\/2018\/08\/2018-08-07-Information-NAV-routine-AUG-2018.pdf\" target=\"_blank\" rel=\"noopener noreferrer\">August 2018<\/a> (p\u00e5 engelsk)<\/p>\n<p><a href=\"https:\/\/nordicebv.info\/wp-content\/uploads\/2018\/04\/2018-05-02-Information-NAV-routine-May-2018.pdf\" target=\"_blank\" rel=\"noopener noreferrer\">Maj 2018<\/a> (p\u00e5 engelsk)<\/p>\n<p><a href=\"https:\/\/nordicebv.info\/wp-content\/uploads\/2018\/02\/2018-02-06-Information-NAV-routine-February-2018.pdf\">Februar 2018<\/a> (p\u00e5 engelsk)<\/p>\n<ul>\n<li>L\u00e6s mere: <a href=\"https:\/\/nordicebv.info\/wp-content\/uploads\/2018\/02\/Improvement-of-genomic-breeding_DNK.pdf\" target=\"_blank\" rel=\"noopener noreferrer\">Genomiske avlsv\u00e6rdital forbedres med information fra hundyr<\/a><\/li>\n<\/ul>\n<hr \/>\n<h2>2017<\/h2>\n<p><a href=\"https:\/\/nordicebv.info\/wp-content\/uploads\/2017\/11\/2017-11-07-Information-NAV-routine-November-2017.pdf\" target=\"_blank\" rel=\"noopener noreferrer\">November 2017 <\/a>(p\u00e5 engelsk)<\/p>\n<ul>\n<li>L\u00e6s mere: <a href=\"https:\/\/nordicebv.info\/wp-content\/uploads\/2017\/11\/Improved-genetic-evaluation-for-general-health-traits_DNK.pdf\" target=\"_blank\" rel=\"noopener noreferrer\">Bedre og mere sikkert indeks for generel sundhed<\/a><\/li>\n<\/ul>\n<hr \/>\n<p><a href=\"https:\/\/nordicebv.info\/wp-content\/uploads\/2017\/08\/NAV-newsletter-August-2017_DNK.pdf\" target=\"_blank\" rel=\"noopener noreferrer\">August 2017<\/a><\/p>\n<p><a href=\"https:\/\/nordicebv.info\/wp-content\/uploads\/2017\/05\/NAV-newsletter-May-2017_DNK.pdf\" target=\"_blank\" rel=\"noopener noreferrer\">Maj 2017<\/a><\/p>\n<p><a href=\"https:\/\/nordicebv.info\/wp-content\/uploads\/2017\/02\/NAV-newsletter-February-2017_DNK.pdf\" target=\"_blank\" rel=\"noopener noreferrer\">Februar 2017<\/a><\/p>\n<h2>2016<\/h2>\n<p><a href=\"https:\/\/nordicebv.info\/wp-content\/uploads\/2016\/11\/Newsletter-November-DNK.pdf\" target=\"_blank\" rel=\"noopener noreferrer\">November 2016<\/a><\/p>\n<ul>\n<li>L\u00e6s mere:<a href=\"https:\/\/nordicebv.info\/wp-content\/uploads\/2016\/11\/Genomic-prediction-is-improved_DNK.pdf\" target=\"_blank\" rel=\"noopener noreferrer\"> Overvurdering af avlsv\u00e6rdital hos unge genomisk testede dyr fjernes<\/a><\/li>\n<li>L\u00e6s mere:<a href=\"https:\/\/nordicebv.info\/wp-content\/uploads\/2016\/11\/NAV-fertility-paper_DNK.pdf\" target=\"_blank\" rel=\"noopener noreferrer\"> Flere forbedringer til den nordiske hunlig frugtbarhedsavlsv\u00e6rdivurdering<\/a><\/li>\n<li>L\u00e6s mere:<a href=\"https:\/\/nordicebv.info\/wp-content\/uploads\/2016\/11\/Improvements-in-calving-and-birth_DNK.pdf\" target=\"_blank\" rel=\"noopener noreferrer\"> Forbedret avlsv\u00e6rdivurdering for k\u00e6lvnings- og f\u00f8dselsegenskaber<\/a><\/li>\n<li>L\u00e6s mere:<a href=\"https:\/\/nordicebv.info\/wp-content\/uploads\/2016\/11\/Udder-coordinates-20161026_DNK.pdf\" target=\"_blank\" rel=\"noopener noreferrer\"> Forbedrede avlsv\u00e6rdital for yvereksteri\u00f8r ved at bruge AMS data<\/a><\/li>\n<li>L\u00e6s mere:<a href=\"https:\/\/nordicebv.info\/wp-content\/uploads\/2016\/11\/Yield_evaluation_01112016_DNK.pdf\" target=\"_blank\" rel=\"noopener noreferrer\"> Forbedret avlsv\u00e6rdivurdering for ydelse<\/a><\/li>\n<\/ul>\n<div id=\"motopress-main\" class=\"main-holder\"><\/div>\n<hr \/>\n<p><a href=\"https:\/\/nordicebv.info\/wp-content\/uploads\/2016\/08\/Information-NAV-routine-August-2016-DNK.pdf\" target=\"_blank\" rel=\"noopener noreferrer\">August 2016<\/a><\/p>\n<p><a href=\"https:\/\/nordicebv.info\/wp-content\/uploads\/2016\/05\/Information-NAV-routine-May-2016-DNK.pdf\" target=\"_blank\" rel=\"noopener noreferrer\">Maj 2016<\/a><\/p>\n<ul>\n<li>L\u00e6s mere: <a href=\"https:\/\/nordicebv.info\/wp-content\/uploads\/2016\/05\/Youngstock-survival-is-included-in-NTM_FINAL_DNK.pdf\" target=\"_blank\" rel=\"noopener noreferrer\">Ungdyroverlevelse indg\u00e5r i NTM<\/a><\/li>\n<\/ul>\n<hr \/>\n<p><a href=\"https:\/\/nordicebv.info\/wp-content\/uploads\/2016\/02\/Information-NAV-routine-feb-2016-DNK.pdf\">Februar 2016<\/a><\/p>\n<ul>\n<li>L\u00e6s mere: <a href=\"https:\/\/nordicebv.info\/wp-content\/uploads\/2016\/02\/Genomic-breeding-values-for-Youngstock-survival_DNK.pdf\" target=\"_blank\" rel=\"noopener noreferrer\">Genomiske avlsv\u00e6rdital for Ungdyroverlevelse<\/a><\/li>\n<\/ul>\n<h2>2015<\/h2>\n<p><a href=\"https:\/\/nordicebv.info\/wp-content\/uploads\/2015\/11\/NAV-newsletter-Nov-2015_DNK.pdf\" target=\"_blank\" rel=\"noopener noreferrer\">November 2015<\/a><\/p>\n<ul>\n<li>L\u00e6s mere: <a href=\"https:\/\/nordicebv.info\/wp-content\/uploads\/2015\/11\/Claw-health-evaluation_DNK_final.pdf\" target=\"_blank\" rel=\"noopener noreferrer\">Mere sikre avlsv\u00e6rdital for klovsundhed<\/a><\/li>\n<\/ul>\n<hr \/>\n<p><a href=\"https:\/\/nordicebv.info\/wp-content\/uploads\/2015\/04\/2015-08-11-Information-NAV-routine-aug-2015-DNK.pdf\" target=\"_blank\" rel=\"noopener noreferrer\">August 2015<\/a><\/p>\n<p><a href=\"https:\/\/nordicebv.info\/wp-content\/uploads\/2015\/04\/2015-05-05-Information-NAV-routine-maj-2015-DNK.pdf\">Maj 2015<\/a><\/p>\n<ul>\n<li>L\u00e6s mere:\u00a0<a href=\"https:\/\/nordicebv.info\/wp-content\/uploads\/2015\/04\/New-fertility-evaluation_DNK.pdf\">Forbedret avlsv\u00e6rdivurdering for frugtbarhed<\/a><br \/>\n<hr \/>\n<\/li>\n<\/ul>\n<p>Februar 2015<\/p>\n<ul>\n<li>L\u00e6s mere:\u00a0<a href=\"https:\/\/nordicebv.info\/wp-content\/uploads\/2015\/04\/Breeding-for-stronger-youngstock_SWE_homepage.pdf\">M\u00f6jligt att avla f\u00f6r mer livskraftiga ungdjur<\/a><br \/>\n<hr \/>\n<\/li>\n<\/ul>\n<h2>2014<\/h2>\n<p><a href=\"https:\/\/nordicebv.info\/wp-content\/uploads\/2015\/04\/2014-11-02-Information-NAV-routine-November-2014-DNK.pdf\" target=\"_blank\" rel=\"noopener noreferrer\">November 2014<\/a><\/p>\n<ul>\n<li>L\u00e6s mere:\u00a0<a href=\"https:\/\/nordicebv.info\/wp-content\/uploads\/2015\/04\/Improved-NAV-breeding-values-for-conformation_DNK.pdf\" target=\"_blank\" rel=\"noopener noreferrer\">Forbedrede avlsv\u00e6rdital for eksteri\u00f8r<\/a><\/li>\n<\/ul>\n<p><a href=\"https:\/\/nordicebv.info\/wp-content\/uploads\/2015\/04\/2014-08-12-Information-NAV-routine-August-2014-DNK-2.pdf\" target=\"_blank\" rel=\"noopener noreferrer\">August 2014<\/a><\/p>\n<ul>\n<li>L\u00e6s mere:\u00a0<a href=\"https:\/\/nordicebv.info\/wp-content\/uploads\/2015\/04\/New-index-Frame-_description_1_DK.pdf\" target=\"_blank\" rel=\"noopener noreferrer\">Kropskapacitet beskriver koens st\u00f8rrelse<\/a><\/li>\n<li>L\u00e6s mere:\u00a0<a href=\"https:\/\/nordicebv.info\/wp-content\/uploads\/2015\/04\/More-data-in-breeding-value-for-milking-speed_DK.pdf\" target=\"_blank\" rel=\"noopener noreferrer\">Forbedrede avlsv\u00e6rdital for malketid<\/a><\/li>\n<li>L\u00e6s mere:\u00a0<a href=\"https:\/\/nordicebv.info\/wp-content\/uploads\/2015\/04\/Cows-in-reference-population_DK.pdf\" target=\"_blank\" rel=\"noopener noreferrer\">Bedre genomiske avlsv\u00e6rdital for Jersey og r\u00f8de racer<\/a><\/li>\n<\/ul>\n<p><a href=\"https:\/\/nordicebv.info\/wp-content\/uploads\/2015\/04\/2014-05-02-Info-konsulenter-Avlsv\u00e6rdital-for-tyre-maj-2014.pdf\" target=\"_blank\" rel=\"noopener noreferrer\">Maj 2014<\/a><\/p>\n<ul>\n<li>L\u00e6s mere:\u00a0<a href=\"https:\/\/nordicebv.info\/wp-content\/uploads\/2015\/04\/Changes-in-NTM_DNK.pdf\" target=\"_blank\" rel=\"noopener noreferrer\">NAV justerer i beregningen af indeker<\/a><\/li>\n<\/ul>\n<p><a href=\"https:\/\/nordicebv.info\/wp-content\/uploads\/2015\/04\/2014-02-02-Info-konsulenter-Avlsv\u00e6rdital-for-tyre-februar-2014.pdf\" target=\"_blank\" rel=\"noopener noreferrer\">Februar 2014<\/a><\/p>\n<h2>2013<\/h2>\n<p><a href=\"https:\/\/nordicebv.info\/wp-content\/uploads\/2015\/04\/0012adf-Info-konsulenter-Avlsv\u00e6rdital-for-tyre-november-2013.pdf\" target=\"_blank\" rel=\"noopener noreferrer\">November 2013<\/a><\/p>\n<p><a href=\"https:\/\/nordicebv.info\/wp-content\/uploads\/2015\/04\/2013-08-13-Info-konsulenter-Avlsv\u00e6rdital-for-tyre-august-2013.pdf\" target=\"_blank\" rel=\"noopener noreferrer\">August 2013<\/a><\/p>\n<p><a href=\"https:\/\/nordicebv.info\/wp-content\/uploads\/2015\/04\/2013-02-05-Info-konsulenter-Avlsv\u00e6rdital-for-tyre-maj-2013.pdf\" target=\"_blank\" rel=\"noopener noreferrer\">Maj 2013<\/a><\/p>\n<ul>\n<li>L\u00e6s mere:\u00a0<a href=\"https:\/\/nordicebv.info\/wp-content\/uploads\/2015\/04\/Changes-in-NTM-weights_DNK.pdf\" target=\"_blank\" rel=\"noopener noreferrer\">Justering af NTM<\/a><\/li>\n<\/ul>\n<p><a href=\"https:\/\/nordicebv.info\/wp-content\/uploads\/2015\/04\/2013-02-02-Info-konsulenter-Avlsv\u00e6rdital-for-tyre-februar-2013-new.pdf\" target=\"_blank\" rel=\"noopener noreferrer\">Februar 2013<\/a><\/p>\n<h2>2012<\/h2>\n<p><a href=\"https:\/\/nordicebv.info\/wp-content\/uploads\/2015\/04\/2012-11-02-Info-konsulenter-Avlsv\u00e6rdital-for-tyre-november-2012.pdf\" target=\"_blank\" rel=\"noopener noreferrer\">November 2012<\/a><\/p>\n<p><a href=\"https:\/\/nordicebv.info\/wp-content\/uploads\/2015\/04\/2012-08-14-Info-konsulenter-Avlsv\u00e6rdital-for-tyre-august-2012.pdf\" target=\"_blank\" rel=\"noopener noreferrer\">August 2012<\/a><\/p>\n<ul>\n<li>L\u00e6s mere:\u00a0<a href=\"https:\/\/nordicebv.info\/wp-content\/uploads\/2015\/04\/Cows-have-breeding-values-with-genomic-information_DNK_ADF1.pdf\" target=\"_blank\" rel=\"noopener noreferrer\">Genomisk information indg\u00e5r i k\u00f8ers avlsv\u00e6rdital<\/a><\/li>\n<\/ul>\n<p><a href=\"https:\/\/nordicebv.info\/wp-content\/uploads\/2015\/04\/2012-05-02-Info-konsulenter-Avlsv\u00e6rdital-for-tyre-maj-2012.pdf\" target=\"_blank\" rel=\"noopener noreferrer\">Maj 2012<\/a><\/p>\n<p><a href=\"https:\/\/nordicebv.info\/wp-content\/uploads\/2015\/04\/2012-02-02-Info-konsulenter-Avlsv\u00e6rdital-for-tyre-januaru-2012_february.pdf\" target=\"_blank\" rel=\"noopener noreferrer\">Februar 2012<\/a><\/p>\n<ul>\n<li>L\u00e6s mere:\u00a0<a href=\"https:\/\/nordicebv.info\/wp-content\/uploads\/2015\/04\/New-weight-factors-in-NTM-DNK.pdf\" target=\"_blank\" rel=\"noopener noreferrer\">Justeringer af NTM for RDM og Jersey<\/a><\/li>\n<li>L\u00e6s mere:\u00a0<a href=\"https:\/\/nordicebv.info\/wp-content\/uploads\/2015\/04\/New-yield-parameters-give-only-small-changes-DNK.pdf\" target=\"_blank\" rel=\"noopener noreferrer\">Forbedrede avlsv\u00e6rdital for ydelse<\/a><\/li>\n<\/ul>\n","protected":false},"excerpt":{"rendered":"<p>2026 Februar 2026 (p\u00e5 engelsk) 2025 November 2025 (p\u00e5 engelsk) L\u00e6s mere: Forbedrede avlsv\u00e6rdital for temperament August 2025 (p\u00e5 engelsk) L\u00e6s mere: Finjustering af malkeorganer for RDC Maj 2025 (p\u00e5 engelsk) L\u00e6s mere: Forbedrede avlsv\u00e6rdier for ydelse L\u00e6s mere: F\u00f8rste Nordiske Metanindeks Februar 2025 (p\u00e5 engelsk) L\u00e6s mere: Stort potential med sparet foder version 3.0 &#8230; <a title=\"NAV nyhedsbrev\" class=\"read-more\" href=\"https:\/\/nordicebv.info\/da\/nav-nyhedsbrev\/\" aria-label=\"Read more about NAV nyhedsbrev\">L\u00e6s Mere<\/a><\/p>\n","protected":false},"author":6,"featured_media":0,"parent":0,"menu_order":0,"comment_status":"closed","ping_status":"closed","template":"","meta":{"_exactmetrics_skip_tracking":false,"_exactmetrics_sitenote_active":false,"_exactmetrics_sitenote_note":"","_exactmetrics_sitenote_category":0,"footnotes":""},"class_list":["post-7169","page","type-page","status-publish"],"aioseo_notices":[],"_links":{"self":[{"href":"https:\/\/nordicebv.info\/da\/wp-json\/wp\/v2\/pages\/7169","targetHints":{"allow":["GET"]}}],"collection":[{"href":"https:\/\/nordicebv.info\/da\/wp-json\/wp\/v2\/pages"}],"about":[{"href":"https:\/\/nordicebv.info\/da\/wp-json\/wp\/v2\/types\/page"}],"author":[{"embeddable":true,"href":"https:\/\/nordicebv.info\/da\/wp-json\/wp\/v2\/users\/6"}],"replies":[{"embeddable":true,"href":"https:\/\/nordicebv.info\/da\/wp-json\/wp\/v2\/comments?post=7169"}],"version-history":[{"count":34,"href":"https:\/\/nordicebv.info\/da\/wp-json\/wp\/v2\/pages\/7169\/revisions"}],"predecessor-version":[{"id":24296,"href":"https:\/\/nordicebv.info\/da\/wp-json\/wp\/v2\/pages\/7169\/revisions\/24296"}],"wp:attachment":[{"href":"https:\/\/nordicebv.info\/da\/wp-json\/wp\/v2\/media?parent=7169"}],"curies":[{"name":"wp","href":"https:\/\/api.w.org\/{rel}","templated":true}]}}