{"id":7133,"date":"2020-09-01T17:16:47","date_gmt":"2020-09-01T14:16:47","guid":{"rendered":"https:\/\/www.nordicebv.info\/?page_id=7133"},"modified":"2025-12-12T09:49:23","modified_gmt":"2025-12-12T07:49:23","slug":"kontakt","status":"publish","type":"page","link":"https:\/\/nordicebv.info\/da\/kontakt\/","title":{"rendered":"Kontakt"},"content":{"rendered":"<p><strong>Direkt\u00f8r, NAV<\/strong><\/p>\n<p>Haifa Splittorff<br \/>\nhaifa.splittorff@nordicebv.info<\/p>\n<p><strong>Danmark:<\/strong><\/p>\n<p>Jakob Lykke Voergaard, Seges, Kv\u00e6g<br \/>\njalv@seges.dk<\/p>\n<p><strong>Sverige:<\/strong><\/p>\n<p>Ida Hansson, V\u00e4xa Sverige<br \/>\nida.hansson@vxa.se<\/p>\n<p><strong>Finland:<\/strong><\/p>\n<p>Terhi Vahlsten, Faba<br \/>\nterhi.vahlsten@faba.fi<\/p>\n","protected":false},"excerpt":{"rendered":"<p>Direkt\u00f8r, NAV Haifa Splittorff haifa.splittorff@nordicebv.info Danmark: Jakob Lykke Voergaard, Seges, Kv\u00e6g jalv@seges.dk Sverige: Ida Hansson, V\u00e4xa Sverige ida.hansson@vxa.se Finland: Terhi Vahlsten, Faba terhi.vahlsten@faba.fi<\/p>\n","protected":false},"author":6,"featured_media":0,"parent":0,"menu_order":6,"comment_status":"closed","ping_status":"closed","template":"","meta":{"_exactmetrics_skip_tracking":false,"_exactmetrics_sitenote_active":false,"_exactmetrics_sitenote_note":"","_exactmetrics_sitenote_category":0,"footnotes":""},"class_list":["post-7133","page","type-page","status-publish"],"aioseo_notices":[],"_links":{"self":[{"href":"https:\/\/nordicebv.info\/da\/wp-json\/wp\/v2\/pages\/7133","targetHints":{"allow":["GET"]}}],"collection":[{"href":"https:\/\/nordicebv.info\/da\/wp-json\/wp\/v2\/pages"}],"about":[{"href":"https:\/\/nordicebv.info\/da\/wp-json\/wp\/v2\/types\/page"}],"author":[{"embeddable":true,"href":"https:\/\/nordicebv.info\/da\/wp-json\/wp\/v2\/users\/6"}],"replies":[{"embeddable":true,"href":"https:\/\/nordicebv.info\/da\/wp-json\/wp\/v2\/comments?post=7133"}],"version-history":[{"count":6,"href":"https:\/\/nordicebv.info\/da\/wp-json\/wp\/v2\/pages\/7133\/revisions"}],"predecessor-version":[{"id":23953,"href":"https:\/\/nordicebv.info\/da\/wp-json\/wp\/v2\/pages\/7133\/revisions\/23953"}],"wp:attachment":[{"href":"https:\/\/nordicebv.info\/da\/wp-json\/wp\/v2\/media?parent=7133"}],"curies":[{"name":"wp","href":"https:\/\/api.w.org\/{rel}","templated":true}]}}