{"id":21954,"date":"2025-08-28T08:52:54","date_gmt":"2025-08-28T05:52:54","guid":{"rendered":"https:\/\/nordicebv.info\/?page_id=21954"},"modified":"2026-04-23T09:09:42","modified_gmt":"2026-04-23T06:09:42","slug":"interbull","status":"publish","type":"page","link":"https:\/\/nordicebv.info\/da\/interbull\/","title":{"rendered":"Interbull"},"content":{"rendered":"\r\n<div class=\"wp-block-columns is-layout-flex wp-container-core-columns-is-layout-9d6595d7 wp-block-columns-is-layout-flex\">\r\n<div class=\"wp-block-column is-layout-flow wp-block-column-is-layout-flow\" style=\"flex-basis: 66.66%;\">\r\n<h2 class=\"wp-block-heading\">Interbull avlsv\u00e6rdital \u2013 Sammenlign tyre fra hele verden<\/h2>\r\n\r\n\r\n\r\n<p>Avlsv\u00e6rdier beregnes forskelligt &#8211; ved hj\u00e6lp af forskellige modeller og genetiske parametre &#8211; i forskellige lande. Samtidig kan definitionen af egenskaber variere mellem lande, og endelig kan tyrene rangere forskelligt i forskellige lande p\u00e5 grund af forskelle i produktionsmilj\u00f8. Interbull Centret i Uppsala, Sverige beregner internationale avlsv\u00e6rdital, hvor tyre fra hele verden rangeres p\u00e5 samme skala. Hvert land modtager s\u00e5ledes avlsv\u00e6rdital udtrykt p\u00e5 deres eget lands skala.<\/p>\r\n\r\n\r\n\r\n<p>Interbull avlsv\u00e6rdital offentligg\u00f8res tre gange om \u00e5ret for ydelse, eksteri\u00f8r, yversundhed, holdbarhed, k\u00e6lvning, hunlig fertilitet, malketid og temperament for alle d\u00f8treafpr\u00f8vede tyre. For Holstein sammenligner Interbull ogs\u00e5 avlsv\u00e6rdital for unge genomisk testede tyre.<\/p>\r\n\r\n\r\n\r\n<h2 class=\"wp-block-heading\">Interbull avlsv\u00e6rdital p\u00e5 nordisk skala:<\/h2>\r\n<p><a href=\"https:\/\/nordicebv.info\/wp-content\/uploads\/2026\/04\/INTERBULL-breeding-value-April-2026.pdf\">April 2026<\/a><br \/><a href=\"https:\/\/nordicebv.info\/wp-content\/uploads\/2025\/12\/INTERBULL-breeding-value-December-2025.pdf\">December 2025<\/a><br \/><a href=\"https:\/\/nordicebv.info\/wp-content\/uploads\/2025\/08\/INTERBULL-breeding-value-August-2025.pdf\">August 2025<\/a><br \/><a href=\"https:\/\/nordicebv.info\/wp-content\/uploads\/2025\/04\/INTERBULL-breeding-value-April-2025.pdf\">April 2025<\/a><br \/><a href=\"https:\/\/nordicebv.info\/wp-content\/uploads\/2024\/12\/INTERBULL-breeding-value-December-2024.pdf\">December 2024<\/a><br \/><a href=\"https:\/\/nordicebv.info\/wp-content\/uploads\/2024\/08\/INTERBULL-breeding-value-August-2024.pdf\">August 2024<\/a><br \/><a href=\"https:\/\/nordicebv.info\/wp-content\/uploads\/2024\/04\/INTERBULL-breeding-value-April-2024.pdf\">April 2024<\/a><br \/><a href=\"https:\/\/nordicebv.info\/wp-content\/uploads\/2023\/12\/interbull_info_1223.pdf\">December 2023<\/a><br \/><a href=\"https:\/\/nordicebv.info\/wp-content\/uploads\/2023\/08\/INTERBULL-breeding-value-August-2023.pdf\">August 2023<\/a><br \/><a href=\"https:\/\/nordicebv.info\/wp-content\/uploads\/2023\/04\/INTERBULL-breeding-value-April-2023-1.pdf\">April 2023<\/a><br \/><a href=\"https:\/\/nordicebv.info\/wp-content\/uploads\/2022\/12\/INTERBULL-breeding-value-DEcember-2022.pdf\">December 2022<\/a><br \/><a href=\"https:\/\/nordicebv.info\/wp-content\/uploads\/2022\/08\/INTERBULL-breeding-value-August-2022.pdf\">August 2022<\/a><br \/><a href=\"https:\/\/nordicebv.info\/wp-content\/uploads\/2022\/04\/INTERBULL-breeding-value-April-2022.pdf\">April 2022<\/a><br \/><a href=\"https:\/\/nordicebv.info\/wp-content\/uploads\/2021\/12\/INTERBULL-breeding-value-December-2021.pdf\">December 2021<\/a><br \/><a href=\"https:\/\/nordicebv.info\/wp-content\/uploads\/2021\/08\/INTERBULL-breeding-value-August-2021.pdf\">August 2021<\/a><br \/><a href=\"https:\/\/nordicebv.info\/wp-content\/uploads\/2021\/04\/INTERBULL-breeding-value-April-2021.pdf\">April 2021<\/a><br \/><a href=\"https:\/\/nordicebv.info\/wp-content\/uploads\/2020\/12\/INTERBULL-breeding-value-December-2020.pdf\">December 2020<\/a><br \/><a href=\"https:\/\/nordicebv.info\/wp-content\/uploads\/2020\/09\/INTERBULL-breeding-value-August-2020.pdf\">August 2020<\/a><br \/><a href=\"https:\/\/nordicebv.info\/wp-content\/uploads\/2020\/04\/INTERBULL-breeding-value-April-2020.pdf\">April 2020<\/a><br \/><a href=\"https:\/\/nordicebv.info\/wp-content\/uploads\/2020\/01\/INTERBULL-breeding-value-December-2019.pdf\">December 2019<\/a><br \/><a href=\"https:\/\/nordicebv.info\/wp-content\/uploads\/2019\/08\/INTERBULL-breeding-value-August-2019.pdf\">August 2019<\/a><br \/><a href=\"https:\/\/nordicebv.info\/wp-content\/uploads\/2019\/04\/INTERBULL-breeding-value-April-2019.pdf\">April 2019<\/a><br \/><a href=\"https:\/\/nordicebv.info\/wp-content\/uploads\/2018\/09\/INTERBULL-breeding-value-August-2018.pdf\" target=\"_blank\" rel=\"noreferrer noopener\">August 2018<\/a><br \/><a href=\"https:\/\/nordicebv.info\/wp-content\/uploads\/2018\/04\/INTERBULL-breeding-value-April-2018.pdf\" target=\"_blank\" rel=\"noreferrer noopener\">April 2018<\/a><br \/><a href=\"https:\/\/nordicebv.info\/wp-content\/uploads\/2017\/12\/INTERBULL-breeding-value-December-2017.pdf\" target=\"_blank\" rel=\"noreferrer noopener\">December 2017<\/a><br \/><a href=\"https:\/\/nordicebv.info\/wp-content\/uploads\/2017\/08\/INTERBULL-breeding-value-August-2017.pdf\" target=\"_blank\" rel=\"noreferrer noopener\">August 2017<\/a><br \/><a href=\"https:\/\/nordicebv.info\/wp-content\/uploads\/2017\/05\/INTERBULL-breeding-value-April-2017.pdf\" target=\"_blank\" rel=\"noreferrer noopener\">April 2017<\/a><br \/><a href=\"https:\/\/nordicebv.info\/wp-content\/uploads\/2016\/12\/INTERBULL-breeding-value-December-2016.pdf\" target=\"_blank\" rel=\"noreferrer noopener\">December 2016<\/a><br \/><a href=\"https:\/\/nordicebv.info\/wp-content\/uploads\/2016\/08\/INTERBULL-breeding-value-August-2016.pdf\" target=\"_blank\" rel=\"noreferrer noopener\">August 2016<\/a><br \/><a href=\"https:\/\/nordicebv.info\/wp-content\/uploads\/2016\/04\/INTERBULL-breeding-value-April-2016.pdf\" target=\"_blank\" rel=\"noreferrer noopener\">April 2016<\/a><br \/><a href=\"https:\/\/nordicebv.info\/wp-content\/uploads\/2015\/12\/INTERBULL-breeding-value-december-2015.pdf\" target=\"_blank\" rel=\"noreferrer noopener\">December 2015<\/a><br \/><a href=\"https:\/\/nordicebv.info\/wp-content\/uploads\/2015\/04\/Interbull-newsletter-April-2015.pdf\">April 2015<\/a><br \/><a href=\"https:\/\/nordicebv.info\/wp-content\/uploads\/2015\/04\/Interbull-newsletter-December-2014.pdf\">December 2014<\/a><br \/><a href=\"https:\/\/nordicebv.info\/wp-content\/uploads\/2015\/04\/Interbull-newsletter-August-2014.pdf\">August 2014<\/a><br \/><a href=\"https:\/\/nordicebv.info\/wp-content\/uploads\/2015\/04\/Interbull-newsletter-April-2014.pdf\">April 2014<\/a><br \/><a href=\"https:\/\/nordicebv.info\/wp-content\/uploads\/2015\/04\/Interbull-newsletter-December-2013.pdf\">December 2013<\/a><br \/><a href=\"https:\/\/nordicebv.info\/wp-content\/uploads\/2015\/04\/Interbull-newsletter-August-2013.pdf\">August 2013<\/a><\/p>\r\n\r\n\r\n\r\n\r\n\r\n\r\n\r\n\r\n\r\n\r\n\r\n\r\n\r\n\r\n\r\n\r\n\r\n\r\n\r\n\r\n\r\n\r\n\r\n\r\n\r\n\r\n\r\n\r\n\r\n\r\n\r\n\r\n\r\n\r\n\r\n\r\n\r\n\r\n\r\n\r\n\r\n\r\n\r\n\r\n\r\n\r\n\r\n\r\n\r\n\r\n\r\n\r\n\r\n\r\n\r\n\r\n\r\n\r\n\r\n\r\n\r\n\r\n\r\n\r\n\r\n\r\n\r\n\r\n\r\n\r\n\r\n\r\n\r\n<p>&nbsp;<\/p>\r\n<\/div>\r\n\r\n\r\n\r\n<div class=\"wp-block-column is-layout-flow wp-block-column-is-layout-flow\" style=\"flex-basis: 33.33%;\">\r\n<p><strong><a href=\"https:\/\/nordic.mloy.fi\/InterBull\/\" target=\"_blank\" rel=\"noreferrer noopener\">S\u00f8gning p\u00e5 Interbull indekser<\/a><\/strong><\/p>\r\n\r\n\r\n\r\n<p><strong><a href=\"http:\/\/www.interbull.org\/index\" target=\"_blank\" rel=\"noreferrer noopener\">Interbulls hjemmeside<\/a><\/strong><\/p>\r\n<\/div>\r\n<\/div>\r\n","protected":false},"excerpt":{"rendered":"<p>Interbull avlsv\u00e6rdital \u2013 Sammenlign tyre fra hele verden Avlsv\u00e6rdier beregnes forskelligt &#8211; ved hj\u00e6lp af forskellige modeller og genetiske parametre &#8211; i forskellige lande. Samtidig kan definitionen af egenskaber variere mellem lande, og endelig kan tyrene rangere forskelligt i forskellige lande p\u00e5 grund af forskelle i produktionsmilj\u00f8. Interbull Centret i Uppsala, Sverige beregner internationale avlsv\u00e6rdital, &#8230; <a title=\"Interbull\" class=\"read-more\" href=\"https:\/\/nordicebv.info\/da\/interbull\/\" aria-label=\"Read more about Interbull\">L\u00e6s Mere<\/a><\/p>\n","protected":false},"author":7,"featured_media":0,"parent":0,"menu_order":0,"comment_status":"closed","ping_status":"closed","template":"","meta":{"_exactmetrics_skip_tracking":false,"_exactmetrics_sitenote_active":false,"_exactmetrics_sitenote_note":"","_exactmetrics_sitenote_category":0,"footnotes":""},"class_list":["post-21954","page","type-page","status-publish"],"aioseo_notices":[],"_links":{"self":[{"href":"https:\/\/nordicebv.info\/da\/wp-json\/wp\/v2\/pages\/21954","targetHints":{"allow":["GET"]}}],"collection":[{"href":"https:\/\/nordicebv.info\/da\/wp-json\/wp\/v2\/pages"}],"about":[{"href":"https:\/\/nordicebv.info\/da\/wp-json\/wp\/v2\/types\/page"}],"author":[{"embeddable":true,"href":"https:\/\/nordicebv.info\/da\/wp-json\/wp\/v2\/users\/7"}],"replies":[{"embeddable":true,"href":"https:\/\/nordicebv.info\/da\/wp-json\/wp\/v2\/comments?post=21954"}],"version-history":[{"count":8,"href":"https:\/\/nordicebv.info\/da\/wp-json\/wp\/v2\/pages\/21954\/revisions"}],"predecessor-version":[{"id":24739,"href":"https:\/\/nordicebv.info\/da\/wp-json\/wp\/v2\/pages\/21954\/revisions\/24739"}],"wp:attachment":[{"href":"https:\/\/nordicebv.info\/da\/wp-json\/wp\/v2\/media?parent=21954"}],"curies":[{"name":"wp","href":"https:\/\/api.w.org\/{rel}","templated":true}]}}