{"id":21272,"date":"2025-06-19T07:56:20","date_gmt":"2025-06-19T04:56:20","guid":{"rendered":"https:\/\/nordicebv.info\/?page_id=21272"},"modified":"2025-11-21T15:09:21","modified_gmt":"2025-11-21T13:09:21","slug":"koedxmaelk-publicering","status":"publish","type":"page","link":"https:\/\/nordicebv.info\/da\/koedxmaelk-publicering\/","title":{"rendered":"K\u00f8d x M\u00e6lk publicering"},"content":{"rendered":"<div class=\"grid-66 tablet-grid-66 mobile-grid-100 first-column\">\n<p>For at NBDI og delindekser kan publiceres for en tyr skal 2 kriterier v\u00e6re opfyldt:<\/p>\n<ol>\n<li>Sikkerheden p\u00e5 indekserne skal v\u00e6re h\u00f8jere end publiceringskrav<\/li>\n<li>Ejer\/import\u00f8r af tyren skal betale en engangsbetaling for hver tyr. Engangsbetalingen er g\u00e6ldende fra 1. januar 2020 og gebyret er p\u00e5 1.300 Euro per tyr. Ejer\/import\u00f8r der \u00f8nskes publicering af avlsv\u00e6rdier af k\u00f8dkv\u00e6gstyre brugt p\u00e5 malkekv\u00e6g, skal kontakte NAV via haifa.splittorff@nordicebv.info.<\/li>\n<\/ol>\n<p><strong>Publicering af NBDI<\/strong><\/p>\n<p>NBDI bliver publiceret <strong>fire gange om \u00e5ret<\/strong> i forbindelse med NAV evalueringen for malkek\u00f8er (februar, maj, august og november). De nyeste resultater kan findes p\u00e5 s\u00f8gesiden <a href=\"https:\/\/nordic.mloy.fi\/NAVBeef\/\"><strong>NAV s\u00f8gning p\u00e5 k\u00f8dkv\u00e6gstyre<\/strong><\/a>.<\/p>\n<p>S\u00f8gesiden indeholder officielle avlsv\u00e6rdital og \u00f8vrige informationer for k\u00f8dkv\u00e6gstyre brugt til krydsning. Du kan v\u00e6lge forskellige opdr\u00e6tsperioder (kort eller lang). Standard ops\u00e6tningen er, at du f\u00e5r vist alle tyre, uanset race og f\u00f8dselsland. Tyrene er sorteret efter deres NBDI. Du kan dog skr\u00e6ddersy din s\u00f8gning til specielle \u00f8nsker, samt s\u00f8ge p\u00e5 enkelte tyre.<\/p>\n<p>Delindekserne er standardiseret til et gennemsnit p\u00e5 100 og en spredning p\u00e5 10. NBDI er standardiseret til et gennemsnit p\u00e5 0 og en spredning p\u00e5 10.<\/p>\n<\/div>\n<div class=\"grid-33 tablet-grid-33 mobile-grid-100 first-column\">\n<p><strong><a href=\"https:\/\/nordic.mloy.fi\/NAVBeef\/\" target=\"_blank\" rel=\"noopener\">NAV s\u00f8gning p\u00e5 k\u00f8dkv\u00e6gstyre<\/a><\/strong><\/p>\n<p><strong><a href=\"https:\/\/nordicebv.info\/wp-content\/uploads\/2025\/11\/NAV-routine-genetic-evaluation_beef-x-dairy-20251110-1.pdf\">NAV routine genetic evaluation of beefxdairy \u2013 data and genetic models<\/a>\u00a0<\/strong>(p\u00e5 engelsk)<\/p>\n<\/div>\n<p>&nbsp;<\/p>\n","protected":false},"excerpt":{"rendered":"<p>For at NBDI og delindekser kan publiceres for en tyr skal 2 kriterier v\u00e6re opfyldt: Sikkerheden p\u00e5 indekserne skal v\u00e6re h\u00f8jere end publiceringskrav Ejer\/import\u00f8r af tyren skal betale en engangsbetaling for hver tyr. Engangsbetalingen er g\u00e6ldende fra 1. januar 2020 og gebyret er p\u00e5 1.300 Euro per tyr. Ejer\/import\u00f8r der \u00f8nskes publicering af avlsv\u00e6rdier af &#8230; <a title=\"K\u00f8d x M\u00e6lk publicering\" class=\"read-more\" href=\"https:\/\/nordicebv.info\/da\/koedxmaelk-publicering\/\" aria-label=\"Read more about K\u00f8d x M\u00e6lk publicering\">L\u00e6s Mere<\/a><\/p>\n","protected":false},"author":6,"featured_media":0,"parent":0,"menu_order":0,"comment_status":"closed","ping_status":"closed","template":"","meta":{"_exactmetrics_skip_tracking":false,"_exactmetrics_sitenote_active":false,"_exactmetrics_sitenote_note":"","_exactmetrics_sitenote_category":0,"footnotes":""},"class_list":["post-21272","page","type-page","status-publish"],"aioseo_notices":[],"_links":{"self":[{"href":"https:\/\/nordicebv.info\/da\/wp-json\/wp\/v2\/pages\/21272","targetHints":{"allow":["GET"]}}],"collection":[{"href":"https:\/\/nordicebv.info\/da\/wp-json\/wp\/v2\/pages"}],"about":[{"href":"https:\/\/nordicebv.info\/da\/wp-json\/wp\/v2\/types\/page"}],"author":[{"embeddable":true,"href":"https:\/\/nordicebv.info\/da\/wp-json\/wp\/v2\/users\/6"}],"replies":[{"embeddable":true,"href":"https:\/\/nordicebv.info\/da\/wp-json\/wp\/v2\/comments?post=21272"}],"version-history":[{"count":6,"href":"https:\/\/nordicebv.info\/da\/wp-json\/wp\/v2\/pages\/21272\/revisions"}],"predecessor-version":[{"id":23745,"href":"https:\/\/nordicebv.info\/da\/wp-json\/wp\/v2\/pages\/21272\/revisions\/23745"}],"wp:attachment":[{"href":"https:\/\/nordicebv.info\/da\/wp-json\/wp\/v2\/media?parent=21272"}],"curies":[{"name":"wp","href":"https:\/\/api.w.org\/{rel}","templated":true}]}}