{"id":21262,"date":"2025-06-19T07:45:32","date_gmt":"2025-06-19T04:45:32","guid":{"rendered":"https:\/\/nordicebv.info\/?page_id=21262"},"modified":"2025-11-21T15:05:58","modified_gmt":"2025-11-21T13:05:58","slug":"vaekstegenskaber","status":"publish","type":"page","link":"https:\/\/nordicebv.info\/da\/vaekstegenskaber\/","title":{"rendered":"V\u00e6kstegenskaber"},"content":{"rendered":"<div class=\"grid-66 tablet-grid-66 mobile-grid-100 first-column\">\n<p><strong>Indekser for v\u00e6kstegenskaber<\/strong><\/p>\n<p><strong>V\u00e6kstegenskaberne nettotilv\u00e6kst, slagteform og fedt score<\/strong> er hver sammensat af underliggende egenskaber<strong>. <\/strong>Nettotilv\u00e6kst best\u00e5r s\u00e5ledes af 4 egenskaber med lige stor v\u00e6gt p\u00e5 alle: Tilv\u00e6kst i kort periode (&lt;550 dage) for hhv. tyre- og kviekalve, samt tilv\u00e6kst i lang periode (&gt;550 dage) for hhv. tyre- og kviekalve. Slagteform og fedtscore best\u00e5r hver is\u00e6r af hhv. kvie- og tyrekalveegenskaben, som sammenvejes med lige stor v\u00e6gt. <strong>Nettotilv\u00e6kst, slagteform og fedt score<\/strong> kan publiceres, hvis tyren har mindst 50 i sikkerhed p\u00e5 indeks for slagteform.<\/p>\n<p><strong>Delindekserne for nettotilv\u00e6kst, slagteform og fedt score<\/strong> sammenvejes i <strong>v\u00e6kstindekset. <\/strong>V\u00e6gtfaktorerne er afh\u00e6ngige af opdr\u00e6tsperiodens l\u00e6ngde og der er derfor et v\u00e6kstindeks for b\u00e5de kort og lang opdr\u00e6tsperiode. Generelt er opdr\u00e6tsperioden kort i Danmark og lang i Finland og Sverige.<\/p>\n<\/div>\n<div class=\"grid-33 tablet-grid-33 mobile-grid-100 first-column\">\n<p><strong><a href=\"https:\/\/nordic.mloy.fi\/NAVBeef\/\" target=\"_blank\" rel=\"noopener\">NAV s\u00f8gning p\u00e5 k\u00f8dkv\u00e6gstyre<\/a><\/strong><\/p>\n<p><strong><a href=\"https:\/\/nordicebv.info\/wp-content\/uploads\/2025\/11\/NAV-routine-genetic-evaluation_beef-x-dairy-20251110-1.pdf\">NAV routine genetic evaluation of beefxdairy \u2013 data and genetic models<\/a>\u00a0<\/strong>(p\u00e5 engelsk)<\/p>\n<\/div>\n","protected":false},"excerpt":{"rendered":"<p>Indekser for v\u00e6kstegenskaber V\u00e6kstegenskaberne nettotilv\u00e6kst, slagteform og fedt score er hver sammensat af underliggende egenskaber. Nettotilv\u00e6kst best\u00e5r s\u00e5ledes af 4 egenskaber med lige stor v\u00e6gt p\u00e5 alle: Tilv\u00e6kst i kort periode (&lt;550 dage) for hhv. tyre- og kviekalve, samt tilv\u00e6kst i lang periode (&gt;550 dage) for hhv. tyre- og kviekalve. Slagteform og fedtscore best\u00e5r hver &#8230; <a title=\"V\u00e6kstegenskaber\" class=\"read-more\" href=\"https:\/\/nordicebv.info\/da\/vaekstegenskaber\/\" aria-label=\"Read more about V\u00e6kstegenskaber\">L\u00e6s Mere<\/a><\/p>\n","protected":false},"author":6,"featured_media":0,"parent":0,"menu_order":0,"comment_status":"closed","ping_status":"closed","template":"","meta":{"_exactmetrics_skip_tracking":false,"_exactmetrics_sitenote_active":false,"_exactmetrics_sitenote_note":"","_exactmetrics_sitenote_category":0,"footnotes":""},"class_list":["post-21262","page","type-page","status-publish"],"aioseo_notices":[],"_links":{"self":[{"href":"https:\/\/nordicebv.info\/da\/wp-json\/wp\/v2\/pages\/21262","targetHints":{"allow":["GET"]}}],"collection":[{"href":"https:\/\/nordicebv.info\/da\/wp-json\/wp\/v2\/pages"}],"about":[{"href":"https:\/\/nordicebv.info\/da\/wp-json\/wp\/v2\/types\/page"}],"author":[{"embeddable":true,"href":"https:\/\/nordicebv.info\/da\/wp-json\/wp\/v2\/users\/6"}],"replies":[{"embeddable":true,"href":"https:\/\/nordicebv.info\/da\/wp-json\/wp\/v2\/comments?post=21262"}],"version-history":[{"count":4,"href":"https:\/\/nordicebv.info\/da\/wp-json\/wp\/v2\/pages\/21262\/revisions"}],"predecessor-version":[{"id":23737,"href":"https:\/\/nordicebv.info\/da\/wp-json\/wp\/v2\/pages\/21262\/revisions\/23737"}],"wp:attachment":[{"href":"https:\/\/nordicebv.info\/da\/wp-json\/wp\/v2\/media?parent=21262"}],"curies":[{"name":"wp","href":"https:\/\/api.w.org\/{rel}","templated":true}]}}