{"id":21252,"date":"2025-06-19T07:37:02","date_gmt":"2025-06-19T04:37:02","guid":{"rendered":"https:\/\/nordicebv.info\/?page_id=21252"},"modified":"2025-11-21T15:03:00","modified_gmt":"2025-11-21T13:03:00","slug":"funktionelle-egenskaber-kxm","status":"publish","type":"page","link":"https:\/\/nordicebv.info\/da\/funktionelle-egenskaber-kxm\/","title":{"rendered":"Funktionelle egenskaber"},"content":{"rendered":"<div class=\"grid-66 tablet-grid-66 mobile-grid-100 first-column\">\n<p><strong>Indekser for f\u00f8dselsegenskaber<\/strong><\/p>\n<p>Der er fire delindekser for f\u00f8dselsegenskaberne: <strong>Livskraft og forl\u00f8b for kalve f\u00f8dt af m\u00f8dre i hhv. 1. og senere laktationer.<\/strong> Alle fire avlsv\u00e6rdital kan publiceres, hvis tyren har mindst 50% sikkerhed p\u00e5 avlsv\u00e6rditallet for livskraft eller forl\u00f8b i senere laktationer. Information om kalvens st\u00f8rrelse er kun registreret i Danmark og indg\u00e5r i evalueringen som en indikatoregenskab, og bliver ikke publiceret.<\/p>\n<p>Delindekserne for livskraft og forl\u00f8b i senere laktationer bliver sammenvejet i <strong>f\u00f8dselsindekset<\/strong>. Indekser for livskraft og forl\u00f8b i 1. laktation er ikke indregnet i f\u00f8dselsindekset, da k\u00f8dkv\u00e6g kun i meget begr\u00e6nset omfang anvendes til inseminering p\u00e5 kvier.<\/p>\n<p><strong>Indekser for ungdyroverlevelse<\/strong><\/p>\n<p>Der er to delindekser for ungdyroverlevelse: <strong>Tidlig periode og sen periode.\u00a0<\/strong>Delindekserne bliver sammenvejet i <strong>ungdyroverlevelse<\/strong> med en v\u00e6gt p\u00e5 0,36 for tidlig periode og 0,83 for sen periode. Indeks for tidlig periode er baseret p\u00e5 overlevelsen af tyrens afkom mellem dag 1 og dag 30 og sen periode er baseret p\u00e5 overlevelsen af tyrens afkom mellem dag 31 og dag 200. Alle tre avlsv\u00e6rdital offentligg\u00f8res hvis tyren har enten en sikkerhed p\u00e5 indeks for sen periode p\u00e5 mindst 50%, den har mindst 500 afkom eller den har indekser for f\u00f8dsels- og v\u00e6kstegenskaber.<\/p>\n<p><strong>Indeks for dr\u00e6gtighedsl\u00e6ngde<\/strong><\/p>\n<p><strong>Dr\u00e6gtighedsl\u00e6ngde, ko<\/strong> beskriver krydsningsafkommets dr\u00e6gtighedsl\u00e6ngde angivet som afvigelse i dage fra en standard dr\u00e6gtighedsl\u00e6ngde p\u00e5 280 dage n\u00e5r mor er malkerace. Avlsv\u00e6rdital for dr\u00e6gtighedsl\u00e6ngde offentligg\u00f8res, n\u00e5r sikkerheden er over 50 % sikkerhed, og tyren har et officielt avlsv\u00e6rdital for f\u00f8dselsegenskaber.<\/p>\n<p>Mere information:<\/p>\n<p><a href=\"https:\/\/nordicebv.info\/wp-content\/uploads\/2023\/05\/Gestation-length-DNK.pdf\">Avlsv\u00e6rdital for dr\u00e6gtighedsl\u00e6ngde for k\u00f8dkv\u00e6gstyre brugt til malkek\u00f8er<\/a><\/p>\n<p><a href=\"https:\/\/nordicebv.info\/wp-content\/uploads\/2022\/11\/YSS-abstract-DNK.pdf\">Avlsv\u00e6rdital for ungdyroverlevelse for k\u00f8dkv\u00e6gstyre anvendt til malkekv\u00e6g<\/a><\/p>\n<\/div>\n<div class=\"grid-33 tablet-grid-33 mobile-grid-100 first-column\">\n<p><strong><a href=\"https:\/\/nordic.mloy.fi\/NAVBeef\/\" target=\"_blank\" rel=\"noopener\">NAV s\u00f8gning p\u00e5 k\u00f8dkv\u00e6gstyre<\/a><\/strong><\/p>\n<p><strong><a href=\"https:\/\/nordicebv.info\/wp-content\/uploads\/2025\/11\/NAV-routine-genetic-evaluation_beef-x-dairy-20251110-1.pdf\">NAV routine genetic evaluation of beefxdairy \u2013 data and genetic models<\/a>\u00a0<\/strong>(p\u00e5 engelsk)<\/p>\n<\/div>\n","protected":false},"excerpt":{"rendered":"<p>Indekser for f\u00f8dselsegenskaber Der er fire delindekser for f\u00f8dselsegenskaberne: Livskraft og forl\u00f8b for kalve f\u00f8dt af m\u00f8dre i hhv. 1. og senere laktationer. Alle fire avlsv\u00e6rdital kan publiceres, hvis tyren har mindst 50% sikkerhed p\u00e5 avlsv\u00e6rditallet for livskraft eller forl\u00f8b i senere laktationer. Information om kalvens st\u00f8rrelse er kun registreret i Danmark og indg\u00e5r i &#8230; <a title=\"Funktionelle egenskaber\" class=\"read-more\" href=\"https:\/\/nordicebv.info\/da\/funktionelle-egenskaber-kxm\/\" aria-label=\"Read more about Funktionelle egenskaber\">L\u00e6s Mere<\/a><\/p>\n","protected":false},"author":6,"featured_media":0,"parent":0,"menu_order":0,"comment_status":"closed","ping_status":"closed","template":"","meta":{"_exactmetrics_skip_tracking":false,"_exactmetrics_sitenote_active":false,"_exactmetrics_sitenote_note":"","_exactmetrics_sitenote_category":0,"footnotes":""},"class_list":["post-21252","page","type-page","status-publish"],"aioseo_notices":[],"_links":{"self":[{"href":"https:\/\/nordicebv.info\/da\/wp-json\/wp\/v2\/pages\/21252","targetHints":{"allow":["GET"]}}],"collection":[{"href":"https:\/\/nordicebv.info\/da\/wp-json\/wp\/v2\/pages"}],"about":[{"href":"https:\/\/nordicebv.info\/da\/wp-json\/wp\/v2\/types\/page"}],"author":[{"embeddable":true,"href":"https:\/\/nordicebv.info\/da\/wp-json\/wp\/v2\/users\/6"}],"replies":[{"embeddable":true,"href":"https:\/\/nordicebv.info\/da\/wp-json\/wp\/v2\/comments?post=21252"}],"version-history":[{"count":4,"href":"https:\/\/nordicebv.info\/da\/wp-json\/wp\/v2\/pages\/21252\/revisions"}],"predecessor-version":[{"id":23729,"href":"https:\/\/nordicebv.info\/da\/wp-json\/wp\/v2\/pages\/21252\/revisions\/23729"}],"wp:attachment":[{"href":"https:\/\/nordicebv.info\/da\/wp-json\/wp\/v2\/media?parent=21252"}],"curies":[{"name":"wp","href":"https:\/\/api.w.org\/{rel}","templated":true}]}}