{"id":21246,"date":"2025-06-19T07:28:13","date_gmt":"2025-06-19T04:28:13","guid":{"rendered":"https:\/\/nordicebv.info\/?page_id=21246"},"modified":"2025-11-21T14:59:27","modified_gmt":"2025-11-21T12:59:27","slug":"nbdi","status":"publish","type":"page","link":"https:\/\/nordicebv.info\/da\/nbdi\/","title":{"rendered":"NBDI"},"content":{"rendered":"<div class=\"grid-66 tablet-grid-66 mobile-grid-100 first-column\">\n<p><strong>Indekser for k\u00f8dkv\u00e6gstyre brugt til krydsning med malkek\u00f8er<\/strong><\/p>\n<p>NAV avlsv\u00e6rdital for k\u00f8dkv\u00e6gstyre brugt til inseminering af malkek\u00f8er er baseret p\u00e5 krydsningsafkom fra malkek\u00f8er. Kun krydsningsafkom efter renracede Holstein, Jersey eller RDM-k\u00f8er er med i evalueringen.<\/p>\n<p>Avlsv\u00e6rditallene bruges til at udv\u00e6lge de k\u00f8dkv\u00e6gstyre p\u00e5 tv\u00e6rs af race, som giver letf\u00f8dte og livskraftige kalve, der har gode tilv\u00e6kst- og slagteegenskaber. Der beregnes op til 10 indekser, som sammenvejes til et \u00f8konomisk indeks (NBDI). Tyre med h\u00f8je NBDI giver kalve som har en st\u00f8rre \u00f8konomisk v\u00e6rdi for b\u00e5de m\u00e6lke- og slagtekalveproducent.<\/p>\n<p><strong>NBDI \u2013 kort eller lang opdr\u00e6tsperiode<\/strong><\/p>\n<p>NBDI er det total\u00f8konomiske indeks for k\u00f8dkv\u00e6gstyrene. Det beskriver krydsningsafkommets \u00f8konomiske potentiale for m\u00e6lkeproducenten. Det produktionssystem som kalvene opdr\u00e6ttes under (l\u00e6ngde og intensitet) p\u00e5virker de \u00f8konomiske v\u00e6rdier. K\u00f8dkv\u00e6gstyrene har derfor b\u00e5de NBDI for kort og lang opdr\u00e6tsperiode. Generelt er opdr\u00e6tsperioden kort i Danmark og lang i Finland og Sverige.<\/p>\n<p><strong>NBDI, kort eller langt<\/strong>, inkluderer f\u00f8dselsindeks og v\u00e6kstindeks (kort eller lang periode) og ungdyroverlevelse kombineret med \u00f8konomiske v\u00e6gte. De \u00f8konomiske v\u00e6gte er resultatet af \u00f8konomiske beregninger og forventninger til fremtidige produktionsforhold og prisforhold.<\/p>\n<p>N\u00e5r du som m\u00e6lkeproducent v\u00e6lger k\u00f8dkv\u00e6gstyre ud fra NBDI, opn\u00e5r du bedre krydsningskalve og dermed h\u00f8jere fortjeneste.<\/p>\n<p>&nbsp;<\/p>\n<p>Mere information:<\/p>\n<p><a href=\"https:\/\/nordicebv.info\/wp-content\/uploads\/2024\/11\/NBDI-of-beef-sires-used-for-dairy-crosses-final-version.pdf\">Total Merit Index (NBDI) for beef sires used for dairy cattle<\/a> (p\u00e5 engelsk)<\/p>\n<p><a href=\"https:\/\/nordicebv.info\/wp-content\/uploads\/2020\/10\/BxD_final_report.pdf\">BxD breeding values \u2013 Final report<\/a> (p\u00e5 engelsk)<\/p>\n<p><a href=\"https:\/\/vimeo.com\/396660324\" target=\"_blank\" rel=\"noopener\">Webinar om BxD breeding values<\/a> (p\u00e5 engelsk)<\/p>\n<\/div>\n<div class=\"grid-33 tablet-grid-33 mobile-grid-100 first-column\">\n<p><strong><a href=\"https:\/\/nordic.mloy.fi\/NAVBeef\/\" target=\"_blank\" rel=\"noopener\">NAV s\u00f8gning p\u00e5 k\u00f8dkv\u00e6gstyre<\/a><\/strong><\/p>\n<p><strong><a href=\"https:\/\/nordicebv.info\/wp-content\/uploads\/2025\/02\/Overview-of-phenotypic-values-BxD_DNK-update-2025.pdf\">Hvordan overs\u00e6ttes indekser for k\u00f8dkv\u00e6gstyre brugt p\u00e5 malkek\u00f8er<\/a><\/strong><\/p>\n<p><strong><a href=\"https:\/\/nordicebv.info\/wp-content\/uploads\/2025\/11\/NAV-routine-genetic-evaluation_beef-x-dairy-20251110-1.pdf\">NAV routine genetic evaluation of beefxdairy \u2013 data and genetic models<\/a>\u00a0<\/strong>(p\u00e5 engelsk)<\/p>\n<p><strong><a href=\"https:\/\/nordicebv.info\/wp-content\/uploads\/2024\/11\/Dansk-AEndringer-i-beregning-af-indekser-for-kodkvaeg-brugt-pa-malkekvaeg-fra-2018-2024.pdf\">\u00c6ndringer i beregning af indekser for K\u00f8d x M\u00e6lk<\/a><\/strong><\/p>\n<p><strong><a href=\"https:\/\/nordicebv.info\/wp-content\/uploads\/2025\/06\/NBDI-weights-and-correlations-DNK.pdf\">NBDI v\u00e6gtfaktorer og sammenh\u00e6ng<\/a><\/strong><\/p>\n<\/div>\n","protected":false},"excerpt":{"rendered":"<p>Indekser for k\u00f8dkv\u00e6gstyre brugt til krydsning med malkek\u00f8er NAV avlsv\u00e6rdital for k\u00f8dkv\u00e6gstyre brugt til inseminering af malkek\u00f8er er baseret p\u00e5 krydsningsafkom fra malkek\u00f8er. Kun krydsningsafkom efter renracede Holstein, Jersey eller RDM-k\u00f8er er med i evalueringen. Avlsv\u00e6rditallene bruges til at udv\u00e6lge de k\u00f8dkv\u00e6gstyre p\u00e5 tv\u00e6rs af race, som giver letf\u00f8dte og livskraftige kalve, der har gode &#8230; <a title=\"NBDI\" class=\"read-more\" href=\"https:\/\/nordicebv.info\/da\/nbdi\/\" aria-label=\"Read more about NBDI\">L\u00e6s Mere<\/a><\/p>\n","protected":false},"author":6,"featured_media":0,"parent":0,"menu_order":0,"comment_status":"closed","ping_status":"closed","template":"","meta":{"_exactmetrics_skip_tracking":false,"_exactmetrics_sitenote_active":false,"_exactmetrics_sitenote_note":"","_exactmetrics_sitenote_category":0,"footnotes":""},"class_list":["post-21246","page","type-page","status-publish"],"aioseo_notices":[],"_links":{"self":[{"href":"https:\/\/nordicebv.info\/da\/wp-json\/wp\/v2\/pages\/21246","targetHints":{"allow":["GET"]}}],"collection":[{"href":"https:\/\/nordicebv.info\/da\/wp-json\/wp\/v2\/pages"}],"about":[{"href":"https:\/\/nordicebv.info\/da\/wp-json\/wp\/v2\/types\/page"}],"author":[{"embeddable":true,"href":"https:\/\/nordicebv.info\/da\/wp-json\/wp\/v2\/users\/6"}],"replies":[{"embeddable":true,"href":"https:\/\/nordicebv.info\/da\/wp-json\/wp\/v2\/comments?post=21246"}],"version-history":[{"count":3,"href":"https:\/\/nordicebv.info\/da\/wp-json\/wp\/v2\/pages\/21246\/revisions"}],"predecessor-version":[{"id":23721,"href":"https:\/\/nordicebv.info\/da\/wp-json\/wp\/v2\/pages\/21246\/revisions\/23721"}],"wp:attachment":[{"href":"https:\/\/nordicebv.info\/da\/wp-json\/wp\/v2\/media?parent=21246"}],"curies":[{"name":"wp","href":"https:\/\/api.w.org\/{rel}","templated":true}]}}