{"id":20335,"date":"2025-05-06T09:48:26","date_gmt":"2025-05-06T06:48:26","guid":{"rendered":"https:\/\/nordicebv.info\/?page_id=20335"},"modified":"2026-05-05T10:33:45","modified_gmt":"2026-05-05T07:33:45","slug":"metan","status":"publish","type":"page","link":"https:\/\/nordicebv.info\/da\/metan\/","title":{"rendered":"Metan"},"content":{"rendered":"<div class=\"grid-66 tablet-grid-66 mobile-grid-100 first-column\">\n<h2>Metan<\/h2>\n<p>Metanindekset beskriver det genetisk potentiale for lavere metanproduktion i koens vom, hvilket dermed reducerer metanudledningen. Metandataene kommer fra sniffermaskiner, der m\u00e5ler metan- og CO2-koncentrationen fra koens ud\u00e5ndingsluft, n\u00e5r de spiser i malkerobotten. Den f\u00e6notypiske registrering, der anvendes i metanindekset, er metankoncentrationen. Ideen er, at en lavere metankoncentration fra en ko indikerer lavere metanproduktion i vommen.<\/p>\n<p>Metanindekset er inkluderet i NAV s\u00f8gning p\u00e5 tyre.<\/p>\n<p>L\u00e6s mere:<\/p>\n<p><a href=\"https:\/\/nordicebv.info\/wp-content\/uploads\/2026\/05\/The-methane-index-is-for-all-DNK.pdf\">Metanindekset er for alle<\/a>, Maj 2026<\/p>\n<p><a href=\"https:\/\/nordicebv.info\/wp-content\/uploads\/2026\/05\/Correlations-between-NTM-sub-indices-and-methane-may-2026-DNK.pdf\">Indekskorrelationer mellem metan og delindekser<\/a>, Maj 2026<\/p>\n<p><a href=\"https:\/\/nordicebv.info\/wp-content\/uploads\/2025\/05\/First-Nordic-methane-index-DNK.pdf\">F\u00f8rste Nordiske Metanindeks<\/a>, Maj 2025<\/p>\n<\/div>\n<div class=\"grid-33 tablet-grid-33 mobile-grid-100 first-column\"><strong><a href=\"https:\/\/nordic.mloy.fi\/NAVBull\/\" target=\"_blank\" rel=\"noopener\">NAV s\u00f8gning p\u00e5 tyre<\/a><\/strong><\/div>\n","protected":false},"excerpt":{"rendered":"<p>Metan Metanindekset beskriver det genetisk potentiale for lavere metanproduktion i koens vom, hvilket dermed reducerer metanudledningen. Metandataene kommer fra sniffermaskiner, der m\u00e5ler metan- og CO2-koncentrationen fra koens ud\u00e5ndingsluft, n\u00e5r de spiser i malkerobotten. Den f\u00e6notypiske registrering, der anvendes i metanindekset, er metankoncentrationen. Ideen er, at en lavere metankoncentration fra en ko indikerer lavere metanproduktion i &#8230; <a title=\"Metan\" class=\"read-more\" href=\"https:\/\/nordicebv.info\/da\/metan\/\" aria-label=\"Read more about Metan\">L\u00e6s Mere<\/a><\/p>\n","protected":false},"author":6,"featured_media":0,"parent":0,"menu_order":0,"comment_status":"closed","ping_status":"closed","template":"","meta":{"_exactmetrics_skip_tracking":false,"_exactmetrics_sitenote_active":false,"_exactmetrics_sitenote_note":"","_exactmetrics_sitenote_category":0,"footnotes":""},"class_list":["post-20335","page","type-page","status-publish"],"aioseo_notices":[],"_links":{"self":[{"href":"https:\/\/nordicebv.info\/da\/wp-json\/wp\/v2\/pages\/20335","targetHints":{"allow":["GET"]}}],"collection":[{"href":"https:\/\/nordicebv.info\/da\/wp-json\/wp\/v2\/pages"}],"about":[{"href":"https:\/\/nordicebv.info\/da\/wp-json\/wp\/v2\/types\/page"}],"author":[{"embeddable":true,"href":"https:\/\/nordicebv.info\/da\/wp-json\/wp\/v2\/users\/6"}],"replies":[{"embeddable":true,"href":"https:\/\/nordicebv.info\/da\/wp-json\/wp\/v2\/comments?post=20335"}],"version-history":[{"count":15,"href":"https:\/\/nordicebv.info\/da\/wp-json\/wp\/v2\/pages\/20335\/revisions"}],"predecessor-version":[{"id":25065,"href":"https:\/\/nordicebv.info\/da\/wp-json\/wp\/v2\/pages\/20335\/revisions\/25065"}],"wp:attachment":[{"href":"https:\/\/nordicebv.info\/da\/wp-json\/wp\/v2\/media?parent=20335"}],"curies":[{"name":"wp","href":"https:\/\/api.w.org\/{rel}","templated":true}]}}