{"id":19655,"date":"2025-03-05T10:08:05","date_gmt":"2025-03-05T08:08:05","guid":{"rendered":"https:\/\/nordicebv.info\/?page_id=19655"},"modified":"2025-03-05T10:08:05","modified_gmt":"2025-03-05T08:08:05","slug":"genetisk-trend-koedkvaeg","status":"publish","type":"page","link":"https:\/\/nordicebv.info\/da\/kodkvaeg\/genetisk-trend-koedkvaeg\/","title":{"rendered":"Genetisk trend &#8211; k\u00f8dkv\u00e6g"},"content":{"rendered":"<p>P\u00e5 siden <a href=\"https:\/\/nordic.mloy.fi\/NAVTrends\/beef\" target=\"_blank\" rel=\"noopener\">NAV trend \u2013 k\u00f8dkv\u00e6g<\/a> vises den avlsm\u00e6ssige udvikling for k\u00f8dkv\u00e6gsracer. Her kan du hurtigt og nemt f\u00e5 vist grafer, der illustrerer den avlsm\u00e6ssige udvikling (det gennemsnitlige avlsm\u00e6ssige niveau pr. f\u00f8dsels\u00e5r) for delindekserne. Du kan v\u00e6lge at vise udvikling for forskellige racer og samlet for de tre nordiske lande eller hver for sig.<\/p>\n","protected":false},"excerpt":{"rendered":"<p>P\u00e5 siden NAV trend \u2013 k\u00f8dkv\u00e6g vises den avlsm\u00e6ssige udvikling for k\u00f8dkv\u00e6gsracer. Her kan du hurtigt og nemt f\u00e5 vist grafer, der illustrerer den avlsm\u00e6ssige udvikling (det gennemsnitlige avlsm\u00e6ssige niveau pr. f\u00f8dsels\u00e5r) for delindekserne. Du kan v\u00e6lge at vise udvikling for forskellige racer og samlet for de tre nordiske lande eller hver for sig.<\/p>\n","protected":false},"author":6,"featured_media":0,"parent":8170,"menu_order":0,"comment_status":"closed","ping_status":"closed","template":"","meta":{"_exactmetrics_skip_tracking":false,"_exactmetrics_sitenote_active":false,"_exactmetrics_sitenote_note":"","_exactmetrics_sitenote_category":0,"footnotes":""},"class_list":["post-19655","page","type-page","status-publish"],"aioseo_notices":[],"_links":{"self":[{"href":"https:\/\/nordicebv.info\/da\/wp-json\/wp\/v2\/pages\/19655","targetHints":{"allow":["GET"]}}],"collection":[{"href":"https:\/\/nordicebv.info\/da\/wp-json\/wp\/v2\/pages"}],"about":[{"href":"https:\/\/nordicebv.info\/da\/wp-json\/wp\/v2\/types\/page"}],"author":[{"embeddable":true,"href":"https:\/\/nordicebv.info\/da\/wp-json\/wp\/v2\/users\/6"}],"replies":[{"embeddable":true,"href":"https:\/\/nordicebv.info\/da\/wp-json\/wp\/v2\/comments?post=19655"}],"version-history":[{"count":1,"href":"https:\/\/nordicebv.info\/da\/wp-json\/wp\/v2\/pages\/19655\/revisions"}],"predecessor-version":[{"id":19657,"href":"https:\/\/nordicebv.info\/da\/wp-json\/wp\/v2\/pages\/19655\/revisions\/19657"}],"up":[{"embeddable":true,"href":"https:\/\/nordicebv.info\/da\/wp-json\/wp\/v2\/pages\/8170"}],"wp:attachment":[{"href":"https:\/\/nordicebv.info\/da\/wp-json\/wp\/v2\/media?parent=19655"}],"curies":[{"name":"wp","href":"https:\/\/api.w.org\/{rel}","templated":true}]}}