{"id":17711,"date":"2024-09-13T12:36:26","date_gmt":"2024-09-13T09:36:26","guid":{"rendered":"https:\/\/nordicebv.info\/?page_id=17711"},"modified":"2024-09-13T15:19:37","modified_gmt":"2024-09-13T12:19:37","slug":"nordisk-koedkvaeg","status":"publish","type":"page","link":"https:\/\/nordicebv.info\/da\/kodkvaeg\/nordisk-koedkvaeg\/","title":{"rendered":"Nordisk k\u00f8dkv\u00e6g"},"content":{"rendered":"<p>NAV beregner f\u00e6lles avlsv\u00e6rdier for flere k\u00f8dkv\u00e6gsrace p\u00e5 tv\u00e6rs af landene. De fleste af racerne har et aktivt avlsarbejde i alle tre lande, mens andre kun har et aktivt avlsarbejde i Danmark.<\/p>\n<p>I tabellen nedenfor er der en liste over racer, som indg\u00e5r i NAV\u2019s renracede k\u00f8dkv\u00e6gsevaluering, samt antallet af registreret k\u00f8er i hvert land.<\/p>\n\n<table id=\"tablepress-4\" class=\"tablepress tablepress-id-4\">\n<thead>\n<tr class=\"row-1\">\n\t<th class=\"column-1\">Breed\/Race\/Rotu\/Ras<\/th><th class=\"column-2\">DNK<\/th><th class=\"column-3\">FIN<\/th><th class=\"column-4\">SWE<\/th>\n<\/tr>\n<\/thead>\n<tbody class=\"row-striping row-hover\">\n<tr class=\"row-2\">\n\t<td class=\"column-1\">Aberdeen Angus<\/td><td class=\"column-2\">2697<\/td><td class=\"column-3\">2913<\/td><td class=\"column-4\">4154<\/td>\n<\/tr>\n<tr class=\"row-3\">\n\t<td class=\"column-1\">Blonde d\u2019Aquitaine<\/td><td class=\"column-2\">471<\/td><td class=\"column-3\">137<\/td><td class=\"column-4\">664<\/td>\n<\/tr>\n<tr class=\"row-4\">\n\t<td class=\"column-1\">Charolais<\/td><td class=\"column-2\">1082<\/td><td class=\"column-3\">2547<\/td><td class=\"column-4\">7683<\/td>\n<\/tr>\n<tr class=\"row-5\">\n\t<td class=\"column-1\">Hereford<\/td><td class=\"column-2\">3154<\/td><td class=\"column-3\">4404<\/td><td class=\"column-4\">6444<\/td>\n<\/tr>\n<tr class=\"row-6\">\n\t<td class=\"column-1\">Highland Cattle<\/td><td class=\"column-2\">1012<\/td><td class=\"column-3\">576<\/td><td class=\"column-4\">743<\/td>\n<\/tr>\n<tr class=\"row-7\">\n\t<td class=\"column-1\">Limousin<\/td><td class=\"column-2\">5577<\/td><td class=\"column-3\">2424<\/td><td class=\"column-4\">2757<\/td>\n<\/tr>\n<tr class=\"row-8\">\n\t<td class=\"column-1\">Simmental<\/td><td class=\"column-2\">2558<\/td><td class=\"column-3\">2100<\/td><td class=\"column-4\">4992<\/td>\n<\/tr>\n<tr class=\"row-9\">\n\t<td class=\"column-1\">Belgian Blue\/Danish Blue*<\/td><td class=\"column-2\">169<\/td><td class=\"column-3\"><\/td><td class=\"column-4\"><\/td>\n<\/tr>\n<tr class=\"row-10\">\n\t<td class=\"column-1\">Dexter*<\/td><td class=\"column-2\">1019<\/td><td class=\"column-3\"><\/td><td class=\"column-4\">692<\/td>\n<\/tr>\n<tr class=\"row-11\">\n\t<td class=\"column-1\">Galloway*<\/td><td class=\"column-2\">1698<\/td><td class=\"column-3\">28<\/td><td class=\"column-4\">477<\/td>\n<\/tr>\n<tr class=\"row-12\">\n\t<td class=\"column-1\">Grauvieh*<\/td><td class=\"column-2\">231<\/td><td class=\"column-3\"><\/td><td class=\"column-4\"><\/td>\n<\/tr>\n<tr class=\"row-13\">\n\t<td class=\"column-1\">Piemontese*<\/td><td class=\"column-2\">91<\/td><td class=\"column-3\"><\/td><td class=\"column-4\"><\/td>\n<\/tr>\n<tr class=\"row-14\">\n\t<td class=\"column-1\">Salers*<\/td><td class=\"column-2\">78<\/td><td class=\"column-3\"><\/td><td class=\"column-4\"><\/td>\n<\/tr>\n<tr class=\"row-15\">\n\t<td class=\"column-1\">Shorthorn*<\/td><td class=\"column-2\">264<\/td><td class=\"column-3\"><\/td><td class=\"column-4\"><\/td>\n<\/tr>\n<\/tbody>\n<\/table>\n<!-- #tablepress-4 from cache -->\n<p>* NAV&#8217;s avlsv\u00e6rdier for renracet k\u00f8dkv\u00e6g beregnes kun for danske tyre og k\u00f8er.<\/p>\n","protected":false},"excerpt":{"rendered":"<p>NAV beregner f\u00e6lles avlsv\u00e6rdier for flere k\u00f8dkv\u00e6gsrace p\u00e5 tv\u00e6rs af landene. De fleste af racerne har et aktivt avlsarbejde i alle tre lande, mens andre kun har et aktivt avlsarbejde i Danmark. I tabellen nedenfor er der en liste over racer, som indg\u00e5r i NAV\u2019s renracede k\u00f8dkv\u00e6gsevaluering, samt antallet af registreret k\u00f8er i hvert land. &#8230; <a title=\"Nordisk k\u00f8dkv\u00e6g\" class=\"read-more\" href=\"https:\/\/nordicebv.info\/da\/kodkvaeg\/nordisk-koedkvaeg\/\" aria-label=\"Read more about Nordisk k\u00f8dkv\u00e6g\">L\u00e6s Mere<\/a><\/p>\n","protected":false},"author":6,"featured_media":0,"parent":8170,"menu_order":0,"comment_status":"closed","ping_status":"closed","template":"","meta":{"_exactmetrics_skip_tracking":false,"_exactmetrics_sitenote_active":false,"_exactmetrics_sitenote_note":"","_exactmetrics_sitenote_category":0,"footnotes":""},"class_list":["post-17711","page","type-page","status-publish"],"aioseo_notices":[],"_links":{"self":[{"href":"https:\/\/nordicebv.info\/da\/wp-json\/wp\/v2\/pages\/17711","targetHints":{"allow":["GET"]}}],"collection":[{"href":"https:\/\/nordicebv.info\/da\/wp-json\/wp\/v2\/pages"}],"about":[{"href":"https:\/\/nordicebv.info\/da\/wp-json\/wp\/v2\/types\/page"}],"author":[{"embeddable":true,"href":"https:\/\/nordicebv.info\/da\/wp-json\/wp\/v2\/users\/6"}],"replies":[{"embeddable":true,"href":"https:\/\/nordicebv.info\/da\/wp-json\/wp\/v2\/comments?post=17711"}],"version-history":[{"count":4,"href":"https:\/\/nordicebv.info\/da\/wp-json\/wp\/v2\/pages\/17711\/revisions"}],"predecessor-version":[{"id":17725,"href":"https:\/\/nordicebv.info\/da\/wp-json\/wp\/v2\/pages\/17711\/revisions\/17725"}],"up":[{"embeddable":true,"href":"https:\/\/nordicebv.info\/da\/wp-json\/wp\/v2\/pages\/8170"}],"wp:attachment":[{"href":"https:\/\/nordicebv.info\/da\/wp-json\/wp\/v2\/media?parent=17711"}],"curies":[{"name":"wp","href":"https:\/\/api.w.org\/{rel}","templated":true}]}}