{"id":14131,"date":"2022-05-30T12:19:08","date_gmt":"2022-05-30T09:19:08","guid":{"rendered":"https:\/\/nordicebv.info\/?page_id=14131"},"modified":"2025-11-06T14:00:13","modified_gmt":"2025-11-06T12:00:13","slug":"malkekvaegskrydsninger","status":"publish","type":"page","link":"https:\/\/nordicebv.info\/da\/ntm\/malkekvaegskrydsninger\/","title":{"rendered":"Malkekv\u00e6gskrydsninger"},"content":{"rendered":"<div class=\"grid-66 tablet-grid-66 mobile-grid-100 first-column\">\n<h2>Genomiske avlsv\u00e6rdier for malkekv\u00e6gskrydsninger<\/h2>\n<p>Nordiske genomiske avlsv\u00e6rdital for malkekv\u00e6gskrydsninger blev offentliggjort for f\u00f8rste gang i december 2021. NAV beregner genomiske avlsv\u00e6rdital for genomisk testede krydsningsk\u00f8er og -kvier. For at der beregnes avlsv\u00e6rdital kr\u00e6ver det at:<\/p>\n<ul>\n<li>Far til krydsningsdyrene skal v\u00e6re Holstein, Jersey eller RDC<\/li>\n<li>Morfaderen til krydsningsdyrene skal v\u00e6re Holstein, Jersey eller RDC<\/li>\n<\/ul>\n<p>Genomiske avlsv\u00e6rdital beregnes for NTM og alle delindekser i NTM, undtagen ungdyroverlevelse. Desuden beregnes genomiske avlsv\u00e6rdital for m\u00e6lk, fedt, protein og alle eksteri\u00f8regenskaber.<\/p>\n<p><strong>L\u00e6s mere:<\/strong><br \/>\n<a href=\"https:\/\/nordicebv.info\/wp-content\/uploads\/2021\/12\/Genomic-breeding-values-for-DxD_DNK.pdf\">Genomiske avlsv\u00e6rdital for malkekv\u00e6gskrydsninger giver nye muligheder <\/a><\/p>\n<p><a href=\"https:\/\/nordicebv.info\/wp-content\/uploads\/2021\/12\/2021-12-07-Information-NAV-run-December-2021_Final.pdf\">NAV nyhedsbrev December 2021<\/a> (p\u00e5 engelsk)<\/p>\n<\/div>\n<div class=\"grid-33 tablet-grid-33 mobile-grid-100 first-column\"><strong><a href=\"https:\/\/nordicebv.info\/wp-content\/uploads\/2025\/11\/NAV-routine-genetic-evaluation-November-2025.pdf\">NAV routine genetic evaluation of dairy cattle \u2013 data and genetic models<\/a>\u00a0<\/strong>(p\u00e5 engelsk)<\/div>\n","protected":false},"excerpt":{"rendered":"<p>Genomiske avlsv\u00e6rdier for malkekv\u00e6gskrydsninger Nordiske genomiske avlsv\u00e6rdital for malkekv\u00e6gskrydsninger blev offentliggjort for f\u00f8rste gang i december 2021. NAV beregner genomiske avlsv\u00e6rdital for genomisk testede krydsningsk\u00f8er og -kvier. For at der beregnes avlsv\u00e6rdital kr\u00e6ver det at: Far til krydsningsdyrene skal v\u00e6re Holstein, Jersey eller RDC Morfaderen til krydsningsdyrene skal v\u00e6re Holstein, Jersey eller RDC Genomiske avlsv\u00e6rdital &#8230; <a title=\"Malkekv\u00e6gskrydsninger\" class=\"read-more\" href=\"https:\/\/nordicebv.info\/da\/ntm\/malkekvaegskrydsninger\/\" aria-label=\"Read more about Malkekv\u00e6gskrydsninger\">L\u00e6s Mere<\/a><\/p>\n","protected":false},"author":6,"featured_media":0,"parent":9533,"menu_order":0,"comment_status":"closed","ping_status":"closed","template":"","meta":{"_exactmetrics_skip_tracking":false,"_exactmetrics_sitenote_active":false,"_exactmetrics_sitenote_note":"","_exactmetrics_sitenote_category":0,"footnotes":""},"class_list":["post-14131","page","type-page","status-publish"],"aioseo_notices":[],"_links":{"self":[{"href":"https:\/\/nordicebv.info\/da\/wp-json\/wp\/v2\/pages\/14131","targetHints":{"allow":["GET"]}}],"collection":[{"href":"https:\/\/nordicebv.info\/da\/wp-json\/wp\/v2\/pages"}],"about":[{"href":"https:\/\/nordicebv.info\/da\/wp-json\/wp\/v2\/types\/page"}],"author":[{"embeddable":true,"href":"https:\/\/nordicebv.info\/da\/wp-json\/wp\/v2\/users\/6"}],"replies":[{"embeddable":true,"href":"https:\/\/nordicebv.info\/da\/wp-json\/wp\/v2\/comments?post=14131"}],"version-history":[{"count":13,"href":"https:\/\/nordicebv.info\/da\/wp-json\/wp\/v2\/pages\/14131\/revisions"}],"predecessor-version":[{"id":23556,"href":"https:\/\/nordicebv.info\/da\/wp-json\/wp\/v2\/pages\/14131\/revisions\/23556"}],"up":[{"embeddable":true,"href":"https:\/\/nordicebv.info\/da\/wp-json\/wp\/v2\/pages\/9533"}],"wp:attachment":[{"href":"https:\/\/nordicebv.info\/da\/wp-json\/wp\/v2\/media?parent=14131"}],"curies":[{"name":"wp","href":"https:\/\/api.w.org\/{rel}","templated":true}]}}